{"id":9,"date":"2021-08-24T03:09:42","date_gmt":"2021-08-24T03:09:42","guid":{"rendered":"http:\/\/teachable-wp.oesc-cseo.org\/?page_id=9"},"modified":"2023-09-20T17:40:19","modified_gmt":"2023-09-20T21:40:19","slug":"9-2","status":"publish","type":"page","link":"https:\/\/theteachableproject.org\/fr-ca\/","title":{"rendered":"Accueil"},"content":{"rendered":"<p>[et_pb_section fb_built=&#8221;1&#8243; admin_label=&#8221;Feature&#8221; _builder_version=&#8221;4.8.2&#8243; _module_preset=&#8221;default&#8221; custom_padding=&#8221;6px||10px|||&#8221; global_colors_info=&#8221;{}&#8221;][et_pb_row custom_padding_last_edited=&#8221;on|phone&#8221; module_id=&#8221;main_text&#8221; _builder_version=&#8221;4.10.7&#8243; _module_preset=&#8221;default&#8221; background_image=&#8221;https:\/\/theteachableproject.org\/wp-content\/uploads\/2021\/08\/home_hero-image.png&#8221; background_size=&#8221;contain&#8221; background_position=&#8221;top_center&#8221; width=&#8221;auto&#8221; min_height=&#8221;245px&#8221; custom_margin=&#8221;|auto|3px|auto||&#8221; custom_padding=&#8221;334px||0px|||&#8221; custom_padding_tablet=&#8221;265px|45px|0px||false|false&#8221; custom_padding_phone=&#8221;209px||0px||false|false&#8221; hover_enabled=&#8221;0&#8243; border_radii=&#8221;on|5px|5px|5px|5px&#8221; locked=&#8221;off&#8221; global_colors_info=&#8221;{}&#8221; alt=&#8221;home hero image&#8221; title_text=&#8221;home_hero-image&#8221; sticky_enabled=&#8221;0&#8243;][et_pb_column type=&#8221;4_4&#8243; _builder_version=&#8221;4.9.11&#8243; _module_preset=&#8221;default&#8221; global_colors_info=&#8221;{}&#8221;][et_pb_text _builder_version=&#8221;4.9.11&#8243; _module_preset=&#8221;default&#8221; text_text_color=&#8221;#000000&#8243; header_2_font=&#8221;||||||||&#8221; header_2_text_align=&#8221;left&#8221; header_2_font_size=&#8221;30px&#8221; background_color=&#8221;#FFFFFF&#8221; width=&#8221;50%&#8221; width_tablet=&#8221;80%&#8221; width_phone=&#8221;100%&#8221; width_last_edited=&#8221;on|phone&#8221; max_width_tablet=&#8221;&#8221; max_width_phone=&#8221;&#8221; max_width_last_edited=&#8221;on|desktop&#8221; min_height_tablet=&#8221;&#8221; min_height_phone=&#8221;&#8221; min_height_last_edited=&#8221;on|phone&#8221; custom_margin=&#8221;15px|326px|-14px|326px|false|true&#8221; custom_margin_tablet=&#8221;-114px|51px|-14px|51px|false|true&#8221; custom_margin_phone=&#8221;-114px|23px|-14px|23px|false|true&#8221; custom_margin_last_edited=&#8221;on|desktop&#8221; custom_padding=&#8221;12px|19px|22px|19px|false|true&#8221; custom_padding_tablet=&#8221;12px|15px|22px|15px|false|true&#8221; custom_padding_phone=&#8221;12px|12px|14px|12px|false|true&#8221; custom_padding_last_edited=&#8221;on|desktop&#8221; border_radii=&#8221;off|5px|5px||&#8221; global_colors_info=&#8221;{}&#8221; width__hover_enabled=&#8221;on|desktop&#8221;]<\/p>\n<h1 id=\"greetings\"><\/h1>\n<p><span>Bienvenue sur le site web du Projet FormAcc\u00e8s. Les \u00e9coles ouvrent la voie \u00e0 l\u2019\u00e9ducation du caract\u00e8re, \u00e0 l\u2019\u00e9quit\u00e9, \u00e0 l\u2019inclusion et \u00e0 des environnements s\u00fbrs et bienveillants, qui sont importants pour la r\u00e9ussite des \u00e9l\u00e8ves. L\u2019accessibilit\u00e9 est une partie essentielle de ce continuum de r\u00e9ussite des \u00e9l\u00e8ves. Nous sommes heureux d\u2019offrir une formation sur l\u2019accessibilit\u00e9 au personnel en classe et de fournir un soutien continu au monde de la sensibilisation \u00e0 l\u2019accessibilit\u00e9.<\/span><\/p>\n<p>[\/et_pb_text][et_pb_code _builder_version=&#8221;4.10.7&#8243; _module_preset=&#8221;default&#8221; global_colors_info=&#8221;{}&#8221;]<script><!-- [et_pb_line_break_holder] -->  jQuery(function($) {<!-- [et_pb_line_break_holder] -->    var lang = document.documentElement.lang;<!-- [et_pb_line_break_holder] -->    var h = new Date().getHours();<!-- [et_pb_line_break_holder] -->    var msg = \"\";<!-- [et_pb_line_break_holder] -->    if (lang.indexOf('fr') >= 0) {<!-- [et_pb_line_break_holder] -->        msg = \"Bonjour\";<!-- [et_pb_line_break_holder] -->    } else {<!-- [et_pb_line_break_holder] -->      if (h > 11 && h < 17) {<!-- [et_pb_line_break_holder] -->        msg = \"Good Afternoon\";<!-- [et_pb_line_break_holder] -->      } else if (h > 16 && h <= 23) {<!-- [et_pb_line_break_holder] -->        msg = \"Good Evening\";<!-- [et_pb_line_break_holder] -->      } else {<!-- [et_pb_line_break_holder] -->        msg = \"Good Morning\";<!-- [et_pb_line_break_holder] -->      }<!-- [et_pb_line_break_holder] -->    }<!-- [et_pb_line_break_holder] -->    $('#greetings').text(msg);<!-- [et_pb_line_break_holder] -->  });<!-- [et_pb_line_break_holder] --><\/script>[\/et_pb_code][\/et_pb_column][\/et_pb_row][et_pb_row custom_padding_last_edited=&#8221;on|phone&#8221; _builder_version=&#8221;4.9.11&#8243; _module_preset=&#8221;default&#8221; width=&#8221;auto&#8221; min_height=&#8221;128px&#8221; custom_margin=&#8221;7px|auto|2px|auto||&#8221; custom_padding=&#8221;13px||0px|||&#8221; custom_padding_tablet=&#8221;||0px||false|false&#8221; custom_padding_phone=&#8221;&#8221; locked=&#8221;off&#8221; global_colors_info=&#8221;{}&#8221;][et_pb_column type=&#8221;4_4&#8243; _builder_version=&#8221;4.9.11&#8243; _module_preset=&#8221;default&#8221; global_colors_info=&#8221;{}&#8221;][et_pb_text _builder_version=&#8221;4.9.11&#8243; _module_preset=&#8221;default&#8221; text_text_color=&#8221;#000000&#8243; header_font_size=&#8221;8px&#8221; header_2_font=&#8221;||||||||&#8221; header_2_text_align=&#8221;left&#8221; header_2_font_size=&#8221;30px&#8221; min_height=&#8221;49px&#8221; custom_margin=&#8221;-3px|0px||0px|false|true&#8221; custom_margin_tablet=&#8221;0px||0px||false|true&#8221; custom_margin_phone=&#8221;&#8221; custom_margin_last_edited=&#8221;on|phone&#8221; custom_padding=&#8221;0px|0px||0px|false|true&#8221; text_font_size_tablet=&#8221;&#8221; text_font_size_phone=&#8221;22px&#8221; text_font_size_last_edited=&#8221;on|desktop&#8221; header_2_font_size_tablet=&#8221;22px&#8221; header_2_font_size_phone=&#8221;16px&#8221; header_2_font_size_last_edited=&#8221;on|phone&#8221; global_colors_info=&#8221;{}&#8221;]<\/p>\n<h2>POUR LA PLEINE MESURE<\/h2>\n<p>[\/et_pb_text][et_pb_text _builder_version=&#8221;4.9.11&#8243; _module_preset=&#8221;default&#8221; text_text_color=&#8221;#000000&#8243; global_colors_info=&#8221;{}&#8221;]<\/p>\n<p><em>L\u2019Ontario est la premi\u00e8re province et l\u2019une des premi\u00e8res administrations au monde \u00e0 adopter une loi sp\u00e9cifique \u00e9tablissant un objectif et un calendrier d\u2019accessibilit\u00e9. Nous vous invitons \u00e0 vous impliquer, \u00e0 partager vos histoires et \u00e0 promouvoir le succ\u00e8s de l\u2019accessibilit\u00e9 dans les \u00e9coles de l\u2019Ontario.<\/em><\/p>\n<p>[\/et_pb_text][\/et_pb_column][\/et_pb_row][et_pb_row custom_padding_last_edited=&#8221;on|phone&#8221; module_class=&#8221;en-only-video&#8221; _builder_version=&#8221;4.9.11&#8243; _module_preset=&#8221;default&#8221; background_color=&#8221;#000000&#8243; width=&#8221;auto&#8221; overflow-x=&#8221;visible&#8221; overflow-y=&#8221;visible&#8221; custom_margin=&#8221;5px|73px||73px|false|true&#8221; custom_margin_tablet=&#8221;|0px||0px|false|true&#8221; custom_margin_phone=&#8221;&#8221; custom_margin_last_edited=&#8221;on|desktop&#8221; custom_padding=&#8221;8px||8px||true|false&#8221; custom_padding_tablet=&#8221;0px||0px||true|false&#8221; custom_padding_phone=&#8221;&#8221; border_radii=&#8221;on|6px|6px|6px|6px&#8221; locked=&#8221;off&#8221; global_colors_info=&#8221;{}&#8221;][et_pb_column type=&#8221;4_4&#8243; _builder_version=&#8221;4.9.11&#8243; _module_preset=&#8221;default&#8221; global_colors_info=&#8221;{}&#8221;][et_pb_video src=&#8221;http:\/\/theteachableproject.org\/wp-content\/uploads\/2021\/08\/By Any Measure.mp4&#8243; image_src=&#8221;http:\/\/theteachableproject.org\/wp-content\/uploads\/2021\/08\/tp_2017_thumb_byanymeasure.jpg&#8221; play_icon_color=&#8221;#ffffff&#8221; use_icon_font_size=&#8221;on&#8221; icon_font_size=&#8221;109px&#8221; thumbnail_overlay_color=&#8221;rgba(255,255,255,0.6)&#8221; _builder_version=&#8221;4.9.11&#8243; _module_preset=&#8221;default&#8221; max_width=&#8221;580px&#8221; max_width_tablet=&#8221;&#8221; max_width_phone=&#8221;&#8221; max_width_last_edited=&#8221;on|desktop&#8221; module_alignment=&#8221;center&#8221; max_height=&#8221;320px&#8221; max_height_tablet=&#8221;&#8221; max_height_phone=&#8221;&#8221; max_height_last_edited=&#8221;on|desktop&#8221; custom_margin=&#8221;auto|-5px|auto|-5px|true|true&#8221; custom_margin_tablet=&#8221;&#8221; custom_margin_phone=&#8221;&#8221; custom_margin_last_edited=&#8221;on|desktop&#8221; border_radii=&#8221;on|10px|10px|10px|10px&#8221; border_width_all=&#8221;2px&#8221; box_shadow_style=&#8221;preset6&#8243; global_colors_info=&#8221;{}&#8221;][\/et_pb_video][\/et_pb_column][\/et_pb_row][et_pb_row custom_padding_last_edited=&#8221;on|phone&#8221; module_class=&#8221;fr-only-video&#8221; _builder_version=&#8221;4.9.11&#8243; _module_preset=&#8221;default&#8221; background_color=&#8221;#000000&#8243; width=&#8221;auto&#8221; overflow-x=&#8221;visible&#8221; overflow-y=&#8221;visible&#8221; custom_margin=&#8221;5px|73px||73px|false|true&#8221; custom_margin_tablet=&#8221;|0px||0px|false|true&#8221; custom_margin_phone=&#8221;&#8221; custom_margin_last_edited=&#8221;on|desktop&#8221; custom_padding=&#8221;8px||8px||true|false&#8221; custom_padding_tablet=&#8221;0px||0px||true|false&#8221; custom_padding_phone=&#8221;&#8221; custom_css_main_element=&#8221;display:none;&#8221; border_radii=&#8221;on|6px|6px|6px|6px&#8221; locked=&#8221;off&#8221; global_colors_info=&#8221;{}&#8221;][et_pb_column type=&#8221;4_4&#8243; _builder_version=&#8221;4.9.11&#8243; _module_preset=&#8221;default&#8221; global_colors_info=&#8221;{}&#8221;][et_pb_video src=&#8221;http:\/\/theteachableproject.org\/wp-content\/uploads\/2021\/08\/Pour la pleine mesure.mp4&#8243; image_src=&#8221;http:\/\/theteachableproject.org\/wp-content\/uploads\/2021\/08\/tp_2017_thumb_mesure.jpg&#8221; play_icon_color=&#8221;#ffffff&#8221; use_icon_font_size=&#8221;on&#8221; icon_font_size=&#8221;101px&#8221; thumbnail_overlay_color=&#8221;rgba(255,255,255,0.6)&#8221; module_class=&#8221;accessible &#8221; _builder_version=&#8221;4.9.11&#8243; _module_preset=&#8221;default&#8221; max_width=&#8221;580px&#8221; max_width_tablet=&#8221;&#8221; max_width_phone=&#8221;&#8221; max_width_last_edited=&#8221;on|desktop&#8221; module_alignment=&#8221;center&#8221; max_height=&#8221;320px&#8221; max_height_tablet=&#8221;&#8221; max_height_phone=&#8221;&#8221; max_height_last_edited=&#8221;on|desktop&#8221; custom_margin=&#8221;auto|-5px|auto|-5px|true|true&#8221; custom_margin_tablet=&#8221;&#8221; custom_margin_phone=&#8221;&#8221; custom_margin_last_edited=&#8221;on|desktop&#8221; border_radii=&#8221;on|10px|10px|10px|10px&#8221; border_width_all=&#8221;2px&#8221; box_shadow_style=&#8221;preset6&#8243; global_colors_info=&#8221;{}&#8221;][\/et_pb_video][\/et_pb_column][\/et_pb_row][\/et_pb_section][et_pb_section fb_built=&#8221;1&#8243; custom_padding_last_edited=&#8221;on|phone&#8221; admin_label=&#8221;Resources&#8221; _builder_version=&#8221;4.9.11&#8243; _module_preset=&#8221;default&#8221; background_image=&#8221;http:\/\/theteachableproject.org\/wp-content\/uploads\/2021\/08\/online-classroom-20-1.jpg&#8221; parallax=&#8221;on&#8221; min_height=&#8221;668.9px&#8221; custom_margin=&#8221;37px||0px||false|false&#8221; custom_padding=&#8221;0vw|15px|32px||false|false&#8221; custom_padding_tablet=&#8221;&#8221; custom_padding_phone=&#8221;||62px||false|false&#8221; global_colors_info=&#8221;{}&#8221;][et_pb_row _builder_version=&#8221;4.9.0&#8243; _module_preset=&#8221;default&#8221; max_width=&#8221;700px&#8221; custom_margin=&#8221;-29px|auto||auto|false|false&#8221; global_colors_info=&#8221;{}&#8221;][et_pb_column type=&#8221;4_4&#8243; _builder_version=&#8221;4.8.2&#8243; _module_preset=&#8221;default&#8221; global_colors_info=&#8221;{}&#8221;][et_pb_text _builder_version=&#8221;4.9.11&#8243; _module_preset=&#8221;a14a3070-0f27-4166-b303-92f53a7af324&#8243; header_2_font=&#8221;||||||||&#8221; header_2_text_align=&#8221;left&#8221; header_2_font_size=&#8221;30px&#8221; background_color=&#8221;#FFFFFF&#8221; custom_margin=&#8221;0px|0px||0px|false|true&#8221; custom_margin_tablet=&#8221;&#8221; custom_margin_phone=&#8221;-24px|0px|15px|0px|false|true&#8221; custom_margin_last_edited=&#8221;on|desktop&#8221; custom_padding=&#8221;0px|0px||0px|false|true&#8221; border_radii=&#8221;off|5px|5px||&#8221; locked=&#8221;off&#8221; global_colors_info=&#8221;{}&#8221;]<\/p>\n<h2 style=\"text-align: center;\">SOMMAIRE DES CONTENUS<\/h2>\n<p>[\/et_pb_text][et_pb_image src=&#8221;http:\/\/theteachableproject.org\/wp-content\/uploads\/2021\/08\/online-classroom-16.png&#8221; align=&#8221;center&#8221; _builder_version=&#8221;4.10.7&#8243; _module_preset=&#8221;default&#8221; custom_margin=&#8221;||7px||false|false&#8221; locked=&#8221;off&#8221; global_colors_info=&#8221;{}&#8221;][\/et_pb_image][\/et_pb_column][\/et_pb_row][et_pb_row column_structure=&#8221;1_4,1_4,1_4,1_4&#8243; use_custom_gutter=&#8221;on&#8221; gutter_width=&#8221;2&#8243; make_equal=&#8221;on&#8221; custom_padding_last_edited=&#8221;on|tablet&#8221; module_id=&#8221;highlights&#8221; _builder_version=&#8221;4.9.11&#8243; _module_preset=&#8221;default&#8221; background_enable_image=&#8221;off&#8221; max_width=&#8221;1200px&#8221; custom_margin=&#8221;-53px|auto|-33px|auto|false|false&#8221; custom_margin_tablet=&#8221;||||false|false&#8221; custom_margin_last_edited=&#8221;off|tablet&#8221; custom_padding=&#8221;|10px||10px|false|true&#8221; custom_padding_tablet=&#8221;|0px|30px|0px|false|true&#8221; custom_padding_phone=&#8221;0px|0px|0px|0px|false|true&#8221; global_colors_info=&#8221;{}&#8221;][et_pb_column type=&#8221;1_4&#8243; _builder_version=&#8221;4.9.0&#8243; _module_preset=&#8221;default&#8221; background_color=&#8221;#FFFFFF&#8221; custom_padding=&#8221;40px|20px|40px|20px|true|true&#8221; link_option_url=&#8221;#&#8221; global_colors_info=&#8221;{}&#8221;][et_pb_code _builder_version=&#8221;4.10.7&#8243; _module_preset=&#8221;default&#8221; background_enable_image=&#8221;off&#8221; min_height=&#8221;407px&#8221; custom_margin=&#8221;-30px|||||&#8221; global_colors_info=&#8221;{}&#8221;]<a href=\"https:\/\/theteachableproject.org\/fr-ca\/resources\/access-to-success\/\" title=\"Acc\u00e8s au succ\u00e8s\" class=\"keyboard-outline\"><!-- [et_pb_line_break_holder] -->            <\/p>\n<figure><img decoding=\"async\" src=\"\/wp-content\/uploads\/2021\/09\/icon_prof_development.png\" alt=\"Access to Success section icon\"><\/figure>\n<p><!-- [et_pb_line_break_holder] -->            <\/p>\n<div class=\"title\">Acc\u00e8s au succ\u00e8s<\/div>\n<p><!-- [et_pb_line_break_holder] -->            <pee>Vous trouverez une gamme de formats et d\u2019outils d\u2019apprentissage professionnel qui sensibiliseront le personnel de l\u2019\u00e9cole et du conseil \u00e0 l\u2019accessibilit\u00e9.<\/pee><\/a>[\/et_pb_code][\/et_pb_column][et_pb_column type=&#8221;1_4&#8243; _builder_version=&#8221;4.9.0&#8243; _module_preset=&#8221;default&#8221; background_color=&#8221;#FFFFFF&#8221; custom_padding=&#8221;40px|20px|40px|20px|true|true&#8221; link_option_url=&#8221;#&#8221; global_colors_info=&#8221;{}&#8221;][et_pb_code _builder_version=&#8221;4.10.7&#8243; _module_preset=&#8221;default&#8221; background_enable_image=&#8221;off&#8221; custom_margin=&#8221;-32px|||||&#8221; locked=&#8221;off&#8221; global_colors_info=&#8221;{}&#8221;]<a href=\"https:\/\/theteachableproject.org\/fr-ca\/resources\/accessibility\/\" title=\"Accessibilit\u00e9+\"><!-- [et_pb_line_break_holder] -->            <\/p>\n<figure><img decoding=\"async\" src=\"\/wp-content\/uploads\/2021\/09\/icon_teacher_rsrc.png\" alt=\"Accessibility+ section icon\"><\/figure>\n<p><!-- [et_pb_line_break_holder] -->            <\/p>\n<div class=\"title\">Accessibilit\u00e9+<\/div>\n<p><!-- [et_pb_line_break_holder] -->            <pee>O\u00f9 aller chercher de l\u2019information sur l\u2019accessibilit\u00e9? Ici! Une liste bien organis\u00e9e de ressources Web, d\u2019organismes communautaires, de documents de recherche, de litt\u00e9rature jeunesse et bien plus est \u00e0 port\u00e9e de main.<\/pee><\/a>[\/et_pb_code][\/et_pb_column][et_pb_column type=&#8221;1_4&#8243; _builder_version=&#8221;4.9.0&#8243; _module_preset=&#8221;default&#8221; background_color=&#8221;#FFFFFF&#8221; custom_padding=&#8221;40px|20px|40px|20px|true|true&#8221; link_option_url=&#8221;#&#8221; global_colors_info=&#8221;{}&#8221;][et_pb_code _builder_version=&#8221;4.9.11&#8243; _module_preset=&#8221;default&#8221; background_enable_image=&#8221;off&#8221; text_orientation=&#8221;left&#8221; custom_margin=&#8221;-31px|||||&#8221; locked=&#8221;off&#8221; global_colors_info=&#8221;{}&#8221;]<a href=\"https:\/\/theteachableproject.org\/fr-ca\/introduction\/\" title=\"Introduction\"><!-- [et_pb_line_break_holder] -->            <\/p>\n<figure><img decoding=\"async\" src=\"\/wp-content\/uploads\/2021\/09\/icon_introduction.png\" alt=\"Introduction section icon\"><\/figure>\n<p><!-- [et_pb_line_break_holder] -->            <\/p>\n<div class=\"title\">Introduction<\/div>\n<p><!-- [et_pb_line_break_holder] -->            <pee>Nous vous invitons \u00e0 voir notre introduction au monde de la sensibilisation \u00e0 l\u2019accessibilit\u00e9 et \u00e0 vous inspirer des paroles de l\u2019honorable David C. Onley, 28<sup>e<\/sup> lieutenant-gouverneur de l\u2019Ontario<\/pee><\/a>[\/et_pb_code][\/et_pb_column][et_pb_column type=&#8221;1_4&#8243; _builder_version=&#8221;4.9.0&#8243; _module_preset=&#8221;default&#8221; background_color=&#8221;#FFFFFF&#8221; custom_padding=&#8221;40px|10px|40px|10px|true|true&#8221; link_option_url=&#8221;#&#8221; global_colors_info=&#8221;{}&#8221;][et_pb_code module_class=&#8221;lesson_plan&#8221; _builder_version=&#8221;4.9.11&#8243; _module_preset=&#8221;default&#8221; background_enable_image=&#8221;off&#8221; custom_margin=&#8221;-34px|||||&#8221; custom_padding=&#8221;0px|||||&#8221; locked=&#8221;off&#8221; global_colors_info=&#8221;{}&#8221;]<a href=\"https:\/\/theteachableproject.org\/fr-ca\/lesson-plans\/\" title=\"Plans de le\u00e7ons\"><!-- [et_pb_line_break_holder] -->            <\/p>\n<figure><img decoding=\"async\" src=\"\/wp-content\/uploads\/2021\/09\/icon_lessons.png\" alt=\"Lesson Plans section icon\"><\/figure>\n<p><!-- [et_pb_line_break_holder] -->            <\/p>\n<div class=\"title\">Plans de le\u00e7ons<\/div>\n<p><!-- [et_pb_line_break_holder] -->            <pee>Plans de le\u00e7on types qui aideront les enseignants et les autres membres du personnel en classe \u00e0 int\u00e9grer les questions d\u2019accessibilit\u00e9 dans l\u2019apprentissage quotidien des \u00e9l\u00e8ves.<\/pee><\/a>[\/et_pb_code][\/et_pb_column][\/et_pb_row][\/et_pb_section]<\/p>","protected":false},"excerpt":{"rendered":"<p>Welcome to the TeachAble Project website. Schools lead the way in character education, equity and inclusion and safe and caring environments which are important supports for student achievement. Accessibility is a vital part of this student success continuum. We are pleased to offer accessibility training for classroom staff and provide ongoing support to the world [&hellip;]<\/p>","protected":false},"author":1,"featured_media":0,"parent":0,"menu_order":0,"comment_status":"closed","ping_status":"closed","template":"","meta":{"_et_pb_use_builder":"on","_et_pb_old_content":"","_et_gb_content_width":"","footnotes":""},"wf_page_folders":[6],"class_list":["post-9","page","type-page","status-publish","hentry"],"yoast_head":"<!-- This site is optimized with the Yoast SEO plugin v22.0 - https:\/\/yoast.com\/wordpress\/plugins\/seo\/ -->\n<title>Home - The Teachable Project<\/title>\n<meta name=\"robots\" content=\"index, follow, max-snippet:-1, max-image-preview:large, max-video-preview:-1\" \/>\n<link rel=\"canonical\" href=\"https:\/\/theteachableproject.org\/fr-ca\/\" \/>\n<meta property=\"og:locale\" content=\"fr_CA\" \/>\n<meta property=\"og:type\" content=\"article\" \/>\n<meta property=\"og:title\" content=\"Home - The Teachable Project\" \/>\n<meta property=\"og:description\" content=\"Welcome to the TeachAble Project website. Schools lead the way in character education, equity and inclusion and safe and caring environments which are important supports for student achievement. Accessibility is a vital part of this student success continuum. We are pleased to offer accessibility training for classroom staff and provide ongoing support to the world [&hellip;]\" \/>\n<meta property=\"og:url\" content=\"https:\/\/theteachableproject.org\/fr-ca\/\" \/>\n<meta property=\"og:site_name\" content=\"The Teachable Project\" \/>\n<meta property=\"article:modified_time\" content=\"2023-09-20T21:40:19+00:00\" \/>\n<meta name=\"twitter:card\" content=\"summary_large_image\" \/>\n<meta name=\"twitter:label1\" content=\"Estimation du temps de lecture\" \/>\n\t<meta name=\"twitter:data1\" content=\"4 minutes\" \/>\n<script type=\"application\/ld+json\" class=\"yoast-schema-graph\">{\"@context\":\"https:\/\/schema.org\",\"@graph\":[{\"@type\":\"WebPage\",\"@id\":\"https:\/\/theteachableproject.org\/fr-ca\/\",\"url\":\"https:\/\/theteachableproject.org\/fr-ca\/\",\"name\":\"Home - The Teachable Project\",\"isPartOf\":{\"@id\":\"https:\/\/theteachableproject.org\/fr-ca\/#website\"},\"datePublished\":\"2021-08-24T03:09:42+00:00\",\"dateModified\":\"2023-09-20T21:40:19+00:00\",\"breadcrumb\":{\"@id\":\"https:\/\/theteachableproject.org\/fr-ca\/#breadcrumb\"},\"inLanguage\":\"fr-CA\",\"potentialAction\":[{\"@type\":\"ReadAction\",\"target\":[\"https:\/\/theteachableproject.org\/fr-ca\/\"]}]},{\"@type\":\"BreadcrumbList\",\"@id\":\"https:\/\/theteachableproject.org\/fr-ca\/#breadcrumb\",\"itemListElement\":[{\"@type\":\"ListItem\",\"position\":1,\"name\":\"Home\",\"item\":\"https:\/\/theteachableproject.org\/fr-ca\/\"},{\"@type\":\"ListItem\",\"position\":2,\"name\":\"Home\"}]},{\"@type\":\"WebSite\",\"@id\":\"https:\/\/theteachableproject.org\/fr-ca\/#website\",\"url\":\"https:\/\/theteachableproject.org\/fr-ca\/\",\"name\":\"The Teachable Project\",\"description\":\"The Teachable Project\",\"potentialAction\":[{\"@type\":\"SearchAction\",\"target\":{\"@type\":\"EntryPoint\",\"urlTemplate\":\"https:\/\/theteachableproject.org\/fr-ca\/?s={search_term_string}\"},\"query-input\":\"required name=search_term_string\"}],\"inLanguage\":\"fr-CA\"}]}<\/script>\n<!-- \/ Yoast SEO plugin. -->","yoast_head_json":{"title":"Home - The Teachable Project","robots":{"index":"index","follow":"follow","max-snippet":"max-snippet:-1","max-image-preview":"max-image-preview:large","max-video-preview":"max-video-preview:-1"},"canonical":"https:\/\/theteachableproject.org\/fr-ca\/","og_locale":"fr_CA","og_type":"article","og_title":"Home - The Teachable Project","og_description":"Welcome to the TeachAble Project website. Schools lead the way in character education, equity and inclusion and safe and caring environments which are important supports for student achievement. Accessibility is a vital part of this student success continuum. We are pleased to offer accessibility training for classroom staff and provide ongoing support to the world [&hellip;]","og_url":"https:\/\/theteachableproject.org\/fr-ca\/","og_site_name":"The Teachable Project","article_modified_time":"2023-09-20T21:40:19+00:00","twitter_card":"summary_large_image","twitter_misc":{"Estimation du temps de lecture":"4 minutes"},"schema":{"@context":"https:\/\/schema.org","@graph":[{"@type":"WebPage","@id":"https:\/\/theteachableproject.org\/fr-ca\/","url":"https:\/\/theteachableproject.org\/fr-ca\/","name":"Home - The Teachable Project","isPartOf":{"@id":"https:\/\/theteachableproject.org\/fr-ca\/#website"},"datePublished":"2021-08-24T03:09:42+00:00","dateModified":"2023-09-20T21:40:19+00:00","breadcrumb":{"@id":"https:\/\/theteachableproject.org\/fr-ca\/#breadcrumb"},"inLanguage":"fr-CA","potentialAction":[{"@type":"ReadAction","target":["https:\/\/theteachableproject.org\/fr-ca\/"]}]},{"@type":"BreadcrumbList","@id":"https:\/\/theteachableproject.org\/fr-ca\/#breadcrumb","itemListElement":[{"@type":"ListItem","position":1,"name":"Home","item":"https:\/\/theteachableproject.org\/fr-ca\/"},{"@type":"ListItem","position":2,"name":"Home"}]},{"@type":"WebSite","@id":"https:\/\/theteachableproject.org\/fr-ca\/#website","url":"https:\/\/theteachableproject.org\/fr-ca\/","name":"The Teachable Project","description":"The Teachable Project","potentialAction":[{"@type":"SearchAction","target":{"@type":"EntryPoint","urlTemplate":"https:\/\/theteachableproject.org\/fr-ca\/?s={search_term_string}"},"query-input":"required name=search_term_string"}],"inLanguage":"fr-CA"}]}},"_links":{"self":[{"href":"https:\/\/theteachableproject.org\/fr-ca\/wp-json\/wp\/v2\/pages\/9"}],"collection":[{"href":"https:\/\/theteachableproject.org\/fr-ca\/wp-json\/wp\/v2\/pages"}],"about":[{"href":"https:\/\/theteachableproject.org\/fr-ca\/wp-json\/wp\/v2\/types\/page"}],"author":[{"embeddable":true,"href":"https:\/\/theteachableproject.org\/fr-ca\/wp-json\/wp\/v2\/users\/1"}],"replies":[{"embeddable":true,"href":"https:\/\/theteachableproject.org\/fr-ca\/wp-json\/wp\/v2\/comments?post=9"}],"version-history":[{"count":0,"href":"https:\/\/theteachableproject.org\/fr-ca\/wp-json\/wp\/v2\/pages\/9\/revisions"}],"wp:attachment":[{"href":"https:\/\/theteachableproject.org\/fr-ca\/wp-json\/wp\/v2\/media?parent=9"}],"wp:term":[{"taxonomy":"wf_page_folders","embeddable":true,"href":"https:\/\/theteachableproject.org\/fr-ca\/wp-json\/wp\/v2\/wf_page_folders?post=9"}],"curies":[{"name":"wp","href":"https:\/\/api.w.org\/{rel}","templated":true}]}}