{"id":2682,"date":"2021-09-09T14:57:44","date_gmt":"2021-09-09T18:57:44","guid":{"rendered":"https:\/\/teachable-wp.oesc-cseo.org\/?page_id=2682"},"modified":"2021-11-03T12:19:15","modified_gmt":"2021-11-03T16:19:15","slug":"associations-communantaires","status":"publish","type":"page","link":"https:\/\/theteachableproject.org\/fr-ca\/resources\/accessibility\/associations-communantaires\/","title":{"rendered":"Associations Communautaires"},"content":{"rendered":"[et_pb_section fb_built=&#8221;1&#8243; specialty=&#8221;on&#8221; padding_top_bottom_link_1=&#8221;false&#8221; padding_left_right_link_1=&#8221;false&#8221; module_class=&#8221;ttp-lp-sidebar&#8221; _builder_version=&#8221;4.9.11&#8243; _module_preset=&#8221;default&#8221; width=&#8221;100%&#8221; inner_width=&#8221;100%&#8221; locked=&#8221;off&#8221; global_colors_info=&#8221;{}&#8221;][et_pb_column type=&#8221;1_4&#8243; _builder_version=&#8221;3.25&#8243; custom_padding=&#8221;|||&#8221; global_colors_info=&#8221;{}&#8221; custom_padding__hover=&#8221;|||&#8221;][et_pb_text _builder_version=&#8221;4.9.11&#8243; _module_preset=&#8221;default&#8221; custom_css_before=&#8221;content: &#8216;\u261a&#8217;;||position: absolute;||margin-left: -20px;&#8221; custom_css_main_element=&#8221;margin-left: 20px;&#8221; global_colors_info=&#8221;{}&#8221;]<p><a href=\"https:\/\/theteachableproject.org\/fr-ca\/resources\/accessibility\/\" title=\"Back to Accessibility+\">Accessibilit\u00e9+<\/a><\/p>[\/et_pb_text][et_pb_text module_id=&#8221;toc&#8221; _builder_version=&#8221;4.9.11&#8243; _module_preset=&#8221;default&#8221; header_font=&#8221;|700||on|||||&#8221; header_font_size=&#8221;38px&#8221; header_2_font=&#8221;|600|||||||&#8221; header_2_text_align=&#8221;left&#8221; header_2_font_size=&#8221;34px&#8221; header_3_font=&#8221;|600|||||||&#8221; header_3_font_size=&#8221;30px&#8221; header_4_font=&#8221;|600|||||||&#8221; header_4_font_size=&#8221;26px&#8221; header_5_font=&#8221;|600|||||||&#8221; header_5_font_size=&#8221;22px&#8221; header_6_font=&#8221;|600|||||||&#8221; header_6_font_size=&#8221;20px&#8221; custom_margin=&#8221;15px|0px||0px|false|true&#8221; custom_margin_tablet=&#8221;0px||0px||false|true&#8221; custom_margin_phone=&#8221;&#8221; custom_margin_last_edited=&#8221;on|phone&#8221; custom_padding=&#8221;|0px||0px|false|true&#8221; text_font_size_tablet=&#8221;&#8221; text_font_size_phone=&#8221;22px&#8221; text_font_size_last_edited=&#8221;on|desktop&#8221; header_2_font_size_tablet=&#8221;22px&#8221; header_2_font_size_phone=&#8221;16px&#8221; header_2_font_size_last_edited=&#8221;on|phone&#8221; global_colors_info=&#8221;{}&#8221;]<h2 style=\"text-align: left;\">Navigation<\/h2>\n<p style=\"text-align: right;\"><strong>Pr\u00e9c\u00e9dent<\/strong>\n<a href=\"\/fr-ca\/resources\/accessibility\/pour-les-enseignants-et-enseignantes-parents-et-intervenants\/\">Pour les enseignants et enseignantes, parents et intervenants <\/a><\/p>[\/et_pb_text][\/et_pb_column][et_pb_column type=&#8221;3_4&#8243; specialty_columns=&#8221;3&#8243; _builder_version=&#8221;3.25&#8243; custom_padding=&#8221;|||&#8221; global_colors_info=&#8221;{}&#8221; custom_padding__hover=&#8221;|||&#8221;][et_pb_row_inner _builder_version=&#8221;4.9.11&#8243; _module_preset=&#8221;default&#8221; global_colors_info=&#8221;{}&#8221;][et_pb_column_inner saved_specialty_column_type=&#8221;3_4&#8243; _builder_version=&#8221;4.9.11&#8243; _module_preset=&#8221;default&#8221; global_colors_info=&#8221;{}&#8221;][et_pb_post_title meta=&#8221;off&#8221; _builder_version=&#8221;4.10.7&#8243; _module_preset=&#8221;default&#8221; title_font=&#8221;|700|||||||&#8221; title_font_size=&#8221;42px&#8221; hover_enabled=&#8221;0&#8243; global_colors_info=&#8221;{}&#8221; sticky_enabled=&#8221;0&#8243;][\/et_pb_post_title][et_pb_text _builder_version=&#8221;4.10.7&#8243; _module_preset=&#8221;default&#8221; header_font=&#8221;|700||on|||||&#8221; header_font_size=&#8221;38px&#8221; header_2_font=&#8221;|600||on|||||&#8221; header_2_text_align=&#8221;left&#8221; header_2_font_size=&#8221;34px&#8221; header_3_font=&#8221;|600|||||||&#8221; header_3_font_size=&#8221;30px&#8221; header_4_font=&#8221;|600|||||||&#8221; header_4_font_size=&#8221;26px&#8221; header_5_font=&#8221;|600|||||||&#8221; header_5_font_size=&#8221;22px&#8221; header_6_font=&#8221;|600|||||||&#8221; header_6_font_size=&#8221;20px&#8221; custom_margin=&#8221;15px|0px||0px|false|true&#8221; custom_margin_tablet=&#8221;0px||0px||false|true&#8221; custom_margin_phone=&#8221;&#8221; custom_margin_last_edited=&#8221;on|phone&#8221; custom_padding=&#8221;|0px||0px|false|true&#8221; text_font_size_tablet=&#8221;&#8221; text_font_size_phone=&#8221;22px&#8221; text_font_size_last_edited=&#8221;on|desktop&#8221; header_2_font_size_tablet=&#8221;22px&#8221; header_2_font_size_phone=&#8221;16px&#8221; header_2_font_size_last_edited=&#8221;on|phone&#8221; global_colors_info=&#8221;{}&#8221;]<h2>Alliance Canadienne De L\u2019\u00e9pilepsie<\/h2>\n<p>L\u2019Alliance canadienne de l\u2019\u00e9pilepsie (ACE) est un r\u00e9seau pancanadien d\u2019organisations de base vou\u00e9es \u00e0 la promotion de l\u2019ind\u00e9pendance et de la qualit\u00e9 de vie des personnes ayant l\u2019\u00e9pilepsie et de leurs familles gr\u00e2ce \u00e0 des services d\u2019appui, d\u2019information, de promotion et de sensibilisation du public. Le site Web contient des fiches d\u2019information qui sensibiliseront le public aux personnes atteintes d\u2019\u00e9pilepsie.<\/p>\n<ul class=\"ttp-col-list\">\n<li><strong>Format :<\/strong> Ressource en ligne<\/li>\n<li><strong>Public :<\/strong> Enseignants, parents, partenaires en \u00e9ducation<\/li>\n<li><strong>Sujet :<\/strong> L\u2019\u00e9pilepsie<\/li>\n<li><strong>Source\u00a0:<\/strong> <span><a href=\"https:\/\/www.canadianepilepsyalliance.org\/?lang=fr\">https:\/\/www.canadianepilepsyalliance.org\/?lang=fr<\/a><\/span><\/li>\n<\/ul>\n<h2>Centre De Toxicomanie Et De Sant\u00e9 Mentale (CAMH)<\/h2>\n<p>CAMH est le plus important organisme canadien \u0153uvrant dans les domaines de la toxicomanie et de la sant\u00e9 mentale. Il int\u00e8gre des soins cliniques sp\u00e9cialis\u00e9s \u00e0 des activit\u00e9s innovatrices de recherche, d\u2019\u00e9ducation, de promotion de la sant\u00e9 et d\u2019\u00e9laboration de politiques. Le site Web de CAMH offre des renseignements sur la sant\u00e9 mentale, les drogues, la toxicomanie et les troubles concomitants, et de l\u2019information sur les enfants, les jeunes et les familles.<\/p>\n<ul class=\"ttp-col-list\">\n<li><strong>Format :<\/strong> Ressource en ligne<\/li>\n<li><strong>Public :<\/strong> Enseignants, parents, partenaires en \u00e9ducation<\/li>\n<li><strong>Sujet :<\/strong> La toxicomanie et la sant\u00e9 mentale<\/li>\n<li><strong>Source\u00a0:<\/strong> <a href=\"https:\/\/www.camh.ca\/fr\/\">https:\/\/www.camh.ca\/fr\/<\/a><\/li>\n<\/ul>\n<h2><strong>COALITION ONTARIENNE POUR LA SANT\u00c9 MENTALE DES ENFANTS ET DES ADOLESCENTS <\/strong><\/h2>\n<p>Malgr\u00e9 que ce site ne soit disponible qu\u2019en anglais, on y trouve tout de m\u00eame des ressources en fran\u00e7ais telles que la Charte des droits pour le bien-\u00eatre et la sant\u00e9 mentale des enfants et des jeunes et des fiches d\u2019information sur la sant\u00e9 mentale des enfants et des adolescents.<\/p>\n<ul class=\"ttp-col-list\">\n<li><strong>Format :<\/strong> Ressource en ligne<\/li>\n<li><strong>Public :<\/strong> Enseignants, parents, partenaires en \u00e9ducation<\/li>\n<li><strong>Sujet :<\/strong> La sant\u00e9 mentale des jeunes<\/li>\n<li><strong>Source\u00a0:<\/strong> <a href=\"https:\/\/www.opsba.org\/what-we-do\/coalition-for-children-and-youth-mental-health\/\">https:\/\/www.opsba.org\/what-we-do\/coalition-for-children-and-youth-mental-health\/<\/a><\/li>\n<\/ul>\n<h2>Fondation Rick Hansen<\/h2>\n<p>En adoptant une approche collaborative, la Fondation Rick Hansen unit des organismes et des dirigeants afin de leur permettre de travailler ensemble en vue de cr\u00e9er un changement positif pour un monde sain et inclusif tout en se concentrant sur l\u2019am\u00e9lioration de la vie des personnes qui vivent avec une l\u00e9sion m\u00e9dullaire. Ce site comprend photos, vid\u00e9os et articles portant sur le handicap physique.<\/p>\n<ul class=\"ttp-col-list\">\n<li><strong>Format :<\/strong> Ressource en ligne<\/li>\n<li><strong>Public :<\/strong> Enseignants, parents, partenaires en \u00e9ducation<\/li>\n<li><strong>Sujet :<\/strong> Les obstacles \u00e0 l\u2019accessibilit\u00e9<\/li>\n<li><strong>Source\u00a0:<\/strong> <span><a href=\"https:\/\/www.rickhansen.com\/fr\">https:\/\/www.rickhansen.com\/fr<\/a><\/span><\/li>\n<\/ul>\n<ul class=\"ttp-col-list\"><\/ul>\n<h2>Institut National Canadien Pour Les Aveugles (INCA)<\/h2>\n<p>L\u2019INCA offre une biblioth\u00e8que adapt\u00e9e pour les personnes vivant avec une d\u00e9ficience visuelle. On y trouve des livres, des journaux et des revues en format mp3. Il suffit de s\u2019abonner \u00e0 la biblioth\u00e8que en remplissant un formulaire disponible en ligne, ou de communiquer avec un bureau de l\u2019INCA de votre r\u00e9gion.<\/p>\n<ul class=\"ttp-col-list\">\n<li><strong>Format :<\/strong> Ressource en ligne<\/li>\n<li><strong>Public :<\/strong> Enseignants, parents, partenaires en \u00e9ducation<\/li>\n<li><strong>Sujet :<\/strong> La c\u00e9cit\u00e9<\/li>\n<li><strong>Source\u00a0:<\/strong> <a href=\"https:\/\/cnib.ca\/fr?region=on\">https:\/\/cnib.ca\/fr?region=on<\/a><\/li>\n<\/ul>\n<ul class=\"ttp-col-list\"><\/ul>\n<ul class=\"ttp-col-list\"><\/ul>\n<h2>L\u2019\u00e9ducation Accessible En Ontario<\/h2>\n<p>L\u2019Ontario compte des millions d\u2019\u00e9l\u00e8ves et d\u2019\u00e9tudiants scolaris\u00e9s aux niveaux \u00e9l\u00e9mentaire, secondaire et postsecondaire. Le syst\u00e8me d\u2019\u00e9ducation de l\u2019Ontario vise \u00e0 jeter les bases permettant \u00e0 ces \u00e9l\u00e8ves de r\u00e9ussir apr\u00e8s leur scolarit\u00e9. Il n\u2019est donc pas \u00e9tonnant de constater qu\u2019aux quatre coins de la province, les \u00e9tablissements mettent en \u0153uvre des changements, au niveau des infrastructures comme sur le plan scolaire, pour garantir l\u2019\u00e9galit\u00e9 d\u2019acc\u00e8s \u00e0 l\u2019\u00e9ducation, ind\u00e9pendamment des aptitudes, et pour offrir les m\u00eames chances de r\u00e9ussite \u00e0 tout un chacun.<\/p>\n<ul class=\"ttp-col-list\">\n<li><strong>Format :<\/strong> Ressource en ligne, vid\u00e9os<\/li>\n<li><strong>Public :<\/strong> Enseignants, parents, partenaires en \u00e9ducation<\/li>\n<li><strong>Sujet :<\/strong> L\u2019\u00e9ducation accessible<\/li>\n<li><strong>Source\u00a0:<\/strong> <a href=\"https:\/\/mcss.gov.on.ca\/fr\/mcss\/about\/stories\/education.aspx\">https:\/\/mcss.gov.on.ca\/fr\/mcss\/about\/stories\/education.aspx<\/a><\/li>\n<\/ul>\n<h2>OPHEA &#8211; \u00c9coles Saines, Communaut\u00e9s Saines<\/h2>\n<p>Ophea travaille en partenariat avec les conseils scolaires, la sant\u00e9 publique, le gouvernement, les organisations non gouvernementales et les organisations du secteur priv\u00e9 pour mettre au point des programmes et services innovants afin de promouvoir les \u00e9coles et les communaut\u00e9s actives et saines.<\/p>\n<p>Depuis 2007, Ophea met en \u0153uvre un plan de travail pour r\u00e9pondre plus particuli\u00e8rement aux besoins des \u00e9coles et des conseils scolaires de langue fran\u00e7aise en Ontario. \u00c0 la suite de la consultation de repr\u00e9sentants des 12 conseils scolaires francophones et d\u2019intervenants du syst\u00e8me \u00e9ducatif francophone, Ophea a \u00e9labor\u00e9 un plan de travail complet pour accro\u00eetre sa capacit\u00e9 d\u2019offrir des services de langue fran\u00e7aise. Ce site Web n\u2019est qu\u2019un exemple des activit\u00e9s qui font partie de ce plan de travail, destin\u00e9 \u00e0 am\u00e9liorer la communication avec les \u00e9coles de langue fran\u00e7aise en Ontario et les services qui leur sont offerts.<\/p>\n<ul class=\"ttp-col-list\">\n<li><strong>Format :<\/strong> Ressource en ligne<\/li>\n<li><strong>Public :<\/strong> Enseignants, parents, partenaires en \u00e9ducation<\/li>\n<li><strong>Sujet :<\/strong> Promotion de la sant\u00e9 et de l\u2019apprentissage des jeunes Ontariens<\/li>\n<li><strong>Source\u00a0:<\/strong> <a href=\"https:\/\/www.ophea.net\/fr\">https:\/\/www.ophea.net\/fr<\/a><\/li>\n<\/ul>\n<h2>Politique D&#8217;am\u00e9nagement Linguistique De L\u2019Ontario<\/h2>\n<p>Ce document \u00e9nonce les lignes directrices qui r\u00e9giront d\u00e9sormais les interventions en am\u00e9nagement linguistique au niveau du minist\u00e8re de l\u2019\u00c9ducation et des conseils scolaires de langue fran\u00e7aise de l\u2019Ontario. Cette politique respecte la sp\u00e9cificit\u00e9 du mandat des huit (8) conseils scolaires de district catholiques et des quatre (4) conseils scolaires de district publics de langue fran\u00e7aise de l\u2019Ontario. Ainsi, la mise en place d\u2019interventions en am\u00e9nagement linguistique est congruente avec la mission de chacun des conseils et leur permet d\u2019exprimer leurs diff\u00e9rences.<\/p>\n<ul class=\"ttp-col-list\">\n<li><strong>Format :<\/strong> PDF<\/li>\n<li><strong>Public :<\/strong> Enseignants, parents, partenaires en \u00e9ducation<\/li>\n<li><strong>Sujet :<\/strong> L\u2019enseignement en langue fran\u00e7aise en Ontario<\/li>\n<li><strong>Source\u00a0:<\/strong> <a href=\"http:\/\/www.edu.gov.on.ca\/fre\/document\/policy\/linguistique\/linguistique.pdf\">http:\/\/www.edu.gov.on.ca\/fre\/document\/policy\/linguistique\/linguistique.pdf<\/a><\/li>\n<\/ul>\n<h2>ESant\u00e9Mentale<\/h2>\n<p>eSant\u00e9Mentale.ca est un r\u00e9pertoire en ligne de ressources en sant\u00e9 mentale et un calendrier des \u00e9v\u00e9nements concernant la sant\u00e9 mentale en Ontario. Le site fournit des informations en ligne, confidentielles et anonymes, tous les jours, 24 heures sur 24. Il suffit d\u2019inscrire votre ville ou votre r\u00e9gion dans la barre de recherche pour trouver les services en sant\u00e9 mentale de votre r\u00e9gion. La plupart des services sont offerts en anglais, mais on y trouve aussi des liens pour les services en fran\u00e7ais, selon la r\u00e9gion.<\/p>\n<ul class=\"ttp-col-list\">\n<li><strong>Format :<\/strong> Ressource en ligne<\/li>\n<li><strong>Public :<\/strong> Enseignants, parents, enfants<\/li>\n<li><strong>Sujet :<\/strong> La sant\u00e9 mentale<\/li>\n<li><strong>Source\u00a0:<\/strong> <a href=\"https:\/\/www.esantementale.ca\/index.php\">https:\/\/www.esantementale.ca\/index.php<\/a><\/li>\n<\/ul>[\/et_pb_text][et_pb_video _builder_version=&#8221;4.9.11&#8243; _module_preset=&#8221;default&#8221; global_colors_info=&#8221;{}&#8221;][\/et_pb_video][\/et_pb_column_inner][\/et_pb_row_inner][\/et_pb_column][\/et_pb_section]","protected":false},"excerpt":{"rendered":"<p>Accessibility+Navigation Pr\u00e9c\u00e9dent Pour les enseignants et enseignantes, parents et intervenants Alliance Canadienne De L\u2019\u00e9pilepsie L\u2019Alliance canadienne de l\u2019\u00e9pilepsie (ACE) est un r\u00e9seau pancanadien d\u2019organisations de base vou\u00e9es \u00e0 la promotion de l\u2019ind\u00e9pendance et de la qualit\u00e9 de vie des personnes ayant l\u2019\u00e9pilepsie et de leurs familles gr\u00e2ce \u00e0 des services d\u2019appui, d\u2019information, de promotion et [&hellip;]<\/p>","protected":false},"author":3,"featured_media":0,"parent":1132,"menu_order":105,"comment_status":"closed","ping_status":"closed","template":"","meta":{"_et_pb_use_builder":"on","_et_pb_old_content":"","_et_gb_content_width":"","footnotes":""},"wf_page_folders":[],"class_list":["post-2682","page","type-page","status-publish","hentry"],"yoast_head":"<!-- This site is optimized with the Yoast SEO plugin v22.0 - https:\/\/yoast.com\/wordpress\/plugins\/seo\/ -->\n<title>Associations Communautaires - The Teachable Project<\/title>\n<meta name=\"robots\" content=\"index, follow, max-snippet:-1, max-image-preview:large, max-video-preview:-1\" \/>\n<link rel=\"canonical\" href=\"https:\/\/theteachableproject.org\/fr-ca\/resources\/accessibility\/associations-communantaires\/\" \/>\n<meta property=\"og:locale\" content=\"fr_CA\" \/>\n<meta property=\"og:type\" content=\"article\" \/>\n<meta property=\"og:title\" content=\"Associations Communautaires - The Teachable Project\" \/>\n<meta property=\"og:description\" content=\"Accessibility+Navigation Pr\u00e9c\u00e9dent Pour les enseignants et enseignantes, parents et intervenants Alliance Canadienne De L\u2019\u00e9pilepsie L\u2019Alliance canadienne de l\u2019\u00e9pilepsie (ACE) est un r\u00e9seau pancanadien d\u2019organisations de base vou\u00e9es \u00e0 la promotion de l\u2019ind\u00e9pendance et de la qualit\u00e9 de vie des personnes ayant l\u2019\u00e9pilepsie et de leurs familles gr\u00e2ce \u00e0 des services d\u2019appui, d\u2019information, de promotion et [&hellip;]\" \/>\n<meta property=\"og:url\" content=\"https:\/\/theteachableproject.org\/fr-ca\/resources\/accessibility\/associations-communantaires\/\" \/>\n<meta property=\"og:site_name\" content=\"The Teachable Project\" \/>\n<meta property=\"article:modified_time\" content=\"2021-11-03T16:19:15+00:00\" \/>\n<meta name=\"twitter:card\" content=\"summary_large_image\" \/>\n<meta name=\"twitter:label1\" content=\"Estimation du temps de lecture\" \/>\n\t<meta name=\"twitter:data1\" content=\"5 minutes\" \/>\n<script type=\"application\/ld+json\" class=\"yoast-schema-graph\">{\"@context\":\"https:\/\/schema.org\",\"@graph\":[{\"@type\":\"WebPage\",\"@id\":\"https:\/\/theteachableproject.org\/resources\/accessibility\/associations-communantaires\/\",\"url\":\"https:\/\/theteachableproject.org\/resources\/accessibility\/associations-communantaires\/\",\"name\":\"Associations Communautaires - The Teachable Project\",\"isPartOf\":{\"@id\":\"https:\/\/theteachableproject.org\/fr-ca\/#website\"},\"datePublished\":\"2021-09-09T18:57:44+00:00\",\"dateModified\":\"2021-11-03T16:19:15+00:00\",\"breadcrumb\":{\"@id\":\"https:\/\/theteachableproject.org\/resources\/accessibility\/associations-communantaires\/#breadcrumb\"},\"inLanguage\":\"fr-CA\",\"potentialAction\":[{\"@type\":\"ReadAction\",\"target\":[\"https:\/\/theteachableproject.org\/resources\/accessibility\/associations-communantaires\/\"]}]},{\"@type\":\"BreadcrumbList\",\"@id\":\"https:\/\/theteachableproject.org\/resources\/accessibility\/associations-communantaires\/#breadcrumb\",\"itemListElement\":[{\"@type\":\"ListItem\",\"position\":1,\"name\":\"Home\",\"item\":\"https:\/\/theteachableproject.org\/fr-ca\/\"},{\"@type\":\"ListItem\",\"position\":2,\"name\":\"Resources\",\"item\":\"https:\/\/theteachableproject.org\/resources\/\"},{\"@type\":\"ListItem\",\"position\":3,\"name\":\"Accessibility+\",\"item\":\"https:\/\/theteachableproject.org\/resources\/accessibility\/\"},{\"@type\":\"ListItem\",\"position\":4,\"name\":\"Associations Communautaires\"}]},{\"@type\":\"WebSite\",\"@id\":\"https:\/\/theteachableproject.org\/fr-ca\/#website\",\"url\":\"https:\/\/theteachableproject.org\/fr-ca\/\",\"name\":\"The Teachable Project\",\"description\":\"The Teachable Project\",\"potentialAction\":[{\"@type\":\"SearchAction\",\"target\":{\"@type\":\"EntryPoint\",\"urlTemplate\":\"https:\/\/theteachableproject.org\/fr-ca\/?s={search_term_string}\"},\"query-input\":\"required name=search_term_string\"}],\"inLanguage\":\"fr-CA\"}]}<\/script>\n<!-- \/ Yoast SEO plugin. -->","yoast_head_json":{"title":"Associations Communautaires - The Teachable Project","robots":{"index":"index","follow":"follow","max-snippet":"max-snippet:-1","max-image-preview":"max-image-preview:large","max-video-preview":"max-video-preview:-1"},"canonical":"https:\/\/theteachableproject.org\/fr-ca\/resources\/accessibility\/associations-communantaires\/","og_locale":"fr_CA","og_type":"article","og_title":"Associations Communautaires - The Teachable Project","og_description":"Accessibility+Navigation Pr\u00e9c\u00e9dent Pour les enseignants et enseignantes, parents et intervenants Alliance Canadienne De L\u2019\u00e9pilepsie L\u2019Alliance canadienne de l\u2019\u00e9pilepsie (ACE) est un r\u00e9seau pancanadien d\u2019organisations de base vou\u00e9es \u00e0 la promotion de l\u2019ind\u00e9pendance et de la qualit\u00e9 de vie des personnes ayant l\u2019\u00e9pilepsie et de leurs familles gr\u00e2ce \u00e0 des services d\u2019appui, d\u2019information, de promotion et [&hellip;]","og_url":"https:\/\/theteachableproject.org\/fr-ca\/resources\/accessibility\/associations-communantaires\/","og_site_name":"The Teachable Project","article_modified_time":"2021-11-03T16:19:15+00:00","twitter_card":"summary_large_image","twitter_misc":{"Estimation du temps de lecture":"5 minutes"},"schema":{"@context":"https:\/\/schema.org","@graph":[{"@type":"WebPage","@id":"https:\/\/theteachableproject.org\/resources\/accessibility\/associations-communantaires\/","url":"https:\/\/theteachableproject.org\/resources\/accessibility\/associations-communantaires\/","name":"Associations Communautaires - The Teachable Project","isPartOf":{"@id":"https:\/\/theteachableproject.org\/fr-ca\/#website"},"datePublished":"2021-09-09T18:57:44+00:00","dateModified":"2021-11-03T16:19:15+00:00","breadcrumb":{"@id":"https:\/\/theteachableproject.org\/resources\/accessibility\/associations-communantaires\/#breadcrumb"},"inLanguage":"fr-CA","potentialAction":[{"@type":"ReadAction","target":["https:\/\/theteachableproject.org\/resources\/accessibility\/associations-communantaires\/"]}]},{"@type":"BreadcrumbList","@id":"https:\/\/theteachableproject.org\/resources\/accessibility\/associations-communantaires\/#breadcrumb","itemListElement":[{"@type":"ListItem","position":1,"name":"Home","item":"https:\/\/theteachableproject.org\/fr-ca\/"},{"@type":"ListItem","position":2,"name":"Resources","item":"https:\/\/theteachableproject.org\/resources\/"},{"@type":"ListItem","position":3,"name":"Accessibility+","item":"https:\/\/theteachableproject.org\/resources\/accessibility\/"},{"@type":"ListItem","position":4,"name":"Associations Communautaires"}]},{"@type":"WebSite","@id":"https:\/\/theteachableproject.org\/fr-ca\/#website","url":"https:\/\/theteachableproject.org\/fr-ca\/","name":"The Teachable Project","description":"The Teachable Project","potentialAction":[{"@type":"SearchAction","target":{"@type":"EntryPoint","urlTemplate":"https:\/\/theteachableproject.org\/fr-ca\/?s={search_term_string}"},"query-input":"required name=search_term_string"}],"inLanguage":"fr-CA"}]}},"_links":{"self":[{"href":"https:\/\/theteachableproject.org\/fr-ca\/wp-json\/wp\/v2\/pages\/2682"}],"collection":[{"href":"https:\/\/theteachableproject.org\/fr-ca\/wp-json\/wp\/v2\/pages"}],"about":[{"href":"https:\/\/theteachableproject.org\/fr-ca\/wp-json\/wp\/v2\/types\/page"}],"author":[{"embeddable":true,"href":"https:\/\/theteachableproject.org\/fr-ca\/wp-json\/wp\/v2\/users\/3"}],"replies":[{"embeddable":true,"href":"https:\/\/theteachableproject.org\/fr-ca\/wp-json\/wp\/v2\/comments?post=2682"}],"version-history":[{"count":0,"href":"https:\/\/theteachableproject.org\/fr-ca\/wp-json\/wp\/v2\/pages\/2682\/revisions"}],"up":[{"embeddable":true,"href":"https:\/\/theteachableproject.org\/fr-ca\/wp-json\/wp\/v2\/pages\/1132"}],"wp:attachment":[{"href":"https:\/\/theteachableproject.org\/fr-ca\/wp-json\/wp\/v2\/media?parent=2682"}],"wp:term":[{"taxonomy":"wf_page_folders","embeddable":true,"href":"https:\/\/theteachableproject.org\/fr-ca\/wp-json\/wp\/v2\/wf_page_folders?post=2682"}],"curies":[{"name":"wp","href":"https:\/\/api.w.org\/{rel}","templated":true}]}}