{"id":2649,"date":"2021-09-09T14:39:09","date_gmt":"2021-09-09T18:39:09","guid":{"rendered":"https:\/\/teachable-wp.oesc-cseo.org\/?page_id=2649"},"modified":"2021-11-04T13:12:24","modified_gmt":"2021-11-04T17:12:24","slug":"pour-les-enseignants-et-enseignantes-parents-et-intervenants","status":"publish","type":"page","link":"https:\/\/theteachableproject.org\/fr-ca\/resources\/accessibility\/pour-les-enseignants-et-enseignantes-parents-et-intervenants\/","title":{"rendered":"Pour les enseignants et enseignantes, parents et intervenants"},"content":{"rendered":"<p>[et_pb_section fb_built=&#8221;1&#8243; specialty=&#8221;on&#8221; padding_top_bottom_link_1=&#8221;false&#8221; padding_left_right_link_1=&#8221;false&#8221; module_class=&#8221;ttp-lp-sidebar&#8221; _builder_version=&#8221;4.9.11&#8243; _module_preset=&#8221;default&#8221; width=&#8221;100%&#8221; inner_width=&#8221;100%&#8221; locked=&#8221;off&#8221; global_colors_info=&#8221;{}&#8221;][et_pb_column type=&#8221;1_4&#8243; _builder_version=&#8221;3.25&#8243; custom_padding=&#8221;|||&#8221; global_colors_info=&#8221;{}&#8221; custom_padding__hover=&#8221;|||&#8221;][et_pb_text _builder_version=&#8221;4.9.11&#8243; _module_preset=&#8221;default&#8221; custom_css_before=&#8221;content: &#8216;\u261a&#8217;;||position: absolute;||margin-left: -20px;&#8221; custom_css_main_element=&#8221;margin-left: 20px;&#8221; global_colors_info=&#8221;{}&#8221;]<\/p>\n<p><a href=\"https:\/\/theteachableproject.org\/fr-ca\/resources\/accessibility\/\" title=\"Back to Accessibility+\">Accessibilit\u00e9+<\/a><\/p>\n<p>[\/et_pb_text][et_pb_text module_id=&#8221;toc&#8221; _builder_version=&#8221;4.10.7&#8243; _module_preset=&#8221;default&#8221; header_font=&#8221;|700||on|||||&#8221; header_font_size=&#8221;38px&#8221; header_2_font=&#8221;|600|||||||&#8221; header_2_text_align=&#8221;left&#8221; header_2_font_size=&#8221;34px&#8221; header_3_font=&#8221;|600|||||||&#8221; header_3_font_size=&#8221;30px&#8221; header_4_font=&#8221;|600|||||||&#8221; header_4_font_size=&#8221;26px&#8221; header_5_font=&#8221;|600|||||||&#8221; header_5_font_size=&#8221;22px&#8221; header_6_font=&#8221;|600|||||||&#8221; header_6_font_size=&#8221;20px&#8221; custom_margin=&#8221;15px|0px||0px|false|true&#8221; custom_margin_tablet=&#8221;0px||0px||false|true&#8221; custom_margin_phone=&#8221;&#8221; custom_margin_last_edited=&#8221;on|phone&#8221; custom_padding=&#8221;|0px||0px|false|true&#8221; hover_enabled=&#8221;0&#8243; text_font_size_tablet=&#8221;&#8221; text_font_size_phone=&#8221;22px&#8221; text_font_size_last_edited=&#8221;on|desktop&#8221; header_2_font_size_tablet=&#8221;22px&#8221; header_2_font_size_phone=&#8221;16px&#8221; header_2_font_size_last_edited=&#8221;on|phone&#8221; global_colors_info=&#8221;{}&#8221; sticky_enabled=&#8221;0&#8243;]<\/p>\n<h2 style=\"text-align: left;\">Navigation<\/h2>\n<p style=\"text-align: right;\"><strong>Pr\u00e9c\u00e9dent<\/strong><br \/><a href=\"\/fr-ca\/resources\/accessibility\/ressources-disponibles-sur-le-site-web-du-ministere-de-leducation-de-lontario\/\">Ressources disponibles sur le site Web du minist\u00e8re de l\u2019\u00e9ducation de l\u2019Ontario<\/a><\/p>\n<p style=\"text-align: right;\"><strong>Suivant<\/strong><br \/><a href=\"https:\/\/theteachableproject.org\/fr-ca\/resources\/accessibility\/associations-communantaires\/\">Associations communautaires<\/a><\/p>\n<p>[\/et_pb_text][\/et_pb_column][et_pb_column type=&#8221;3_4&#8243; specialty_columns=&#8221;3&#8243; _builder_version=&#8221;3.25&#8243; custom_padding=&#8221;|||&#8221; global_colors_info=&#8221;{}&#8221; custom_padding__hover=&#8221;|||&#8221;][et_pb_row_inner _builder_version=&#8221;4.9.11&#8243; _module_preset=&#8221;default&#8221; global_colors_info=&#8221;{}&#8221;][et_pb_column_inner saved_specialty_column_type=&#8221;3_4&#8243; _builder_version=&#8221;4.9.11&#8243; _module_preset=&#8221;default&#8221; global_colors_info=&#8221;{}&#8221;][et_pb_post_title meta=&#8221;off&#8221; _builder_version=&#8221;4.9.11&#8243; _module_preset=&#8221;default&#8221; title_font=&#8221;|700|||||||&#8221; title_font_size=&#8221;42px&#8221; global_colors_info=&#8221;{}&#8221;][\/et_pb_post_title][et_pb_text _builder_version=&#8221;4.10.7&#8243; _module_preset=&#8221;default&#8221; header_font=&#8221;|700||on|||||&#8221; header_font_size=&#8221;38px&#8221; header_2_font=&#8221;|600||on|||||&#8221; header_2_text_align=&#8221;left&#8221; header_2_font_size=&#8221;34px&#8221; header_3_font=&#8221;|600|||||||&#8221; header_3_font_size=&#8221;30px&#8221; header_4_font=&#8221;|600|||||||&#8221; header_4_font_size=&#8221;26px&#8221; header_5_font=&#8221;|600|||||||&#8221; header_5_font_size=&#8221;22px&#8221; header_6_font=&#8221;|600|||||||&#8221; header_6_font_size=&#8221;20px&#8221; custom_margin=&#8221;15px|0px||0px|false|true&#8221; custom_margin_tablet=&#8221;0px||0px||false|true&#8221; custom_margin_phone=&#8221;&#8221; custom_margin_last_edited=&#8221;on|phone&#8221; custom_padding=&#8221;|0px||0px|false|true&#8221; text_font_size_tablet=&#8221;&#8221; text_font_size_phone=&#8221;22px&#8221; text_font_size_last_edited=&#8221;on|desktop&#8221; header_2_font_size_tablet=&#8221;22px&#8221; header_2_font_size_phone=&#8221;16px&#8221; header_2_font_size_last_edited=&#8221;on|phone&#8221; global_colors_info=&#8221;{}&#8221;]<\/p>\n<h2>Aspect Humain De La Sant\u00e9 Mentale Et De La Maladie Mentale Au Canada<\/h2>\n<p>Ce rapport offre un survol de ce que chacun de nous pouvons faire pour am\u00e9liorer notre sant\u00e9 mentale et celle des gens de notre entourage. Il vise \u00e0 accro\u00eetre les connaissances des Canadiens \u00e0 l\u2019\u00e9gard de la maladie mentale et de la sant\u00e9 mentale, et \u00e0 leur permettre de se rendre compte des grands pas que nous avons franchis dans ce domaine et de l\u2019engagement du gouvernement du Canada envers la sant\u00e9 mentale.<\/p>\n<ul class=\"ttp-col-list\">\n<li><strong>Date :<\/strong> 2006<\/li>\n<li><strong>Format :<\/strong> PDF<\/li>\n<li><strong>Public :<\/strong> Enseignants, parents<\/li>\n<li><strong>Sujet :<\/strong> La sant\u00e9 mentale au Canada<\/li>\n<li><strong>Source\u00a0:<\/strong> <a href=\"https:\/\/www.phac-aspc.gc.ca\/publicat\/human-humain06\/pdf\/human_face_f.pdf\">https:\/\/www.phac-aspc.gc.ca\/publicat\/human-humain06\/pdf\/human_face_f.pdf<\/a><\/li>\n<\/ul>\n<ul class=\"ttp-col-list\"><\/ul>\n<ul class=\"ttp-col-list\"><\/ul>\n<ul class=\"ttp-col-list\"><\/ul>\n<ul class=\"ttp-col-list\"><\/ul>\n<h2>Libert\u00e9 En Profondeur Canada<\/h2>\n<p>En 2001, 3,2 millions de Canadiens et de Canadiennes \u00e2g\u00e9s de 15 \u00e0 64 ans vivaient avec un handicap. De ce nombre, plus de 250 000 d\u00e9claraient un handicap physique. Ce sont \u00e0 eux que s\u2019adressent les services de Libert\u00e9 en profondeur Canada. Aujourd&#8217;hui, aucune autre organisation canadienne n\u2019enseigne la plong\u00e9e sous-marine aux personnes handicap\u00e9es de fa\u00e7on s\u00e9curitaire et professionnelle. Libert\u00e9 en profondeur Canada offre un curriculum adapt\u00e9 pour les personnes handicap\u00e9es et compte \u00e0 son actif un instructeur et directeur de formation sp\u00e9cialis\u00e9e en plong\u00e9e, certifi\u00e9 par la Handicap Scuba Association (HSA). Libert\u00e9 en profondeur est donc l\u2019endroit choisi pour apprendre la plong\u00e9e sous-marine aux personnes handicap\u00e9es.<\/p>\n<ul class=\"ttp-col-list\">\n<li><strong>Format :<\/strong> Ressource en ligne<\/li>\n<li><strong>Public :<\/strong> Enseignants, parents, partenaires en \u00e9ducation<\/li>\n<li><strong>Sujet :<\/strong> La plong\u00e9e sous-marine pour les personnes vivant avec un handicap<\/li>\n<li><strong>Source\u00a0:<\/strong> <a href=\"http:\/\/www.fadc.ca\/accueil.html\">http:\/\/www.fadc.ca\/accueil.html<\/a><\/li>\n<\/ul>\n<ul class=\"ttp-col-list\"><\/ul>\n<p>[\/et_pb_text][et_pb_video _builder_version=&#8221;4.9.11&#8243; _module_preset=&#8221;default&#8221; global_colors_info=&#8221;{}&#8221;][\/et_pb_video][\/et_pb_column_inner][\/et_pb_row_inner][\/et_pb_column][\/et_pb_section]<\/p>","protected":false},"excerpt":{"rendered":"<p>Accessibility+Navigation Pr\u00e9c\u00e9dentRessources disponibles sur le site Web du minist\u00e8re de l\u2019\u00e9ducation de l\u2019Ontario SuivantAssociations communautairesAspect Humain De La Sant\u00e9 Mentale Et De La Maladie Mentale Au Canada Ce rapport offre un survol de ce que chacun de nous pouvons faire pour am\u00e9liorer notre sant\u00e9 mentale et celle des gens de notre entourage. Il vise \u00e0 [&hellip;]<\/p>","protected":false},"author":3,"featured_media":0,"parent":1132,"menu_order":104,"comment_status":"closed","ping_status":"closed","template":"","meta":{"_et_pb_use_builder":"on","_et_pb_old_content":"","_et_gb_content_width":"","footnotes":""},"wf_page_folders":[],"class_list":["post-2649","page","type-page","status-publish","hentry"],"yoast_head":"<!-- This site is optimized with the Yoast SEO plugin v22.0 - https:\/\/yoast.com\/wordpress\/plugins\/seo\/ -->\n<title>Pour les enseignants et enseignantes, parents et intervenants - The Teachable Project<\/title>\n<meta name=\"robots\" content=\"index, follow, max-snippet:-1, max-image-preview:large, max-video-preview:-1\" \/>\n<link rel=\"canonical\" href=\"https:\/\/theteachableproject.org\/fr-ca\/resources\/accessibility\/pour-les-enseignants-et-enseignantes-parents-et-intervenants\/\" \/>\n<meta property=\"og:locale\" content=\"fr_CA\" \/>\n<meta property=\"og:type\" content=\"article\" \/>\n<meta property=\"og:title\" content=\"Pour les enseignants et enseignantes, parents et intervenants - The Teachable Project\" \/>\n<meta property=\"og:description\" content=\"Accessibility+Navigation Pr\u00e9c\u00e9dentRessources disponibles sur le site Web du minist\u00e8re de l\u2019\u00e9ducation de l\u2019Ontario SuivantAssociations communautairesAspect Humain De La Sant\u00e9 Mentale Et De La Maladie Mentale Au Canada Ce rapport offre un survol de ce que chacun de nous pouvons faire pour am\u00e9liorer notre sant\u00e9 mentale et celle des gens de notre entourage. Il vise \u00e0 [&hellip;]\" \/>\n<meta property=\"og:url\" content=\"https:\/\/theteachableproject.org\/fr-ca\/resources\/accessibility\/pour-les-enseignants-et-enseignantes-parents-et-intervenants\/\" \/>\n<meta property=\"og:site_name\" content=\"The Teachable Project\" \/>\n<meta property=\"article:modified_time\" content=\"2021-11-04T17:12:24+00:00\" \/>\n<meta name=\"twitter:card\" content=\"summary_large_image\" \/>\n<script type=\"application\/ld+json\" class=\"yoast-schema-graph\">{\"@context\":\"https:\/\/schema.org\",\"@graph\":[{\"@type\":\"WebPage\",\"@id\":\"https:\/\/theteachableproject.org\/resources\/accessibility\/pour-les-enseignants-et-enseignantes-parents-et-intervenants\/\",\"url\":\"https:\/\/theteachableproject.org\/resources\/accessibility\/pour-les-enseignants-et-enseignantes-parents-et-intervenants\/\",\"name\":\"Pour les enseignants et enseignantes, parents et intervenants - The Teachable Project\",\"isPartOf\":{\"@id\":\"https:\/\/theteachableproject.org\/fr-ca\/#website\"},\"datePublished\":\"2021-09-09T18:39:09+00:00\",\"dateModified\":\"2021-11-04T17:12:24+00:00\",\"breadcrumb\":{\"@id\":\"https:\/\/theteachableproject.org\/resources\/accessibility\/pour-les-enseignants-et-enseignantes-parents-et-intervenants\/#breadcrumb\"},\"inLanguage\":\"fr-CA\",\"potentialAction\":[{\"@type\":\"ReadAction\",\"target\":[\"https:\/\/theteachableproject.org\/resources\/accessibility\/pour-les-enseignants-et-enseignantes-parents-et-intervenants\/\"]}]},{\"@type\":\"BreadcrumbList\",\"@id\":\"https:\/\/theteachableproject.org\/resources\/accessibility\/pour-les-enseignants-et-enseignantes-parents-et-intervenants\/#breadcrumb\",\"itemListElement\":[{\"@type\":\"ListItem\",\"position\":1,\"name\":\"Home\",\"item\":\"https:\/\/theteachableproject.org\/fr-ca\/\"},{\"@type\":\"ListItem\",\"position\":2,\"name\":\"Resources\",\"item\":\"https:\/\/theteachableproject.org\/resources\/\"},{\"@type\":\"ListItem\",\"position\":3,\"name\":\"Accessibility+\",\"item\":\"https:\/\/theteachableproject.org\/resources\/accessibility\/\"},{\"@type\":\"ListItem\",\"position\":4,\"name\":\"Pour les enseignants et enseignantes, parents et intervenants\"}]},{\"@type\":\"WebSite\",\"@id\":\"https:\/\/theteachableproject.org\/fr-ca\/#website\",\"url\":\"https:\/\/theteachableproject.org\/fr-ca\/\",\"name\":\"The Teachable Project\",\"description\":\"The Teachable Project\",\"potentialAction\":[{\"@type\":\"SearchAction\",\"target\":{\"@type\":\"EntryPoint\",\"urlTemplate\":\"https:\/\/theteachableproject.org\/fr-ca\/?s={search_term_string}\"},\"query-input\":\"required name=search_term_string\"}],\"inLanguage\":\"fr-CA\"}]}<\/script>\n<!-- \/ Yoast SEO plugin. -->","yoast_head_json":{"title":"Pour les enseignants et enseignantes, parents et intervenants - The Teachable Project","robots":{"index":"index","follow":"follow","max-snippet":"max-snippet:-1","max-image-preview":"max-image-preview:large","max-video-preview":"max-video-preview:-1"},"canonical":"https:\/\/theteachableproject.org\/fr-ca\/resources\/accessibility\/pour-les-enseignants-et-enseignantes-parents-et-intervenants\/","og_locale":"fr_CA","og_type":"article","og_title":"Pour les enseignants et enseignantes, parents et intervenants - The Teachable Project","og_description":"Accessibility+Navigation Pr\u00e9c\u00e9dentRessources disponibles sur le site Web du minist\u00e8re de l\u2019\u00e9ducation de l\u2019Ontario SuivantAssociations communautairesAspect Humain De La Sant\u00e9 Mentale Et De La Maladie Mentale Au Canada Ce rapport offre un survol de ce que chacun de nous pouvons faire pour am\u00e9liorer notre sant\u00e9 mentale et celle des gens de notre entourage. Il vise \u00e0 [&hellip;]","og_url":"https:\/\/theteachableproject.org\/fr-ca\/resources\/accessibility\/pour-les-enseignants-et-enseignantes-parents-et-intervenants\/","og_site_name":"The Teachable Project","article_modified_time":"2021-11-04T17:12:24+00:00","twitter_card":"summary_large_image","schema":{"@context":"https:\/\/schema.org","@graph":[{"@type":"WebPage","@id":"https:\/\/theteachableproject.org\/resources\/accessibility\/pour-les-enseignants-et-enseignantes-parents-et-intervenants\/","url":"https:\/\/theteachableproject.org\/resources\/accessibility\/pour-les-enseignants-et-enseignantes-parents-et-intervenants\/","name":"Pour les enseignants et enseignantes, parents et intervenants - The Teachable Project","isPartOf":{"@id":"https:\/\/theteachableproject.org\/fr-ca\/#website"},"datePublished":"2021-09-09T18:39:09+00:00","dateModified":"2021-11-04T17:12:24+00:00","breadcrumb":{"@id":"https:\/\/theteachableproject.org\/resources\/accessibility\/pour-les-enseignants-et-enseignantes-parents-et-intervenants\/#breadcrumb"},"inLanguage":"fr-CA","potentialAction":[{"@type":"ReadAction","target":["https:\/\/theteachableproject.org\/resources\/accessibility\/pour-les-enseignants-et-enseignantes-parents-et-intervenants\/"]}]},{"@type":"BreadcrumbList","@id":"https:\/\/theteachableproject.org\/resources\/accessibility\/pour-les-enseignants-et-enseignantes-parents-et-intervenants\/#breadcrumb","itemListElement":[{"@type":"ListItem","position":1,"name":"Home","item":"https:\/\/theteachableproject.org\/fr-ca\/"},{"@type":"ListItem","position":2,"name":"Resources","item":"https:\/\/theteachableproject.org\/resources\/"},{"@type":"ListItem","position":3,"name":"Accessibility+","item":"https:\/\/theteachableproject.org\/resources\/accessibility\/"},{"@type":"ListItem","position":4,"name":"Pour les enseignants et enseignantes, parents et intervenants"}]},{"@type":"WebSite","@id":"https:\/\/theteachableproject.org\/fr-ca\/#website","url":"https:\/\/theteachableproject.org\/fr-ca\/","name":"The Teachable Project","description":"The Teachable Project","potentialAction":[{"@type":"SearchAction","target":{"@type":"EntryPoint","urlTemplate":"https:\/\/theteachableproject.org\/fr-ca\/?s={search_term_string}"},"query-input":"required name=search_term_string"}],"inLanguage":"fr-CA"}]}},"_links":{"self":[{"href":"https:\/\/theteachableproject.org\/fr-ca\/wp-json\/wp\/v2\/pages\/2649"}],"collection":[{"href":"https:\/\/theteachableproject.org\/fr-ca\/wp-json\/wp\/v2\/pages"}],"about":[{"href":"https:\/\/theteachableproject.org\/fr-ca\/wp-json\/wp\/v2\/types\/page"}],"author":[{"embeddable":true,"href":"https:\/\/theteachableproject.org\/fr-ca\/wp-json\/wp\/v2\/users\/3"}],"replies":[{"embeddable":true,"href":"https:\/\/theteachableproject.org\/fr-ca\/wp-json\/wp\/v2\/comments?post=2649"}],"version-history":[{"count":0,"href":"https:\/\/theteachableproject.org\/fr-ca\/wp-json\/wp\/v2\/pages\/2649\/revisions"}],"up":[{"embeddable":true,"href":"https:\/\/theteachableproject.org\/fr-ca\/wp-json\/wp\/v2\/pages\/1132"}],"wp:attachment":[{"href":"https:\/\/theteachableproject.org\/fr-ca\/wp-json\/wp\/v2\/media?parent=2649"}],"wp:term":[{"taxonomy":"wf_page_folders","embeddable":true,"href":"https:\/\/theteachableproject.org\/fr-ca\/wp-json\/wp\/v2\/wf_page_folders?post=2649"}],"curies":[{"name":"wp","href":"https:\/\/api.w.org\/{rel}","templated":true}]}}