{"id":2356,"date":"2021-09-08T14:15:45","date_gmt":"2021-09-08T18:15:45","guid":{"rendered":"https:\/\/teachable-wp.oesc-cseo.org\/?page_id=2356"},"modified":"2021-09-27T12:50:22","modified_gmt":"2021-09-27T16:50:22","slug":"privacy","status":"publish","type":"page","link":"https:\/\/theteachableproject.org\/fr-ca\/privacy\/","title":{"rendered":"Politique de confidentialit\u00e9"},"content":{"rendered":"<p>[et_pb_section fb_built=&#8221;1&#8243; _builder_version=&#8221;3.22&#8243; global_colors_info=&#8221;{}&#8221;][et_pb_row _builder_version=&#8221;4.9.11&#8243; background_size=&#8221;initial&#8221; background_position=&#8221;top_left&#8221; background_repeat=&#8221;repeat&#8221; width=&#8221;100%&#8221; global_colors_info=&#8221;{}&#8221;][et_pb_column type=&#8221;4_4&#8243; _builder_version=&#8221;3.25&#8243; custom_padding=&#8221;|||&#8221; global_colors_info=&#8221;{}&#8221; custom_padding__hover=&#8221;|||&#8221;][et_pb_text _builder_version=&#8221;4.10.7&#8243; background_size=&#8221;initial&#8221; background_position=&#8221;top_left&#8221; background_repeat=&#8221;repeat&#8221; hover_enabled=&#8221;0&#8243; global_colors_info=&#8221;{}&#8221; sticky_enabled=&#8221;0&#8243;]<\/p>\n<h2>Notre engagement en mati\u00e8re de confidentialit\u00e9<\/h2>\n<p>Le projet FormAcc\u00e8s s\u2019engage \u00e0 prot\u00e9ger la confidentialit\u00e9 de vos renseignements. Nous fournissons cette politique de confidentialit\u00e9 pour expliquer nos pratiques d\u2019information en ligne et les choix que vous pouvez faire sur la fa\u00e7on dont vos renseignements sont recueillis et utilis\u00e9s sur ce site.<\/p>\n<h3>Quels renseignements permettant de vous identifier recueillons-nous sur ce site?<\/h3>\n<p>Lorsque vous visitez notre site Web, vous pouvez choisir sciemment de nous fournir des renseignements personnels (tels que votre nom, votre adresse, votre adresse de courriel et votre num\u00e9ro de t\u00e9l\u00e9phone) que nous recueillons \u00e0 des fins diverses. Vous pouvez vous inscrire pour recevoir des bulletins par courriel ou d\u2019autres documents, demander un compl\u00e9ment d\u2019information sur nos projets, nous faire des demandes, soumettre un formulaire sur notre site Web ou, tout simplement, nous poser une question. Nous recevons et conservons tous les renseignements que vous nous fournissez sur notre site Web ou nous donnez d\u2019une autre mani\u00e8re. Nous demandons ces renseignements personnels afin de pouvoir r\u00e9pondre \u00e0 vos demandes et \u00e0 vos messages. Si vous choisissez de ne pas nous les fournir, nous pourrions ne pas \u00eatre en mesure de vous r\u00e9pondre, mais vous serez toujours libre de naviguer sur notre site Web.<\/p>\n<h3>Comment utilisons-nous ces renseignements?<\/h3>\n<p>Lorsque vous nous fournissez des renseignements \u00e0 votre sujet dans un but pr\u00e9cis, nous les utilisons seulement \u00e0 cette fin (par exemple, pour fournir l\u2019information ou le service que vous avez demand\u00e9). Par exemple, si vous voulez recevoir des informations, nous pouvons vous demander de nous donner des renseignements personnels. Nous ne partageons pas ces renseignements avec des tiers, sauf dans la mesure n\u00e9cessaire pour r\u00e9pondre \u00e0 votre demande. Nous utilisons les adresses de courriel seulement pour r\u00e9pondre aux courriels que nous recevons. Ces adresses ne sont pas utilis\u00e9es \u00e0 d\u2019autres fins ni partag\u00e9es avec des tiers. Le projet FormAcc\u00e8s ne vend pas, ne loue pas, ne donne pas et ne communique pas les adresses de courriel et les autres renseignements qu\u2019il d\u00e9tient \u00e0 quelque source externe que ce soit.<\/p>\n<h3>Notre engagement en mati\u00e8re de s\u00e9curit\u00e9 des donn\u00e9es<\/h3>\n<p>Les renseignements personnels permettant de vous identifier sont stock\u00e9s sur notre serveur et ne sont pas accessibles au public. De plus, l\u2019acc\u00e8s \u00e0 ces renseignements est limit\u00e9 au personnel du projet FormAcc\u00e8s qui a besoin de les conna\u00eetre. Pour emp\u00eacher tout acc\u00e8s non autoris\u00e9, maintenir l\u2019exactitude des donn\u00e9es et assurer l\u2019utilisation judicieuse de l\u2019information, nous avons mis en place des proc\u00e9dures physiques, \u00e9lectroniques et de gestion pour sauvegarder et s\u00e9curiser les renseignements que nous recueillons en ligne.<\/p>\n<h3>Option de retrait<\/h3>\n<p>Si vous changez d\u2019avis apr\u00e8s avoir choisi de vous inscrire pour recevoir des communications par courriel de notre part, vous pouvez nous demander de retirer votre nom de nos listes de diffusion. Pour cela, envoyez un courriel \u00e0 l\u2019adresse <a href=\"mailto:info@theteachableproject.org\">info@theteachableproject.org<\/a>, ou \u00e9crivez \u00e0 l\u2019adresse suivante : Le projet FormAcc\u00e8s, a\/s de la Corporation des services en \u00e9ducation de l\u2019Ontario, 439, avenue University, Toronto (Ontario) M5G 1Y8.<\/p>\n<h3>Cookies<\/h3>\n<p>Le site Web du projet FormAcc\u00e8s peut utiliser des cookies, qui servent g\u00e9n\u00e9ralement \u00e0 faciliter la navigation des utilisateurs dans un site Web. De plus, si vous le souhaitez, les cookies peuvent servir \u00e0 \u00ab m\u00e9moriser \u00bb votre mot de passe (le cas \u00e9ch\u00e9ant) afin que vous puissiez acc\u00e9der plus facilement et plus rapidement \u00e0 certaines zones du site. Ces types de cookies doivent \u00eatre stock\u00e9s sur le disque dur de votre ordinateur. Les cookies utilis\u00e9s par le projet FormAcc\u00e8s sont chiffr\u00e9s pour que les donn\u00e9es qu\u2019ils contiennent soient lisibles seulement par notre organisation afin vous offrir un acc\u00e8s aussi efficace que possible \u00e0 notre site Web.<\/p>\n<h3>Web Analytics<\/h3>\n<p>Afin de mieux vous servir, nous pouvons utiliser les services d\u2019analyseurs Web, y compris Google Analytics et Webtrends, pour aider \u00e0 analyser l\u2019utilisation de notre site. Ces outils utilisent des cookies pour recueillir et produire des renseignements concernant vos visites sur notre site (y compris votre adresse IP); ces renseignements sont transmis pour traitement \u00e0 leurs serveurs sous une forme anonyme. Nous \u00e9tudions ainsi les modes d\u2019utilisation du site afin de pouvoir am\u00e9liorer l\u2019exp\u00e9rience des personnes qui le visitent.<\/p>\n<p>Ces outils ne nous permettent pas, non plus qu\u2019\u00e0 nos fournisseurs de services d\u2019analyse, d\u2019identifier des individus.<br \/>Vous pouvez vous soustraire aux activit\u00e9s d\u2019analyse en configurant votre navigateur pour qu\u2019il vous avertisse chaque fois qu\u2019un cookie est envoy\u00e9 et qu\u2019il bloque les cookies des analyseurs, si vous le souhaitez. Consultez le menu d\u2019aide de votre navigateur pour obtenir des instructions. Si vous visitez notre site apr\u00e8s avoir d\u00e9sactiv\u00e9 les cookies des analyseurs, cela n\u2019aura pas d\u2019impact significatif sur votre exp\u00e9rience de navigation.<\/p>\n<p>Google propose actuellement un outil gratuit permettant de d\u00e9sactiver Google Analytics pour Internet Explorer (versions 7 et 8), Google Chrome (versions 4.x et sup\u00e9rieures) et Mozilla Firefox (versions 3.5 et sup\u00e9rieures) :&#032; <a href=\"https:\/\/tools.google.com\/dlpage\/gaoptout?hl=fr\">https:\/\/tools.google.com\/dlpage\/gaoptout?hl=fr<\/a>.<\/p>\n<h3>Communications par courriel<\/h3>\n<p>Nous publions un bulletin \u00e9lectronique qui est envoy\u00e9 p\u00e9riodiquement aux personnes qui y sont abonn\u00e9es. Ce bulletin est diffus\u00e9 par courriel. Vous pouvez vous abonner \u00e0 ce service ou vous d\u00e9sabonner en tout temps. \u00c0 l\u2019occasion, pendant toute l\u2019ann\u00e9e, nous pouvons envoyer par courriel des annonces au sujet du projet FormAcc\u00e8s.<\/p>\n<h3>Pour en savoir plus<\/h3>\n<p class=\" translation-block\">Si vous avez des questions, des pr\u00e9occupations ou des commentaires au sujet de la protection de vos renseignements personnels sur le site <a href=\"http:\/\/www.theteachableproject.org\/\" target=\"_self\" role=\"link\">www.theTeachAbleproject.org<\/a>, faites-nous-en part par courriel \u00e0 l\u2019adresse <a href=\"mailto:solutions@oesc-cseo.org\" target=\"_self\" role=\"link\">solutions@oesc-cseo.org<\/a>.<\/p>\n<p>[\/et_pb_text][\/et_pb_column][\/et_pb_row][\/et_pb_section]<\/p>","protected":false},"excerpt":{"rendered":"<p>Our Commitment To Privacy The TeachAble Project is committed to protecting the privacy of your information. We provide this Privacy Policy explaining our online information practices and the choices you can make about the way your information is collected and used on this website. What Personally Identifiable Information Is Collected On This Site? When you [&hellip;]<\/p>","protected":false},"author":3,"featured_media":0,"parent":0,"menu_order":6,"comment_status":"closed","ping_status":"closed","template":"","meta":{"_et_pb_use_builder":"on","_et_pb_old_content":"<!-- wp:heading -->\n<h2>Who we are<\/h2>\n<!-- \/wp:heading -->\n\n<!-- wp:paragraph -->\n<p><strong class=\"privacy-policy-tutorial\">Suggested text: <\/strong>Our website address is: https:\/\/teachable-wp.oesc-cseo.org.<\/p>\n<!-- \/wp:paragraph -->\n\n<!-- wp:heading -->\n<h2>Comments<\/h2>\n<!-- \/wp:heading -->\n\n<!-- wp:paragraph -->\n<p><strong class=\"privacy-policy-tutorial\">Suggested text: <\/strong>When visitors leave comments on the site we collect the data shown in the comments form, and also the visitor\u2019s IP address and browser user agent string to help spam detection.<\/p>\n<!-- \/wp:paragraph -->\n\n<!-- wp:paragraph -->\n<p>An anonymized string created from your email address (also called a hash) may be provided to the Gravatar service to see if you are using it. The Gravatar service privacy policy is available here: https:\/\/automattic.com\/privacy\/. After approval of your comment, your profile picture is visible to the public in the context of your comment.<\/p>\n<!-- \/wp:paragraph -->\n\n<!-- wp:heading -->\n<h2>Media<\/h2>\n<!-- \/wp:heading -->\n\n<!-- wp:paragraph -->\n<p><strong class=\"privacy-policy-tutorial\">Suggested text: <\/strong>If you upload images to the website, you should avoid uploading images with embedded location data (EXIF GPS) included. Visitors to the website can download and extract any location data from images on the website.<\/p>\n<!-- \/wp:paragraph -->\n\n<!-- wp:heading -->\n<h2>Cookies<\/h2>\n<!-- \/wp:heading -->\n\n<!-- wp:paragraph -->\n<p><strong class=\"privacy-policy-tutorial\">Suggested text: <\/strong>If you leave a comment on our site you may opt-in to saving your name, email address and website in cookies. These are for your convenience so that you do not have to fill in your details again when you leave another comment. These cookies will last for one year.<\/p>\n<!-- \/wp:paragraph -->\n\n<!-- wp:paragraph -->\n<p>If you visit our login page, we will set a temporary cookie to determine if your browser accepts cookies. This cookie contains no personal data and is discarded when you close your browser.<\/p>\n<!-- \/wp:paragraph -->\n\n<!-- wp:paragraph -->\n<p>When you log in, we will also set up several cookies to save your login information and your screen display choices. Login cookies last for two days, and screen options cookies last for a year. If you select \"Remember Me\", your login will persist for two weeks. If you log out of your account, the login cookies will be removed.<\/p>\n<!-- \/wp:paragraph -->\n\n<!-- wp:paragraph -->\n<p>If you edit or publish an article, an additional cookie will be saved in your browser. This cookie includes no personal data and simply indicates the post ID of the article you just edited. It expires after 1 day.<\/p>\n<!-- \/wp:paragraph -->\n\n<!-- wp:heading -->\n<h2>Embedded content from other websites<\/h2>\n<!-- \/wp:heading -->\n\n<!-- wp:paragraph -->\n<p><strong class=\"privacy-policy-tutorial\">Suggested text: <\/strong>Articles on this site may include embedded content (e.g. videos, images, articles, etc.). Embedded content from other websites behaves in the exact same way as if the visitor has visited the other website.<\/p>\n<!-- \/wp:paragraph -->\n\n<!-- wp:paragraph -->\n<p>These websites may collect data about you, use cookies, embed additional third-party tracking, and monitor your interaction with that embedded content, including tracking your interaction with the embedded content if you have an account and are logged in to that website.<\/p>\n<!-- \/wp:paragraph -->\n\n<!-- wp:heading -->\n<h2>Who we share your data with<\/h2>\n<!-- \/wp:heading -->\n\n<!-- wp:paragraph -->\n<p><strong class=\"privacy-policy-tutorial\">Suggested text: <\/strong>If you request a password reset, your IP address will be included in the reset email.<\/p>\n<!-- \/wp:paragraph -->\n\n<!-- wp:heading -->\n<h2>How long we retain your data<\/h2>\n<!-- \/wp:heading -->\n\n<!-- wp:paragraph -->\n<p><strong class=\"privacy-policy-tutorial\">Suggested text: <\/strong>If you leave a comment, the comment and its metadata are retained indefinitely. This is so we can recognize and approve any follow-up comments automatically instead of holding them in a moderation queue.<\/p>\n<!-- \/wp:paragraph -->\n\n<!-- wp:paragraph -->\n<p>For users that register on our website (if any), we also store the personal information they provide in their user profile. All users can see, edit, or delete their personal information at any time (except they cannot change their username). Website administrators can also see and edit that information.<\/p>\n<!-- \/wp:paragraph -->\n\n<!-- wp:heading -->\n<h2>What rights you have over your data<\/h2>\n<!-- \/wp:heading -->\n\n<!-- wp:paragraph -->\n<p><strong class=\"privacy-policy-tutorial\">Suggested text: <\/strong>If you have an account on this site, or have left comments, you can request to receive an exported file of the personal data we hold about you, including any data you have provided to us. You can also request that we erase any personal data we hold about you. This does not include any data we are obliged to keep for administrative, legal, or security purposes.<\/p>\n<!-- \/wp:paragraph -->\n\n<!-- wp:heading -->\n<h2>Where we send your data<\/h2>\n<!-- \/wp:heading -->\n\n<!-- wp:paragraph -->\n<p><strong class=\"privacy-policy-tutorial\">Suggested text: <\/strong>Visitor comments may be checked through an automated spam detection service.<\/p>\n<!-- \/wp:paragraph -->","_et_gb_content_width":"","footnotes":""},"wf_page_folders":[],"class_list":["post-2356","page","type-page","status-publish","hentry"],"yoast_head":"<!-- This site is optimized with the Yoast SEO plugin v22.0 - https:\/\/yoast.com\/wordpress\/plugins\/seo\/ -->\n<title>Privacy - The Teachable Project<\/title>\n<meta name=\"robots\" content=\"index, follow, max-snippet:-1, max-image-preview:large, max-video-preview:-1\" \/>\n<link rel=\"canonical\" href=\"https:\/\/theteachableproject.org\/fr-ca\/privacy\/\" \/>\n<meta property=\"og:locale\" content=\"fr_CA\" \/>\n<meta property=\"og:type\" content=\"article\" \/>\n<meta property=\"og:title\" content=\"Privacy - The Teachable Project\" \/>\n<meta property=\"og:description\" content=\"Our Commitment To Privacy The TeachAble Project is committed to protecting the privacy of your information. We provide this Privacy Policy explaining our online information practices and the choices you can make about the way your information is collected and used on this website. What Personally Identifiable Information Is Collected On This Site? When you [&hellip;]\" \/>\n<meta property=\"og:url\" content=\"https:\/\/theteachableproject.org\/fr-ca\/privacy\/\" \/>\n<meta property=\"og:site_name\" content=\"The Teachable Project\" \/>\n<meta property=\"article:modified_time\" content=\"2021-09-27T16:50:22+00:00\" \/>\n<meta name=\"twitter:card\" content=\"summary_large_image\" \/>\n<meta name=\"twitter:label1\" content=\"Estimation du temps de lecture\" \/>\n\t<meta name=\"twitter:data1\" content=\"4 minutes\" \/>\n<script type=\"application\/ld+json\" class=\"yoast-schema-graph\">{\"@context\":\"https:\/\/schema.org\",\"@graph\":[{\"@type\":\"WebPage\",\"@id\":\"https:\/\/theteachableproject.org\/privacy\/\",\"url\":\"https:\/\/theteachableproject.org\/privacy\/\",\"name\":\"Privacy - The Teachable Project\",\"isPartOf\":{\"@id\":\"https:\/\/theteachableproject.org\/fr-ca\/#website\"},\"datePublished\":\"2021-09-08T18:15:45+00:00\",\"dateModified\":\"2021-09-27T16:50:22+00:00\",\"breadcrumb\":{\"@id\":\"https:\/\/theteachableproject.org\/privacy\/#breadcrumb\"},\"inLanguage\":\"fr-CA\",\"potentialAction\":[{\"@type\":\"ReadAction\",\"target\":[\"https:\/\/theteachableproject.org\/privacy\/\"]}]},{\"@type\":\"BreadcrumbList\",\"@id\":\"https:\/\/theteachableproject.org\/privacy\/#breadcrumb\",\"itemListElement\":[{\"@type\":\"ListItem\",\"position\":1,\"name\":\"Home\",\"item\":\"https:\/\/theteachableproject.org\/fr-ca\/\"},{\"@type\":\"ListItem\",\"position\":2,\"name\":\"Privacy\"}]},{\"@type\":\"WebSite\",\"@id\":\"https:\/\/theteachableproject.org\/fr-ca\/#website\",\"url\":\"https:\/\/theteachableproject.org\/fr-ca\/\",\"name\":\"The Teachable Project\",\"description\":\"The Teachable Project\",\"potentialAction\":[{\"@type\":\"SearchAction\",\"target\":{\"@type\":\"EntryPoint\",\"urlTemplate\":\"https:\/\/theteachableproject.org\/fr-ca\/?s={search_term_string}\"},\"query-input\":\"required name=search_term_string\"}],\"inLanguage\":\"fr-CA\"}]}<\/script>\n<!-- \/ Yoast SEO plugin. -->","yoast_head_json":{"title":"Privacy - The Teachable Project","robots":{"index":"index","follow":"follow","max-snippet":"max-snippet:-1","max-image-preview":"max-image-preview:large","max-video-preview":"max-video-preview:-1"},"canonical":"https:\/\/theteachableproject.org\/fr-ca\/privacy\/","og_locale":"fr_CA","og_type":"article","og_title":"Privacy - The Teachable Project","og_description":"Our Commitment To Privacy The TeachAble Project is committed to protecting the privacy of your information. We provide this Privacy Policy explaining our online information practices and the choices you can make about the way your information is collected and used on this website. What Personally Identifiable Information Is Collected On This Site? When you [&hellip;]","og_url":"https:\/\/theteachableproject.org\/fr-ca\/privacy\/","og_site_name":"The Teachable Project","article_modified_time":"2021-09-27T16:50:22+00:00","twitter_card":"summary_large_image","twitter_misc":{"Estimation du temps de lecture":"4 minutes"},"schema":{"@context":"https:\/\/schema.org","@graph":[{"@type":"WebPage","@id":"https:\/\/theteachableproject.org\/privacy\/","url":"https:\/\/theteachableproject.org\/privacy\/","name":"Privacy - The Teachable Project","isPartOf":{"@id":"https:\/\/theteachableproject.org\/fr-ca\/#website"},"datePublished":"2021-09-08T18:15:45+00:00","dateModified":"2021-09-27T16:50:22+00:00","breadcrumb":{"@id":"https:\/\/theteachableproject.org\/privacy\/#breadcrumb"},"inLanguage":"fr-CA","potentialAction":[{"@type":"ReadAction","target":["https:\/\/theteachableproject.org\/privacy\/"]}]},{"@type":"BreadcrumbList","@id":"https:\/\/theteachableproject.org\/privacy\/#breadcrumb","itemListElement":[{"@type":"ListItem","position":1,"name":"Home","item":"https:\/\/theteachableproject.org\/fr-ca\/"},{"@type":"ListItem","position":2,"name":"Privacy"}]},{"@type":"WebSite","@id":"https:\/\/theteachableproject.org\/fr-ca\/#website","url":"https:\/\/theteachableproject.org\/fr-ca\/","name":"The Teachable Project","description":"The Teachable Project","potentialAction":[{"@type":"SearchAction","target":{"@type":"EntryPoint","urlTemplate":"https:\/\/theteachableproject.org\/fr-ca\/?s={search_term_string}"},"query-input":"required name=search_term_string"}],"inLanguage":"fr-CA"}]}},"_links":{"self":[{"href":"https:\/\/theteachableproject.org\/fr-ca\/wp-json\/wp\/v2\/pages\/2356"}],"collection":[{"href":"https:\/\/theteachableproject.org\/fr-ca\/wp-json\/wp\/v2\/pages"}],"about":[{"href":"https:\/\/theteachableproject.org\/fr-ca\/wp-json\/wp\/v2\/types\/page"}],"author":[{"embeddable":true,"href":"https:\/\/theteachableproject.org\/fr-ca\/wp-json\/wp\/v2\/users\/3"}],"replies":[{"embeddable":true,"href":"https:\/\/theteachableproject.org\/fr-ca\/wp-json\/wp\/v2\/comments?post=2356"}],"version-history":[{"count":0,"href":"https:\/\/theteachableproject.org\/fr-ca\/wp-json\/wp\/v2\/pages\/2356\/revisions"}],"wp:attachment":[{"href":"https:\/\/theteachableproject.org\/fr-ca\/wp-json\/wp\/v2\/media?parent=2356"}],"wp:term":[{"taxonomy":"wf_page_folders","embeddable":true,"href":"https:\/\/theteachableproject.org\/fr-ca\/wp-json\/wp\/v2\/wf_page_folders?post=2356"}],"curies":[{"name":"wp","href":"https:\/\/api.w.org\/{rel}","templated":true}]}}