{"id":2183,"date":"2021-09-08T13:54:11","date_gmt":"2021-09-08T17:54:11","guid":{"rendered":"https:\/\/teachable-wp.oesc-cseo.org\/?page_id=2183"},"modified":"2021-10-28T13:28:42","modified_gmt":"2021-10-28T17:28:42","slug":"lesson-plan-writers-french","status":"publish","type":"page","link":"https:\/\/theteachableproject.org\/fr-ca\/community\/contributors\/lesson-plan-writers-french\/","title":{"rendered":"R\u00e9dactrices des plans de le\u00e7ons de langue fran\u00e7aise"},"content":{"rendered":"<p>[et_pb_section fb_built=&#8221;1&#8243; specialty=&#8221;on&#8221; padding_top_bottom_link_1=&#8221;false&#8221; padding_left_right_link_1=&#8221;false&#8221; module_class=&#8221;ttp-lp-sidebar&#8221; _builder_version=&#8221;4.9.11&#8243; _module_preset=&#8221;default&#8221; width=&#8221;100%&#8221; inner_width=&#8221;100%&#8221; locked=&#8221;off&#8221; global_colors_info=&#8221;{}&#8221;][et_pb_column type=&#8221;1_4&#8243; _builder_version=&#8221;3.25&#8243; custom_padding=&#8221;|||&#8221; global_colors_info=&#8221;{}&#8221; custom_padding__hover=&#8221;|||&#8221;][et_pb_text _builder_version=&#8221;4.9.11&#8243; _module_preset=&#8221;default&#8221; custom_css_before=&#8221;content: &#8216;\u261a&#8217;;||position: absolute;||margin-left: -20px;&#8221; custom_css_main_element=&#8221;margin-left: 20px;&#8221; global_colors_info=&#8221;{}&#8221;]<\/p>\n<p><a href=\"https:\/\/theteachableproject.org\/fr-ca\/community\/\" title=\"Back to Community\">Communaut\u00e9<\/a><\/p>\n<p>[\/et_pb_text][et_pb_code admin_label=&#8221;Code (#toc)&#8221; module_id=&#8221;toc&#8221; _builder_version=&#8221;4.9.11&#8243; _module_preset=&#8221;default&#8221; custom_margin=&#8221;0px||0px||false|false&#8221; custom_padding=&#8221;0px||0px||false|false&#8221; global_colors_info=&#8221;{}&#8221;][\/et_pb_code][et_pb_text admin_label=&#8221;Text (EN)&#8221; module_class=&#8221;en-only&#8221; _builder_version=&#8221;4.9.11&#8243; _module_preset=&#8221;default&#8221; header_font=&#8221;|700||on|||||&#8221; header_font_size=&#8221;38px&#8221; header_2_font=&#8221;|600|||||||&#8221; header_2_text_align=&#8221;left&#8221; header_2_font_size=&#8221;34px&#8221; header_3_font=&#8221;|600|||||||&#8221; header_3_font_size=&#8221;30px&#8221; header_4_font=&#8221;|600|||||||&#8221; header_4_font_size=&#8221;26px&#8221; header_5_font=&#8221;|600|||||||&#8221; header_5_font_size=&#8221;22px&#8221; header_6_font=&#8221;|600|||||||&#8221; header_6_font_size=&#8221;20px&#8221; custom_margin=&#8221;0px|0px||0px|false|true&#8221; custom_margin_tablet=&#8221;0px||0px||false|true&#8221; custom_margin_phone=&#8221;&#8221; custom_margin_last_edited=&#8221;on|phone&#8221; custom_padding=&#8221;|0px||0px|false|true&#8221; text_font_size_tablet=&#8221;&#8221; text_font_size_phone=&#8221;22px&#8221; text_font_size_last_edited=&#8221;on|desktop&#8221; header_2_font_size_tablet=&#8221;22px&#8221; header_2_font_size_phone=&#8221;16px&#8221; header_2_font_size_last_edited=&#8221;on|phone&#8221; custom_css_main_element=&#8221;display:none;&#8221; global_colors_info=&#8221;{}&#8221;]<\/p>\n<h2 style=\"text-align: left;\">Navigation<\/h2>\n<p style=\"text-align: right;\"><strong>Pr\u00e9c\u00e9dent<\/strong><br \/><a href=\"https:\/\/theteachableproject.org\/fr-ca\/community\/contributors\/lesson-plan-writers-english\/\">Lesson Plan Writers: English<\/a><\/p>\n<p>[\/et_pb_text][\/et_pb_column][et_pb_column type=&#8221;3_4&#8243; specialty_columns=&#8221;3&#8243; _builder_version=&#8221;3.25&#8243; custom_padding=&#8221;|||&#8221; global_colors_info=&#8221;{}&#8221; custom_padding__hover=&#8221;|||&#8221;][et_pb_row_inner _builder_version=&#8221;4.9.11&#8243; _module_preset=&#8221;default&#8221; custom_padding=&#8221;||0px||false|false&#8221; global_colors_info=&#8221;{}&#8221;][et_pb_column_inner saved_specialty_column_type=&#8221;3_4&#8243; _builder_version=&#8221;4.9.11&#8243; _module_preset=&#8221;default&#8221; global_colors_info=&#8221;{}&#8221;][et_pb_post_title meta=&#8221;off&#8221; _builder_version=&#8221;4.9.11&#8243; _module_preset=&#8221;default&#8221; title_font=&#8221;|700|||||||&#8221; title_font_size=&#8221;42px&#8221; global_colors_info=&#8221;{}&#8221;][\/et_pb_post_title][\/et_pb_column_inner][\/et_pb_row_inner][et_pb_row_inner _builder_version=&#8221;4.9.11&#8243; _module_preset=&#8221;default&#8221; custom_padding=&#8221;0px||||false|false&#8221; global_colors_info=&#8221;{}&#8221;][et_pb_column_inner saved_specialty_column_type=&#8221;3_4&#8243; module_class=&#8221;cc-grid&#8221; _builder_version=&#8221;4.9.11&#8243; _module_preset=&#8221;default&#8221; global_colors_info=&#8221;{}&#8221;][et_pb_blurb title=&#8221;Linda Chass\u00e9&#8221; image=&#8221;http:\/\/theteachableproject.org\/wp-content\/uploads\/2021\/09\/profileimagefile_chasse1.jpg&#8221; alt=&#8221;Linda Chass\u00e9&#8221; _builder_version=&#8221;4.9.11&#8243; _module_preset=&#8221;default&#8221; header_level=&#8221;h2&#8243; header_font=&#8221;Montserrat|700|||||||&#8221; header_font_size=&#8221;0.75em&#8221; header_line_height=&#8221;1.2em&#8221; body_font_size=&#8221;0.9em&#8221; body_line_height=&#8221;1.2em&#8221; max_width=&#8221;200px&#8221; custom_padding=&#8221;||||false|false&#8221; border_radii_image=&#8221;on|5px|5px|5px|5px&#8221; global_colors_info=&#8221;{}&#8221;]<\/p>\n<p>Enseignante<\/p>\n<p><strong>Ottawa-Carleton DSB<\/strong><\/p>\n<p>[\/et_pb_blurb][et_pb_blurb title=&#8221;Carole Larose&#8221; image=&#8221;http:\/\/theteachableproject.org\/wp-content\/uploads\/2021\/09\/profileimagefile_larose1.jpg&#8221; alt=&#8221;Carole Larose&#8221; _builder_version=&#8221;4.10.7&#8243; _module_preset=&#8221;default&#8221; header_level=&#8221;h2&#8243; header_font=&#8221;Montserrat|700|||||||&#8221; header_font_size=&#8221;0.75em&#8221; header_line_height=&#8221;1.2em&#8221; body_font_size=&#8221;0.9em&#8221; body_line_height=&#8221;1.2em&#8221; max_width=&#8221;200px&#8221; custom_padding=&#8221;||||false|false&#8221; hover_enabled=&#8221;0&#8243; border_radii_image=&#8221;on|5px|5px|5px|5px&#8221; global_colors_info=&#8221;{}&#8221; sticky_enabled=&#8221;0&#8243;]<\/p>\n<p>Enseignante<\/p>\n<p><strong>CSCD des Grandes Rivi\u00e8res<\/strong><\/p>\n<p>[\/et_pb_blurb][et_pb_blurb title=&#8221;Tania Lemieux&#8221; image=&#8221;http:\/\/theteachableproject.org\/wp-content\/uploads\/2021\/09\/profileimagefile_lemieux1.jpg&#8221; alt=&#8221;Tania Lemieux&#8221; _builder_version=&#8221;4.9.11&#8243; _module_preset=&#8221;default&#8221; header_level=&#8221;h2&#8243; header_font=&#8221;Montserrat|700|||||||&#8221; header_font_size=&#8221;0.75em&#8221; header_line_height=&#8221;1.2em&#8221; body_font_size=&#8221;0.9em&#8221; body_line_height=&#8221;1.2em&#8221; max_width=&#8221;200px&#8221; custom_padding=&#8221;||||false|false&#8221; border_radii_image=&#8221;on|5px|5px|5px|5px&#8221; global_colors_info=&#8221;{}&#8221;]<\/p>\n<p>Enseignante<\/p>\n<p><strong>Ottawa-Carleton DSB<\/strong><\/p>\n<p>[\/et_pb_blurb][et_pb_blurb title=&#8221;Rita Lukss&#8221; image=&#8221;http:\/\/theteachableproject.org\/wp-content\/uploads\/2021\/09\/profileimagefile_lukss1.jpg&#8221; alt=&#8221;Rita Lukss&#8221; _builder_version=&#8221;4.9.11&#8243; _module_preset=&#8221;default&#8221; header_level=&#8221;h2&#8243; header_font=&#8221;Montserrat|700|||||||&#8221; header_font_size=&#8221;0.75em&#8221; header_line_height=&#8221;1.2em&#8221; body_font_size=&#8221;0.9em&#8221; body_line_height=&#8221;1.2em&#8221; max_width=&#8221;200px&#8221; custom_padding=&#8221;||||false|false&#8221; border_radii_image=&#8221;on|5px|5px|5px|5px&#8221; global_colors_info=&#8221;{}&#8221;]<\/p>\n<p>Enseignante<\/p>\n<p><strong>Ottawa-Carleton DSB<\/strong><\/p>\n<p>[\/et_pb_blurb][et_pb_blurb title=&#8221;Marie-Soleil Moreau&#8221; image=&#8221;http:\/\/theteachableproject.org\/wp-content\/uploads\/2021\/09\/profileimagefile_moreau1.jpg&#8221; alt=&#8221;Marie-Soleil Moreau&#8221; _builder_version=&#8221;4.9.11&#8243; _module_preset=&#8221;default&#8221; header_level=&#8221;h2&#8243; header_font=&#8221;Montserrat|700|||||||&#8221; header_font_size=&#8221;0.75em&#8221; header_line_height=&#8221;1.2em&#8221; body_font_size=&#8221;0.9em&#8221; body_line_height=&#8221;1.2em&#8221; max_width=&#8221;200px&#8221; custom_padding=&#8221;||||false|false&#8221; border_radii_image=&#8221;on|5px|5px|5px|5px&#8221; global_colors_info=&#8221;{}&#8221;]<\/p>\n<p>Enseignante<\/p>\n<p><strong>York Region DSB<\/strong><\/p>\n<p>[\/et_pb_blurb][et_pb_blurb title=&#8221;Maddalena Shipton&#8221; image=&#8221;http:\/\/theteachableproject.org\/wp-content\/uploads\/2021\/09\/profileimagefile_shipton1.jpg&#8221; alt=&#8221;Maddalena Shipton&#8221; _builder_version=&#8221;4.9.11&#8243; _module_preset=&#8221;default&#8221; header_level=&#8221;h2&#8243; header_font=&#8221;Montserrat|700|||||||&#8221; header_font_size=&#8221;0.75em&#8221; header_line_height=&#8221;1.2em&#8221; body_font_size=&#8221;0.9em&#8221; body_line_height=&#8221;1.2em&#8221; max_width=&#8221;200px&#8221; custom_padding=&#8221;||||false|false&#8221; border_radii_image=&#8221;on|5px|5px|5px|5px&#8221; global_colors_info=&#8221;{}&#8221;]<\/p>\n<p>Enseignante<\/p>\n<p><strong>Toronto Catholic DSB<\/strong><\/p>\n<p>[\/et_pb_blurb][\/et_pb_column_inner][\/et_pb_row_inner][\/et_pb_column][\/et_pb_section]<\/p>","protected":false},"excerpt":{"rendered":"<p>CommunityNavigation PreviousLesson Plan Writers: EnglishTeacher Ottawa-Carleton DSBTeacher CSCD des Grandes Rivi\u00e8resTeacher Ottawa-Carleton DSBTeacher Ottawa-Carleton DSBTeacher York Region DSBTeacher Toronto Catholic DSB<\/p>","protected":false},"author":3,"featured_media":0,"parent":1841,"menu_order":4,"comment_status":"closed","ping_status":"closed","template":"","meta":{"_et_pb_use_builder":"on","_et_pb_old_content":"","_et_gb_content_width":"","footnotes":""},"wf_page_folders":[],"class_list":["post-2183","page","type-page","status-publish","hentry"],"yoast_head":"<!-- This site is optimized with the Yoast SEO plugin v22.0 - https:\/\/yoast.com\/wordpress\/plugins\/seo\/ -->\n<title>Lesson Plan Writers: French - The Teachable Project<\/title>\n<meta name=\"robots\" content=\"index, follow, max-snippet:-1, max-image-preview:large, max-video-preview:-1\" \/>\n<link rel=\"canonical\" href=\"https:\/\/theteachableproject.org\/fr-ca\/community\/contributors\/lesson-plan-writers-french\/\" \/>\n<meta property=\"og:locale\" content=\"fr_CA\" \/>\n<meta property=\"og:type\" content=\"article\" \/>\n<meta property=\"og:title\" content=\"Lesson Plan Writers: French - The Teachable Project\" \/>\n<meta property=\"og:description\" content=\"CommunityNavigation PreviousLesson Plan Writers: EnglishTeacher Ottawa-Carleton DSBTeacher CSCD des Grandes Rivi\u00e8resTeacher Ottawa-Carleton DSBTeacher Ottawa-Carleton DSBTeacher York Region DSBTeacher Toronto Catholic DSB\" \/>\n<meta property=\"og:url\" content=\"https:\/\/theteachableproject.org\/fr-ca\/community\/contributors\/lesson-plan-writers-french\/\" \/>\n<meta property=\"og:site_name\" content=\"The Teachable Project\" \/>\n<meta property=\"article:modified_time\" content=\"2021-10-28T17:28:42+00:00\" \/>\n<meta name=\"twitter:card\" content=\"summary_large_image\" \/>\n<meta name=\"twitter:label1\" content=\"Estimation du temps de lecture\" \/>\n\t<meta name=\"twitter:data1\" content=\"4 minutes\" \/>\n<script type=\"application\/ld+json\" class=\"yoast-schema-graph\">{\"@context\":\"https:\/\/schema.org\",\"@graph\":[{\"@type\":\"WebPage\",\"@id\":\"https:\/\/theteachableproject.org\/community\/contributors\/lesson-plan-writers-french\/\",\"url\":\"https:\/\/theteachableproject.org\/community\/contributors\/lesson-plan-writers-french\/\",\"name\":\"Lesson Plan Writers: French - The Teachable Project\",\"isPartOf\":{\"@id\":\"https:\/\/theteachableproject.org\/fr-ca\/#website\"},\"datePublished\":\"2021-09-08T17:54:11+00:00\",\"dateModified\":\"2021-10-28T17:28:42+00:00\",\"breadcrumb\":{\"@id\":\"https:\/\/theteachableproject.org\/community\/contributors\/lesson-plan-writers-french\/#breadcrumb\"},\"inLanguage\":\"fr-CA\",\"potentialAction\":[{\"@type\":\"ReadAction\",\"target\":[\"https:\/\/theteachableproject.org\/community\/contributors\/lesson-plan-writers-french\/\"]}]},{\"@type\":\"BreadcrumbList\",\"@id\":\"https:\/\/theteachableproject.org\/community\/contributors\/lesson-plan-writers-french\/#breadcrumb\",\"itemListElement\":[{\"@type\":\"ListItem\",\"position\":1,\"name\":\"Home\",\"item\":\"https:\/\/theteachableproject.org\/fr-ca\/\"},{\"@type\":\"ListItem\",\"position\":2,\"name\":\"Community\",\"item\":\"https:\/\/theteachableproject.org\/community\/\"},{\"@type\":\"ListItem\",\"position\":3,\"name\":\"Creators &#038; Advisors\",\"item\":\"https:\/\/theteachableproject.org\/community\/contributors\/\"},{\"@type\":\"ListItem\",\"position\":4,\"name\":\"Lesson Plan Writers: French\"}]},{\"@type\":\"WebSite\",\"@id\":\"https:\/\/theteachableproject.org\/fr-ca\/#website\",\"url\":\"https:\/\/theteachableproject.org\/fr-ca\/\",\"name\":\"The Teachable Project\",\"description\":\"The Teachable Project\",\"potentialAction\":[{\"@type\":\"SearchAction\",\"target\":{\"@type\":\"EntryPoint\",\"urlTemplate\":\"https:\/\/theteachableproject.org\/fr-ca\/?s={search_term_string}\"},\"query-input\":\"required name=search_term_string\"}],\"inLanguage\":\"fr-CA\"}]}<\/script>\n<!-- \/ Yoast SEO plugin. -->","yoast_head_json":{"title":"Lesson Plan Writers: French - The Teachable Project","robots":{"index":"index","follow":"follow","max-snippet":"max-snippet:-1","max-image-preview":"max-image-preview:large","max-video-preview":"max-video-preview:-1"},"canonical":"https:\/\/theteachableproject.org\/fr-ca\/community\/contributors\/lesson-plan-writers-french\/","og_locale":"fr_CA","og_type":"article","og_title":"Lesson Plan Writers: French - The Teachable Project","og_description":"CommunityNavigation PreviousLesson Plan Writers: EnglishTeacher Ottawa-Carleton DSBTeacher CSCD des Grandes Rivi\u00e8resTeacher Ottawa-Carleton DSBTeacher Ottawa-Carleton DSBTeacher York Region DSBTeacher Toronto Catholic DSB","og_url":"https:\/\/theteachableproject.org\/fr-ca\/community\/contributors\/lesson-plan-writers-french\/","og_site_name":"The Teachable Project","article_modified_time":"2021-10-28T17:28:42+00:00","twitter_card":"summary_large_image","twitter_misc":{"Estimation du temps de lecture":"4 minutes"},"schema":{"@context":"https:\/\/schema.org","@graph":[{"@type":"WebPage","@id":"https:\/\/theteachableproject.org\/community\/contributors\/lesson-plan-writers-french\/","url":"https:\/\/theteachableproject.org\/community\/contributors\/lesson-plan-writers-french\/","name":"Lesson Plan Writers: French - The Teachable Project","isPartOf":{"@id":"https:\/\/theteachableproject.org\/fr-ca\/#website"},"datePublished":"2021-09-08T17:54:11+00:00","dateModified":"2021-10-28T17:28:42+00:00","breadcrumb":{"@id":"https:\/\/theteachableproject.org\/community\/contributors\/lesson-plan-writers-french\/#breadcrumb"},"inLanguage":"fr-CA","potentialAction":[{"@type":"ReadAction","target":["https:\/\/theteachableproject.org\/community\/contributors\/lesson-plan-writers-french\/"]}]},{"@type":"BreadcrumbList","@id":"https:\/\/theteachableproject.org\/community\/contributors\/lesson-plan-writers-french\/#breadcrumb","itemListElement":[{"@type":"ListItem","position":1,"name":"Home","item":"https:\/\/theteachableproject.org\/fr-ca\/"},{"@type":"ListItem","position":2,"name":"Community","item":"https:\/\/theteachableproject.org\/community\/"},{"@type":"ListItem","position":3,"name":"Creators &#038; Advisors","item":"https:\/\/theteachableproject.org\/community\/contributors\/"},{"@type":"ListItem","position":4,"name":"Lesson Plan Writers: French"}]},{"@type":"WebSite","@id":"https:\/\/theteachableproject.org\/fr-ca\/#website","url":"https:\/\/theteachableproject.org\/fr-ca\/","name":"The Teachable Project","description":"The Teachable Project","potentialAction":[{"@type":"SearchAction","target":{"@type":"EntryPoint","urlTemplate":"https:\/\/theteachableproject.org\/fr-ca\/?s={search_term_string}"},"query-input":"required name=search_term_string"}],"inLanguage":"fr-CA"}]}},"_links":{"self":[{"href":"https:\/\/theteachableproject.org\/fr-ca\/wp-json\/wp\/v2\/pages\/2183"}],"collection":[{"href":"https:\/\/theteachableproject.org\/fr-ca\/wp-json\/wp\/v2\/pages"}],"about":[{"href":"https:\/\/theteachableproject.org\/fr-ca\/wp-json\/wp\/v2\/types\/page"}],"author":[{"embeddable":true,"href":"https:\/\/theteachableproject.org\/fr-ca\/wp-json\/wp\/v2\/users\/3"}],"replies":[{"embeddable":true,"href":"https:\/\/theteachableproject.org\/fr-ca\/wp-json\/wp\/v2\/comments?post=2183"}],"version-history":[{"count":0,"href":"https:\/\/theteachableproject.org\/fr-ca\/wp-json\/wp\/v2\/pages\/2183\/revisions"}],"up":[{"embeddable":true,"href":"https:\/\/theteachableproject.org\/fr-ca\/wp-json\/wp\/v2\/pages\/1841"}],"wp:attachment":[{"href":"https:\/\/theteachableproject.org\/fr-ca\/wp-json\/wp\/v2\/media?parent=2183"}],"wp:term":[{"taxonomy":"wf_page_folders","embeddable":true,"href":"https:\/\/theteachableproject.org\/fr-ca\/wp-json\/wp\/v2\/wf_page_folders?post=2183"}],"curies":[{"name":"wp","href":"https:\/\/api.w.org\/{rel}","templated":true}]}}