{"id":1837,"date":"2021-09-07T13:51:16","date_gmt":"2021-09-07T17:51:16","guid":{"rendered":"https:\/\/teachable-wp.oesc-cseo.org\/?page_id=1837"},"modified":"2021-10-28T13:23:57","modified_gmt":"2021-10-28T17:23:57","slug":"assessment","status":"publish","type":"page","link":"https:\/\/theteachableproject.org\/fr-ca\/resources\/access-to-success\/assessment\/","title":{"rendered":"\u00c9valuation"},"content":{"rendered":"<p>[et_pb_section fb_built=&#8221;1&#8243; specialty=&#8221;on&#8221; padding_top_bottom_link_1=&#8221;false&#8221; padding_left_right_link_1=&#8221;false&#8221; module_class=&#8221;ttp-lp-sidebar&#8221; _builder_version=&#8221;4.9.11&#8243; _module_preset=&#8221;default&#8221; width=&#8221;100%&#8221; inner_width=&#8221;100%&#8221; locked=&#8221;off&#8221; global_colors_info=&#8221;{}&#8221;][et_pb_column type=&#8221;1_4&#8243; _builder_version=&#8221;3.25&#8243; custom_padding=&#8221;|||&#8221; global_colors_info=&#8221;{}&#8221; custom_padding__hover=&#8221;|||&#8221;][et_pb_text _builder_version=&#8221;4.9.11&#8243; _module_preset=&#8221;default&#8221; custom_css_before=&#8221;content: &#8216;\u261a&#8217;;||position: absolute;||margin-left: -20px;&#8221; custom_css_main_element=&#8221;margin-left: 20px;&#8221; global_colors_info=&#8221;{}&#8221;]<a href=\"https:\/\/theteachableproject.org\/fr-ca\/resources\/\" title=\"Retour aux ressources\">Ressources<\/a>[\/et_pb_text][et_pb_text module_id=&#8221;toc&#8221; _builder_version=&#8221;4.9.11&#8243; _module_preset=&#8221;default&#8221; header_font=&#8221;|700||on|||||&#8221; header_font_size=&#8221;38px&#8221; header_2_font=&#8221;|600|||||||&#8221; header_2_text_align=&#8221;left&#8221; header_2_font_size=&#8221;34px&#8221; header_3_font=&#8221;|600|||||||&#8221; header_3_font_size=&#8221;30px&#8221; header_4_font=&#8221;|600|||||||&#8221; header_4_font_size=&#8221;26px&#8221; header_5_font=&#8221;|600|||||||&#8221; header_5_font_size=&#8221;22px&#8221; header_6_font=&#8221;|600|||||||&#8221; header_6_font_size=&#8221;20px&#8221; custom_margin=&#8221;||0px||false|true&#8221; custom_margin_tablet=&#8221;0px||0px||false|true&#8221; custom_margin_last_edited=&#8221;off|desktop&#8221; custom_padding=&#8221;||||false|true&#8221; text_font_size_tablet=&#8221;&#8221; text_font_size_phone=&#8221;22px&#8221; text_font_size_last_edited=&#8221;on|desktop&#8221; header_2_font_size_tablet=&#8221;22px&#8221; header_2_font_size_phone=&#8221;16px&#8221; header_2_font_size_last_edited=&#8221;on|phone&#8221; global_colors_info=&#8221;{}&#8221;]<\/p>\n<h2>Ressource<\/h2>\n<p>[\/et_pb_text][et_pb_image src=&#8221;http:\/\/theteachableproject.org\/wp-content\/uploads\/2021\/09\/preview_d3fa334866ae241d717abae517346e7f1-232&#215;300.jpg&#8221; alt=&#8221;Image of Assessment cover&#8221; title_text=&#8221;preview_d3fa334866ae241d717abae517346e7f%911%93&#8243; url=&#8221;\/wp-content\/uploads\/2021\/09\/assessment_en.pdf&#8221; url_new_window=&#8221;on&#8221; align=&#8221;center&#8221; module_class=&#8221;en-only&#8221; _builder_version=&#8221;4.9.11&#8243; _module_preset=&#8221;default&#8221; max_height=&#8221;200px&#8221; custom_margin=&#8221;||0px||false|false&#8221; global_colors_info=&#8221;{}&#8221;][\/et_pb_image][et_pb_image src=&#8221;http:\/\/theteachableproject.org\/wp-content\/uploads\/2021\/09\/preview_baa5cedd00be3219f79d2c71921162671-232&#215;300.jpg&#8221; alt=&#8221;Image of \u00c9valuation cover&#8221; title_text=&#8221;preview_baa5cedd00be3219f79d2c7192116267%911%93&#8243; url=&#8221;\/wp-content\/uploads\/2021\/09\/assessment_fr.pdf&#8221; url_new_window=&#8221;on&#8221; align=&#8221;center&#8221; module_class=&#8221;fr-only&#8221; _builder_version=&#8221;4.10.7&#8243; _module_preset=&#8221;default&#8221; max_height=&#8221;200px&#8221; custom_margin=&#8221;||0px||false|false&#8221; global_colors_info=&#8221;{}&#8221;][\/et_pb_image][et_pb_text _builder_version=&#8221;4.10.7&#8243; _module_preset=&#8221;default&#8221; global_colors_info=&#8221;{}&#8221;]<\/p>\n<p><a href=\"\/wp-content\/uploads\/2021\/09\/assessment_fr.pdf\" target=\"_blank\" rel=\"noopener\" title=\"T\u00e9l\u00e9charger \u00c9valuation pdf\">\u00c9valuation<\/a>\u00a0<strong>&#032;[PDF]<\/strong><\/p>\n<p>[\/et_pb_text][et_pb_text _builder_version=&#8221;4.9.11&#8243; _module_preset=&#8221;default&#8221; header_font=&#8221;|700||on|||||&#8221; header_font_size=&#8221;38px&#8221; header_2_font=&#8221;|600|||||||&#8221; header_2_text_align=&#8221;left&#8221; header_2_font_size=&#8221;34px&#8221; header_3_font=&#8221;|600|||||||&#8221; header_3_font_size=&#8221;30px&#8221; header_4_font=&#8221;|600|||||||&#8221; header_4_font_size=&#8221;26px&#8221; header_5_font=&#8221;|600|||||||&#8221; header_5_font_size=&#8221;22px&#8221; header_6_font=&#8221;|600|||||||&#8221; header_6_font_size=&#8221;20px&#8221; custom_margin=&#8221;15px|0px||0px|false|true&#8221; custom_margin_tablet=&#8221;0px||0px||false|true&#8221; custom_margin_phone=&#8221;&#8221; custom_margin_last_edited=&#8221;on|phone&#8221; custom_padding=&#8221;|0px||0px|false|true&#8221; text_font_size_tablet=&#8221;&#8221; text_font_size_phone=&#8221;22px&#8221; text_font_size_last_edited=&#8221;on|desktop&#8221; header_2_font_size_tablet=&#8221;22px&#8221; header_2_font_size_phone=&#8221;16px&#8221; header_2_font_size_last_edited=&#8221;on|phone&#8221; global_colors_info=&#8221;{}&#8221;]<\/p>\n<h2 style=\"text-align: left;\">Navigation<\/h2>\n<p style=\"text-align: right;\"><strong>Pr\u00e9c\u00e9dent<\/strong><br \/>\n<a href=\"https:\/\/theteachableproject.org\/fr-ca\/resources\/access-to-success\/community-connections\/\">Liens avec la communaut\u00e9<\/a><\/p>\n<p>[\/et_pb_text][\/et_pb_column][et_pb_column type=&#8221;3_4&#8243; specialty_columns=&#8221;3&#8243; _builder_version=&#8221;3.25&#8243; custom_padding=&#8221;|||&#8221; global_colors_info=&#8221;{}&#8221; custom_padding__hover=&#8221;|||&#8221;][et_pb_row_inner _builder_version=&#8221;4.9.11&#8243; _module_preset=&#8221;default&#8221; custom_padding=&#8221;||0px||false|false&#8221; global_colors_info=&#8221;{}&#8221;][et_pb_column_inner saved_specialty_column_type=&#8221;3_4&#8243; _builder_version=&#8221;4.9.11&#8243; _module_preset=&#8221;default&#8221; global_colors_info=&#8221;{}&#8221;][et_pb_post_title meta=&#8221;off&#8221; _builder_version=&#8221;4.9.11&#8243; _module_preset=&#8221;default&#8221; title_font=&#8221;|700|||||||&#8221; title_font_size=&#8221;42px&#8221; global_colors_info=&#8221;{}&#8221;][\/et_pb_post_title][et_pb_code _builder_version=&#8221;4.9.11&#8243; _module_preset=&#8221;default&#8221; max_width=&#8221;100%&#8221; max_width_tablet=&#8221;100%&#8221; max_width_phone=&#8221;&#8221; max_width_last_edited=&#8221;on|desktop&#8221; global_colors_info=&#8221;{}&#8221;]<\/p>\n<div class=\"ppt-text-over-image\"><!-- [et_pb_line_break_holder] -->  <img decoding=\"async\" loading=\"lazy\" width=\"1000\" height=\"655\" src=\"http:\/\/theteachableproject.org\/wp-content\/uploads\/2021\/09\/chalkboard1.jpg\" alt=\"Chalkboard with numbers 1, 2, 3 and 4 along the bottom with an arrow going from 1 to 4 above the numbers\" title=\"chalkboard[1]\" srcset=\"https:\/\/theteachableproject.org\/wp-content\/uploads\/2021\/09\/chalkboard1.jpg 1000w, https:\/\/theteachableproject.org\/wp-content\/uploads\/2021\/09\/chalkboard1-980x642.jpg 980w, https:\/\/theteachableproject.org\/wp-content\/uploads\/2021\/09\/chalkboard1-480x314.jpg 480w\" sizes=\"(min-width: 0px) and (max-width: 480px) 480px, (min-width: 481px) and (max-width: 980px) 980px, (min-width: 981px) 1000px, 100vw\" class=\"wp-image-1503\"><!-- [et_pb_line_break_holder] -->  <\/p>\n<div><!-- [et_pb_line_break_holder] -->    <\/p>\n<h2 style=\"color: #ffffff\">What&#8217;s Your Number?<\/h2>\n<p><!-- [et_pb_line_break_holder] -->  <\/div>\n<p><!-- [et_pb_line_break_holder] --><\/div>\n<p>[\/et_pb_code][\/et_pb_column_inner][\/et_pb_row_inner][et_pb_row_inner column_structure=&#8221;1_2,1_2&#8243; _builder_version=&#8221;4.9.11&#8243; _module_preset=&#8221;default&#8221; custom_margin=&#8221;0px|0px|0px|0px|false|false&#8221; custom_padding=&#8221;0px|0px|0px|0px|false|false&#8221; border_width_all=&#8221;2px&#8221; border_color_all=&#8221;#FFFFFF&#8221; global_colors_info=&#8221;{}&#8221;][et_pb_column_inner type=&#8221;1_2&#8243; saved_specialty_column_type=&#8221;3_4&#8243; _builder_version=&#8221;4.9.11&#8243; _module_preset=&#8221;default&#8221; custom_padding=&#8221;0px|0px|0px|0px|false|false&#8221; global_colors_info=&#8221;{}&#8221;][et_pb_text _builder_version=&#8221;4.10.7&#8243; _module_preset=&#8221;default&#8221; text_text_color=&#8221;#000000&#8243; background_color=&#8221;#ffffff&#8221; custom_margin=&#8221;0px|0px|0px|0px|false|false&#8221; custom_padding=&#8221;0.5rem|0.75rem|0.5rem|0.75rem|false|false&#8221; hover_enabled=&#8221;0&#8243; global_colors_info=&#8221;{}&#8221; sticky_enabled=&#8221;0&#8243;]<\/p>\n<p><strong>1 :<\/strong> <span style=\"text-transform: uppercase;\">Planification<\/span><\/p>\n<p>[\/et_pb_text][\/et_pb_column_inner][et_pb_column_inner type=&#8221;1_2&#8243; saved_specialty_column_type=&#8221;3_4&#8243; _builder_version=&#8221;4.9.11&#8243; _module_preset=&#8221;default&#8221; custom_padding=&#8221;0px|0px|0px|0px|false|false&#8221; global_colors_info=&#8221;{}&#8221;][et_pb_text _builder_version=&#8221;4.10.7&#8243; _module_preset=&#8221;default&#8221; text_text_color=&#8221;#000000&#8243; background_color=&#8221;#ffffff&#8221; custom_margin=&#8221;0px|0px|0px|0px|false|false&#8221; custom_padding=&#8221;0.5rem|0.75rem|0.5rem|0.75rem|false|false&#8221; hover_enabled=&#8221;0&#8243; global_colors_info=&#8221;{}&#8221; sticky_enabled=&#8221;0&#8243;]<\/p>\n<p><strong>2 :<\/strong> <span style=\"text-transform: uppercase;\">R\u00c9FLEXION<\/span><\/p>\n<p>[\/et_pb_text][\/et_pb_column_inner][\/et_pb_row_inner][et_pb_row_inner column_structure=&#8221;1_2,1_2&#8243; _builder_version=&#8221;4.9.11&#8243; _module_preset=&#8221;default&#8221; custom_margin=&#8221;0px|0px|0px|0px|false|false&#8221; custom_padding=&#8221;0px|0px|0px|0px|false|false&#8221; border_width_all=&#8221;2px&#8221; border_color_all=&#8221;#FFFFFF&#8221; global_colors_info=&#8221;{}&#8221;][et_pb_column_inner type=&#8221;1_2&#8243; saved_specialty_column_type=&#8221;3_4&#8243; _builder_version=&#8221;4.9.11&#8243; _module_preset=&#8221;default&#8221; custom_padding=&#8221;0px|0px|0px|0px|false|false&#8221; global_colors_info=&#8221;{}&#8221;][et_pb_text _builder_version=&#8221;4.10.7&#8243; _module_preset=&#8221;default&#8221; text_text_color=&#8221;#000000&#8243; background_color=&#8221;#ffffff&#8221; custom_margin=&#8221;0px|0px|0px|0px|false|false&#8221; custom_padding=&#8221;0.5rem|0.75rem|0.5rem|0.75rem|false|false&#8221; hover_enabled=&#8221;0&#8243; global_colors_info=&#8221;{}&#8221; sticky_enabled=&#8221;0&#8243;]<\/p>\n<p><strong>3 :<\/strong> <span style=\"text-transform: uppercase;\">Action<\/span><\/p>\n<p>[\/et_pb_text][\/et_pb_column_inner][et_pb_column_inner type=&#8221;1_2&#8243; saved_specialty_column_type=&#8221;3_4&#8243; _builder_version=&#8221;4.9.11&#8243; _module_preset=&#8221;default&#8221; custom_padding=&#8221;0px|0px|0px|0px|false|false&#8221; global_colors_info=&#8221;{}&#8221;][et_pb_text _builder_version=&#8221;4.10.7&#8243; _module_preset=&#8221;default&#8221; text_text_color=&#8221;#000000&#8243; background_color=&#8221;#ffffff&#8221; custom_margin=&#8221;0px|0px|0px|0px|false|false&#8221; custom_padding=&#8221;0.5rem|0.75rem|0.5rem|0.75rem|false|false&#8221; hover_enabled=&#8221;0&#8243; global_colors_info=&#8221;{}&#8221; sticky_enabled=&#8221;0&#8243;]<\/p>\n<p><strong>4 :<\/strong> <span style=\"text-transform: uppercase;\">Consolidation<\/span><\/p>\n<p>[\/et_pb_text][\/et_pb_column_inner][\/et_pb_row_inner][et_pb_row_inner _builder_version=&#8221;4.9.11&#8243; _module_preset=&#8221;default&#8221; custom_padding=&#8221;0px||||false|false&#8221; global_colors_info=&#8221;{}&#8221;][et_pb_column_inner saved_specialty_column_type=&#8221;3_4&#8243; _builder_version=&#8221;4.9.11&#8243; _module_preset=&#8221;default&#8221; global_colors_info=&#8221;{}&#8221;][et_pb_text _builder_version=&#8221;4.9.11&#8243; _module_preset=&#8221;default&#8221; header_font=&#8221;|700||on|||||&#8221; header_font_size=&#8221;38px&#8221; header_2_font=&#8221;|600||on|||||&#8221; header_2_text_align=&#8221;left&#8221; header_2_font_size=&#8221;34px&#8221; header_3_font=&#8221;|600|||||||&#8221; header_3_font_size=&#8221;30px&#8221; header_4_font=&#8221;|600|||||||&#8221; header_4_font_size=&#8221;26px&#8221; header_5_font=&#8221;|600|||||||&#8221; header_5_font_size=&#8221;22px&#8221; header_6_font=&#8221;|600|||||||&#8221; header_6_font_size=&#8221;20px&#8221; custom_margin=&#8221;15px|0px||0px|false|true&#8221; custom_margin_tablet=&#8221;0px||0px||false|true&#8221; custom_margin_phone=&#8221;&#8221; custom_margin_last_edited=&#8221;on|phone&#8221; custom_padding=&#8221;|0px||0px|false|true&#8221; text_font_size_tablet=&#8221;&#8221; text_font_size_phone=&#8221;22px&#8221; text_font_size_last_edited=&#8221;on|desktop&#8221; header_2_font_size_tablet=&#8221;22px&#8221; header_2_font_size_phone=&#8221;16px&#8221; header_2_font_size_last_edited=&#8221;on|phone&#8221; global_colors_info=&#8221;{}&#8221;]<\/p>\n<p><em>On pourra toujours faire mieux.<\/em><br \/><em><strong>Indicateur :&#032;<\/strong> L\u2019\u00e9valuation est juste, \u00e9quitable et diff\u00e9renci\u00e9e en fonction des besoins individuels des \u00e9l\u00e8ves.<\/em><\/p>\n<h3>Notre milieu scolaire<\/h3>\n<p>Comment enseignons-nous et mettons-nous en pratique la distinction entre l\u2019\u00e9quit\u00e9 et l\u2019\u00e9galit\u00e9 dans notre \u00e9cole?<\/p>\n<p>Comment utilisons-nous les profils d\u2019apprentissage pour nous aider \u00e0 \u00e9laborer des strat\u00e9gies d\u2019enseignement et d\u2019\u00e9valuation dont chaque \u00e9l\u00e8ve peut profiter?<\/p>\n<p>Quelles ressources et mesures de soutien sont offertes pour venir en aide aux \u00e9l\u00e8ves ayant des besoins intensifs? Quelles autres mesures de soutien sont n\u00e9cessaires?<\/p>\n<p>Comment veillons-nous \u00e0 ce que l\u2019\u00e9valuation soit conforme aux attentes du curriculum et \u00e0 l\u2019enseignement dispens\u00e9?<\/p>\n<h3>Nos classes<\/h3>\n<p>Comment veillons-nous \u00e0 ce que tous les \u00e9l\u00e8ves participent \u00e0 la cr\u00e9ation de t\u00e2ches et d\u2019outils d\u2019\u00e9valuation?<\/p>\n<p>Comment les objectifs d\u2019apprentissage et les crit\u00e8res de r\u00e9ussite sont-ils \u00e9tablis?<\/p>\n<p>Comment assurons-nous l\u2019authenticit\u00e9 des t\u00e2ches d\u2019\u00e9valuation et tenons-nous compte des besoins individuels de chaque \u00e9l\u00e8ve?<\/p>\n<p>Quels renseignements fournissons-nous aux \u00e9l\u00e8ves dans nos commentaires apr\u00e8s l\u2019\u00e9valuation? Quels autres renseignements pourrions-nous leur fournir?<\/p>\n<p>Comment les r\u00e9sultats des \u00e9valuations d\u00e9terminent-ils le niveau de notre soutien et le besoin d\u2019autres ressources et strat\u00e9gies d\u2019intervention?<\/p>\n<h3>Nos \u00e9l\u00e8ves<\/h3>\n<p>Comment les \u00e9l\u00e8ves participent-ils \u00e0 l\u2019\u00e9tablissement des objectifs d\u2019apprentissage et des crit\u00e8res de r\u00e9ussite?<\/p>\n<p>Comment tous les \u00e9l\u00e8ves sont-ils encourag\u00e9s \u00e0 montrer leurs connaissances?<\/p>\n<p>Comment tous les \u00e9l\u00e8ves participent-ils \u00e0 l\u2019\u00e9laboration des \u00e9valuations cumulatives?<\/p>\n<p>Comment l\u2019auto\u00e9valuation est-elle utilis\u00e9e en classe?<\/p>\n<p>Comment l\u2019auto\u00e9valuation aide-t-elle les \u00e9l\u00e8ves \u00e0 promouvoir leur propre style d\u2019apprentissage?<\/p>\n<p>[\/et_pb_text][\/et_pb_column_inner][\/et_pb_row_inner][\/et_pb_column][\/et_pb_section]<\/p>","protected":false},"excerpt":{"rendered":"<p>ResourcesResourceAssessment\u00a0[PDF]Navigation Previous Community Connections1 : Planning2 : Minds On3 : Action4 : ConsolidationThere will always be scope to improveIndicator: Assessment is fair, equitable and differentiated according to individual student needs. Our School Environment How do we teach and model the concept of fairness vs. sameness within our school? How do we use learner profiles to [&hellip;]<\/p>","protected":false},"author":3,"featured_media":0,"parent":1147,"menu_order":14,"comment_status":"closed","ping_status":"closed","template":"","meta":{"_et_pb_use_builder":"on","_et_pb_old_content":"","_et_gb_content_width":"","footnotes":""},"wf_page_folders":[],"class_list":["post-1837","page","type-page","status-publish","hentry"],"yoast_head":"<!-- This site is optimized with the Yoast SEO plugin v22.0 - https:\/\/yoast.com\/wordpress\/plugins\/seo\/ -->\n<title>Assessment - The Teachable Project<\/title>\n<meta name=\"robots\" content=\"index, follow, max-snippet:-1, max-image-preview:large, max-video-preview:-1\" \/>\n<link rel=\"canonical\" href=\"https:\/\/theteachableproject.org\/fr-ca\/resources\/access-to-success\/assessment\/\" \/>\n<meta property=\"og:locale\" content=\"fr_CA\" \/>\n<meta property=\"og:type\" content=\"article\" \/>\n<meta property=\"og:title\" content=\"Assessment - The Teachable Project\" \/>\n<meta property=\"og:description\" content=\"ResourcesResourceAssessment\u00a0[PDF]Navigation Previous Community Connections1 : Planning2 : Minds On3 : Action4 : ConsolidationThere will always be scope to improveIndicator: Assessment is fair, equitable and differentiated according to individual student needs. Our School Environment How do we teach and model the concept of fairness vs. sameness within our school? How do we use learner profiles to [&hellip;]\" \/>\n<meta property=\"og:url\" content=\"https:\/\/theteachableproject.org\/fr-ca\/resources\/access-to-success\/assessment\/\" \/>\n<meta property=\"og:site_name\" content=\"The Teachable Project\" \/>\n<meta property=\"article:modified_time\" content=\"2021-10-28T17:23:57+00:00\" \/>\n<meta property=\"og:image\" content=\"http:\/\/theteachableproject.org\/wp-content\/uploads\/2021\/09\/chalkboard1.jpg\" \/>\n<meta name=\"twitter:card\" content=\"summary_large_image\" \/>\n<meta name=\"twitter:label1\" content=\"Estimation du temps de lecture\" \/>\n\t<meta name=\"twitter:data1\" content=\"7 minutes\" \/>\n<script type=\"application\/ld+json\" class=\"yoast-schema-graph\">{\"@context\":\"https:\/\/schema.org\",\"@graph\":[{\"@type\":\"WebPage\",\"@id\":\"https:\/\/theteachableproject.org\/resources\/access-to-success\/assessment\/\",\"url\":\"https:\/\/theteachableproject.org\/resources\/access-to-success\/assessment\/\",\"name\":\"Assessment - The Teachable Project\",\"isPartOf\":{\"@id\":\"https:\/\/theteachableproject.org\/fr-ca\/#website\"},\"datePublished\":\"2021-09-07T17:51:16+00:00\",\"dateModified\":\"2021-10-28T17:23:57+00:00\",\"breadcrumb\":{\"@id\":\"https:\/\/theteachableproject.org\/resources\/access-to-success\/assessment\/#breadcrumb\"},\"inLanguage\":\"fr-CA\",\"potentialAction\":[{\"@type\":\"ReadAction\",\"target\":[\"https:\/\/theteachableproject.org\/resources\/access-to-success\/assessment\/\"]}]},{\"@type\":\"BreadcrumbList\",\"@id\":\"https:\/\/theteachableproject.org\/resources\/access-to-success\/assessment\/#breadcrumb\",\"itemListElement\":[{\"@type\":\"ListItem\",\"position\":1,\"name\":\"Home\",\"item\":\"https:\/\/theteachableproject.org\/fr-ca\/\"},{\"@type\":\"ListItem\",\"position\":2,\"name\":\"Resources\",\"item\":\"https:\/\/theteachableproject.org\/resources\/\"},{\"@type\":\"ListItem\",\"position\":3,\"name\":\"Access to Success\",\"item\":\"https:\/\/theteachableproject.org\/resources\/access-to-success\/\"},{\"@type\":\"ListItem\",\"position\":4,\"name\":\"Assessment\"}]},{\"@type\":\"WebSite\",\"@id\":\"https:\/\/theteachableproject.org\/fr-ca\/#website\",\"url\":\"https:\/\/theteachableproject.org\/fr-ca\/\",\"name\":\"The Teachable Project\",\"description\":\"The Teachable Project\",\"potentialAction\":[{\"@type\":\"SearchAction\",\"target\":{\"@type\":\"EntryPoint\",\"urlTemplate\":\"https:\/\/theteachableproject.org\/fr-ca\/?s={search_term_string}\"},\"query-input\":\"required name=search_term_string\"}],\"inLanguage\":\"fr-CA\"}]}<\/script>\n<!-- \/ Yoast SEO plugin. -->","yoast_head_json":{"title":"Assessment - The Teachable Project","robots":{"index":"index","follow":"follow","max-snippet":"max-snippet:-1","max-image-preview":"max-image-preview:large","max-video-preview":"max-video-preview:-1"},"canonical":"https:\/\/theteachableproject.org\/fr-ca\/resources\/access-to-success\/assessment\/","og_locale":"fr_CA","og_type":"article","og_title":"Assessment - The Teachable Project","og_description":"ResourcesResourceAssessment\u00a0[PDF]Navigation Previous Community Connections1 : Planning2 : Minds On3 : Action4 : ConsolidationThere will always be scope to improveIndicator: Assessment is fair, equitable and differentiated according to individual student needs. Our School Environment How do we teach and model the concept of fairness vs. sameness within our school? How do we use learner profiles to [&hellip;]","og_url":"https:\/\/theteachableproject.org\/fr-ca\/resources\/access-to-success\/assessment\/","og_site_name":"The Teachable Project","article_modified_time":"2021-10-28T17:23:57+00:00","og_image":[{"url":"http:\/\/theteachableproject.org\/wp-content\/uploads\/2021\/09\/chalkboard1.jpg"}],"twitter_card":"summary_large_image","twitter_misc":{"Estimation du temps de lecture":"7 minutes"},"schema":{"@context":"https:\/\/schema.org","@graph":[{"@type":"WebPage","@id":"https:\/\/theteachableproject.org\/resources\/access-to-success\/assessment\/","url":"https:\/\/theteachableproject.org\/resources\/access-to-success\/assessment\/","name":"Assessment - The Teachable Project","isPartOf":{"@id":"https:\/\/theteachableproject.org\/fr-ca\/#website"},"datePublished":"2021-09-07T17:51:16+00:00","dateModified":"2021-10-28T17:23:57+00:00","breadcrumb":{"@id":"https:\/\/theteachableproject.org\/resources\/access-to-success\/assessment\/#breadcrumb"},"inLanguage":"fr-CA","potentialAction":[{"@type":"ReadAction","target":["https:\/\/theteachableproject.org\/resources\/access-to-success\/assessment\/"]}]},{"@type":"BreadcrumbList","@id":"https:\/\/theteachableproject.org\/resources\/access-to-success\/assessment\/#breadcrumb","itemListElement":[{"@type":"ListItem","position":1,"name":"Home","item":"https:\/\/theteachableproject.org\/fr-ca\/"},{"@type":"ListItem","position":2,"name":"Resources","item":"https:\/\/theteachableproject.org\/resources\/"},{"@type":"ListItem","position":3,"name":"Access to Success","item":"https:\/\/theteachableproject.org\/resources\/access-to-success\/"},{"@type":"ListItem","position":4,"name":"Assessment"}]},{"@type":"WebSite","@id":"https:\/\/theteachableproject.org\/fr-ca\/#website","url":"https:\/\/theteachableproject.org\/fr-ca\/","name":"The Teachable Project","description":"The Teachable Project","potentialAction":[{"@type":"SearchAction","target":{"@type":"EntryPoint","urlTemplate":"https:\/\/theteachableproject.org\/fr-ca\/?s={search_term_string}"},"query-input":"required name=search_term_string"}],"inLanguage":"fr-CA"}]}},"_links":{"self":[{"href":"https:\/\/theteachableproject.org\/fr-ca\/wp-json\/wp\/v2\/pages\/1837"}],"collection":[{"href":"https:\/\/theteachableproject.org\/fr-ca\/wp-json\/wp\/v2\/pages"}],"about":[{"href":"https:\/\/theteachableproject.org\/fr-ca\/wp-json\/wp\/v2\/types\/page"}],"author":[{"embeddable":true,"href":"https:\/\/theteachableproject.org\/fr-ca\/wp-json\/wp\/v2\/users\/3"}],"replies":[{"embeddable":true,"href":"https:\/\/theteachableproject.org\/fr-ca\/wp-json\/wp\/v2\/comments?post=1837"}],"version-history":[{"count":0,"href":"https:\/\/theteachableproject.org\/fr-ca\/wp-json\/wp\/v2\/pages\/1837\/revisions"}],"up":[{"embeddable":true,"href":"https:\/\/theteachableproject.org\/fr-ca\/wp-json\/wp\/v2\/pages\/1147"}],"wp:attachment":[{"href":"https:\/\/theteachableproject.org\/fr-ca\/wp-json\/wp\/v2\/media?parent=1837"}],"wp:term":[{"taxonomy":"wf_page_folders","embeddable":true,"href":"https:\/\/theteachableproject.org\/fr-ca\/wp-json\/wp\/v2\/wf_page_folders?post=1837"}],"curies":[{"name":"wp","href":"https:\/\/api.w.org\/{rel}","templated":true}]}}