{"id":1830,"date":"2021-09-07T13:42:41","date_gmt":"2021-09-07T17:42:41","guid":{"rendered":"https:\/\/teachable-wp.oesc-cseo.org\/?page_id=1830"},"modified":"2021-10-28T13:22:46","modified_gmt":"2021-10-28T17:22:46","slug":"community-connections","status":"publish","type":"page","link":"https:\/\/theteachableproject.org\/fr-ca\/resources\/access-to-success\/community-connections\/","title":{"rendered":"Liens avec la communaut\u00e9"},"content":{"rendered":"<p>[et_pb_section fb_built=&#8221;1&#8243; specialty=&#8221;on&#8221; padding_top_bottom_link_1=&#8221;false&#8221; padding_left_right_link_1=&#8221;false&#8221; module_class=&#8221;ttp-lp-sidebar&#8221; _builder_version=&#8221;4.9.11&#8243; _module_preset=&#8221;default&#8221; width=&#8221;100%&#8221; inner_width=&#8221;100%&#8221; locked=&#8221;off&#8221; global_colors_info=&#8221;{}&#8221;][et_pb_column type=&#8221;1_4&#8243; _builder_version=&#8221;3.25&#8243; custom_padding=&#8221;|||&#8221; global_colors_info=&#8221;{}&#8221; custom_padding__hover=&#8221;|||&#8221;][et_pb_text _builder_version=&#8221;4.9.11&#8243; _module_preset=&#8221;default&#8221; custom_css_before=&#8221;content: &#8216;\u261a&#8217;;||position: absolute;||margin-left: -20px;&#8221; custom_css_main_element=&#8221;margin-left: 20px;&#8221; global_colors_info=&#8221;{}&#8221;]<a href=\"https:\/\/theteachableproject.org\/fr-ca\/resources\/\" title=\"Retour aux ressources\">Ressources<\/a>[\/et_pb_text][et_pb_text module_id=&#8221;toc&#8221; _builder_version=&#8221;4.9.11&#8243; _module_preset=&#8221;default&#8221; header_font=&#8221;|700||on|||||&#8221; header_font_size=&#8221;38px&#8221; header_2_font=&#8221;|600|||||||&#8221; header_2_text_align=&#8221;left&#8221; header_2_font_size=&#8221;34px&#8221; header_3_font=&#8221;|600|||||||&#8221; header_3_font_size=&#8221;30px&#8221; header_4_font=&#8221;|600|||||||&#8221; header_4_font_size=&#8221;26px&#8221; header_5_font=&#8221;|600|||||||&#8221; header_5_font_size=&#8221;22px&#8221; header_6_font=&#8221;|600|||||||&#8221; header_6_font_size=&#8221;20px&#8221; custom_margin=&#8221;||0px||false|true&#8221; custom_margin_tablet=&#8221;0px||0px||false|true&#8221; custom_margin_last_edited=&#8221;off|desktop&#8221; custom_padding=&#8221;||||false|true&#8221; text_font_size_tablet=&#8221;&#8221; text_font_size_phone=&#8221;22px&#8221; text_font_size_last_edited=&#8221;on|desktop&#8221; header_2_font_size_tablet=&#8221;22px&#8221; header_2_font_size_phone=&#8221;16px&#8221; header_2_font_size_last_edited=&#8221;on|phone&#8221; global_colors_info=&#8221;{}&#8221;]<\/p>\n<h2>Ressource<\/h2>\n<p>[\/et_pb_text][et_pb_image src=&#8221;http:\/\/theteachableproject.org\/wp-content\/uploads\/2021\/09\/preview_3a061db72f18463569912a80b660051d1-232&#215;300.jpg&#8221; alt=&#8221;Image of Community Connections cover&#8221; title_text=&#8221;preview_3a061db72f18463569912a80b660051d%911%93&#8243; url=&#8221;\/wp-content\/uploads\/2021\/09\/community-connections_en.pdf&#8221; url_new_window=&#8221;on&#8221; align=&#8221;center&#8221; module_class=&#8221;en-only&#8221; _builder_version=&#8221;4.9.11&#8243; _module_preset=&#8221;default&#8221; max_height=&#8221;200px&#8221; custom_margin=&#8221;||0px||false|false&#8221; global_colors_info=&#8221;{}&#8221;][\/et_pb_image][et_pb_image src=&#8221;http:\/\/theteachableproject.org\/wp-content\/uploads\/2021\/09\/preview_bfb050da226d943f520293e09bd2c79c1-232&#215;300.jpg&#8221; alt=&#8221;Image of Liens avec la communaut\u00e9 cover&#8221; title_text=&#8221;preview_bfb050da226d943f520293e09bd2c79c%911%93&#8243; url=&#8221;\/wp-content\/uploads\/2021\/09\/community-connections_fr.pdf&#8221; url_new_window=&#8221;on&#8221; align=&#8221;center&#8221; module_class=&#8221;fr-only&#8221; _builder_version=&#8221;4.10.7&#8243; _module_preset=&#8221;default&#8221; max_height=&#8221;200px&#8221; custom_margin=&#8221;||0px||false|false&#8221; global_colors_info=&#8221;{}&#8221;][\/et_pb_image][et_pb_text _builder_version=&#8221;4.10.7&#8243; _module_preset=&#8221;default&#8221; global_colors_info=&#8221;{}&#8221;]<\/p>\n<p><a href=\"\/wp-content\/uploads\/2021\/09\/community-connections_fr.pdf\" target=\"_blank\" rel=\"noopener\" title=\"T\u00e9l\u00e9charger Liens avec la communaut\u00e9 pdf\">Liens avec la communaut\u00e9<\/a>\u00a0<strong>&#032;[PDF]<\/strong><\/p>\n<p>[\/et_pb_text][et_pb_text _builder_version=&#8221;4.9.11&#8243; _module_preset=&#8221;default&#8221; header_font=&#8221;|700||on|||||&#8221; header_font_size=&#8221;38px&#8221; header_2_font=&#8221;|600|||||||&#8221; header_2_text_align=&#8221;left&#8221; header_2_font_size=&#8221;34px&#8221; header_3_font=&#8221;|600|||||||&#8221; header_3_font_size=&#8221;30px&#8221; header_4_font=&#8221;|600|||||||&#8221; header_4_font_size=&#8221;26px&#8221; header_5_font=&#8221;|600|||||||&#8221; header_5_font_size=&#8221;22px&#8221; header_6_font=&#8221;|600|||||||&#8221; header_6_font_size=&#8221;20px&#8221; custom_margin=&#8221;15px|0px||0px|false|true&#8221; custom_margin_tablet=&#8221;0px||0px||false|true&#8221; custom_margin_phone=&#8221;&#8221; custom_margin_last_edited=&#8221;on|phone&#8221; custom_padding=&#8221;|0px||0px|false|true&#8221; text_font_size_tablet=&#8221;&#8221; text_font_size_phone=&#8221;22px&#8221; text_font_size_last_edited=&#8221;on|desktop&#8221; header_2_font_size_tablet=&#8221;22px&#8221; header_2_font_size_phone=&#8221;16px&#8221; header_2_font_size_last_edited=&#8221;on|phone&#8221; global_colors_info=&#8221;{}&#8221;]<\/p>\n<h2 style=\"text-align: left;\">Navigation<\/h2>\n<p style=\"text-align: right;\"><strong>Pr\u00e9c\u00e9dent<\/strong><br \/>\n<a href=\"https:\/\/theteachableproject.org\/fr-ca\/resources\/access-to-success\/advocacy-for-change\/\">Promotion du changement<\/a><\/p>\n<p style=\"text-align: right;\"><strong>Suivant<\/strong><br \/>\n<a href=\"https:\/\/theteachableproject.org\/fr-ca\/resources\/access-to-success\/assessment\/\">\u00c9valuation<\/a><\/p>\n<p>[\/et_pb_text][\/et_pb_column][et_pb_column type=&#8221;3_4&#8243; specialty_columns=&#8221;3&#8243; _builder_version=&#8221;3.25&#8243; custom_padding=&#8221;|||&#8221; global_colors_info=&#8221;{}&#8221; custom_padding__hover=&#8221;|||&#8221;][et_pb_row_inner _builder_version=&#8221;4.9.11&#8243; _module_preset=&#8221;default&#8221; custom_padding=&#8221;||0px||false|false&#8221; global_colors_info=&#8221;{}&#8221;][et_pb_column_inner saved_specialty_column_type=&#8221;3_4&#8243; _builder_version=&#8221;4.9.11&#8243; _module_preset=&#8221;default&#8221; global_colors_info=&#8221;{}&#8221;][et_pb_post_title meta=&#8221;off&#8221; _builder_version=&#8221;4.9.11&#8243; _module_preset=&#8221;default&#8221; title_font=&#8221;|700|||||||&#8221; title_font_size=&#8221;42px&#8221; global_colors_info=&#8221;{}&#8221;][\/et_pb_post_title][et_pb_code _builder_version=&#8221;4.9.11&#8243; _module_preset=&#8221;default&#8221; max_width=&#8221;100%&#8221; max_width_tablet=&#8221;100%&#8221; max_width_phone=&#8221;&#8221; max_width_last_edited=&#8221;on|desktop&#8221; global_colors_info=&#8221;{}&#8221;]<\/p>\n<div class=\"ppt-text-over-image\"><!-- [et_pb_line_break_holder] -->  <img decoding=\"async\" loading=\"lazy\" width=\"1000\" height=\"655\" src=\"http:\/\/theteachableproject.org\/wp-content\/uploads\/2021\/09\/chalkboard1.jpg\" alt=\"Chalkboard with numbers 1, 2, 3 and 4 along the bottom with an arrow going from 1 to 4 above the numbers\" title=\"chalkboard[1]\" srcset=\"https:\/\/theteachableproject.org\/wp-content\/uploads\/2021\/09\/chalkboard1.jpg 1000w, https:\/\/theteachableproject.org\/wp-content\/uploads\/2021\/09\/chalkboard1-980x642.jpg 980w, https:\/\/theteachableproject.org\/wp-content\/uploads\/2021\/09\/chalkboard1-480x314.jpg 480w\" sizes=\"(min-width: 0px) and (max-width: 480px) 480px, (min-width: 481px) and (max-width: 980px) 980px, (min-width: 981px) 1000px, 100vw\" class=\"wp-image-1503\"><!-- [et_pb_line_break_holder] -->  <\/p>\n<div><!-- [et_pb_line_break_holder] -->    <\/p>\n<h2 style=\"color: #747fb9\">What&#8217;s Your Number?<\/h2>\n<p><!-- [et_pb_line_break_holder] -->  <\/div>\n<p><!-- [et_pb_line_break_holder] --><\/div>\n<p>[\/et_pb_code][\/et_pb_column_inner][\/et_pb_row_inner][et_pb_row_inner column_structure=&#8221;1_2,1_2&#8243; _builder_version=&#8221;4.9.11&#8243; _module_preset=&#8221;default&#8221; custom_margin=&#8221;0px|0px|0px|0px|false|false&#8221; custom_padding=&#8221;0px|0px|0px|0px|false|false&#8221; border_width_all=&#8221;2px&#8221; border_color_all=&#8221;#FFFFFF&#8221; global_colors_info=&#8221;{}&#8221;][et_pb_column_inner type=&#8221;1_2&#8243; saved_specialty_column_type=&#8221;3_4&#8243; _builder_version=&#8221;4.9.11&#8243; _module_preset=&#8221;default&#8221; custom_padding=&#8221;0px|0px|0px|0px|false|false&#8221; global_colors_info=&#8221;{}&#8221;][et_pb_text _builder_version=&#8221;4.10.7&#8243; _module_preset=&#8221;default&#8221; text_text_color=&#8221;#000000&#8243; background_color=&#8221;#747fb9&#8243; custom_margin=&#8221;0px|0px|0px|0px|false|false&#8221; custom_padding=&#8221;0.5rem|0.75rem|0.5rem|0.75rem|false|false&#8221; hover_enabled=&#8221;0&#8243; global_colors_info=&#8221;{}&#8221; sticky_enabled=&#8221;0&#8243;]<\/p>\n<p><strong>1 :<\/strong> <span style=\"text-transform: uppercase;\">Planification<\/span><\/p>\n<p>[\/et_pb_text][\/et_pb_column_inner][et_pb_column_inner type=&#8221;1_2&#8243; saved_specialty_column_type=&#8221;3_4&#8243; _builder_version=&#8221;4.9.11&#8243; _module_preset=&#8221;default&#8221; custom_padding=&#8221;0px|0px|0px|0px|false|false&#8221; global_colors_info=&#8221;{}&#8221;][et_pb_text _builder_version=&#8221;4.10.7&#8243; _module_preset=&#8221;default&#8221; text_text_color=&#8221;#000000&#8243; background_color=&#8221;#747fb9&#8243; custom_margin=&#8221;0px|0px|0px|0px|false|false&#8221; custom_padding=&#8221;0.5rem|0.75rem|0.5rem|0.75rem|false|false&#8221; hover_enabled=&#8221;0&#8243; global_colors_info=&#8221;{}&#8221; sticky_enabled=&#8221;0&#8243;]<\/p>\n<p><strong>2 :<\/strong> <span style=\"text-transform: uppercase;\">R\u00c9FLEXION<\/span><\/p>\n<p>[\/et_pb_text][\/et_pb_column_inner][\/et_pb_row_inner][et_pb_row_inner column_structure=&#8221;1_2,1_2&#8243; _builder_version=&#8221;4.9.11&#8243; _module_preset=&#8221;default&#8221; custom_margin=&#8221;0px|0px|0px|0px|false|false&#8221; custom_padding=&#8221;0px|0px|0px|0px|false|false&#8221; border_width_all=&#8221;2px&#8221; border_color_all=&#8221;#FFFFFF&#8221; global_colors_info=&#8221;{}&#8221;][et_pb_column_inner type=&#8221;1_2&#8243; saved_specialty_column_type=&#8221;3_4&#8243; _builder_version=&#8221;4.9.11&#8243; _module_preset=&#8221;default&#8221; custom_padding=&#8221;0px|0px|0px|0px|false|false&#8221; global_colors_info=&#8221;{}&#8221;][et_pb_text _builder_version=&#8221;4.10.7&#8243; _module_preset=&#8221;default&#8221; text_text_color=&#8221;#000000&#8243; background_color=&#8221;#747fb9&#8243; custom_margin=&#8221;0px|0px|0px|0px|false|false&#8221; custom_padding=&#8221;0.5rem|0.75rem|0.5rem|0.75rem|false|false&#8221; hover_enabled=&#8221;0&#8243; global_colors_info=&#8221;{}&#8221; sticky_enabled=&#8221;0&#8243;]<\/p>\n<p><strong>3 :<\/strong> <span style=\"text-transform: uppercase;\">Action<\/span><\/p>\n<p>[\/et_pb_text][\/et_pb_column_inner][et_pb_column_inner type=&#8221;1_2&#8243; saved_specialty_column_type=&#8221;3_4&#8243; _builder_version=&#8221;4.9.11&#8243; _module_preset=&#8221;default&#8221; custom_padding=&#8221;0px|0px|0px|0px|false|false&#8221; global_colors_info=&#8221;{}&#8221;][et_pb_text _builder_version=&#8221;4.10.7&#8243; _module_preset=&#8221;default&#8221; text_text_color=&#8221;#000000&#8243; background_color=&#8221;#747fb9&#8243; custom_margin=&#8221;0px|0px|0px|0px|false|false&#8221; custom_padding=&#8221;0.5rem|0.75rem|0.5rem|0.75rem|false|false&#8221; hover_enabled=&#8221;0&#8243; global_colors_info=&#8221;{}&#8221; sticky_enabled=&#8221;0&#8243;]<\/p>\n<p><strong>4 :<\/strong> <span style=\"text-transform: uppercase;\">Consolidation<\/span><\/p>\n<p>[\/et_pb_text][\/et_pb_column_inner][\/et_pb_row_inner][et_pb_row_inner _builder_version=&#8221;4.9.11&#8243; _module_preset=&#8221;default&#8221; custom_padding=&#8221;0px||||false|false&#8221; global_colors_info=&#8221;{}&#8221;][et_pb_column_inner saved_specialty_column_type=&#8221;3_4&#8243; _builder_version=&#8221;4.9.11&#8243; _module_preset=&#8221;default&#8221; global_colors_info=&#8221;{}&#8221;][et_pb_text _builder_version=&#8221;4.9.11&#8243; _module_preset=&#8221;default&#8221; header_font=&#8221;|700||on|||||&#8221; header_font_size=&#8221;38px&#8221; header_2_font=&#8221;|600||on|||||&#8221; header_2_text_align=&#8221;left&#8221; header_2_font_size=&#8221;34px&#8221; header_3_font=&#8221;|600|||||||&#8221; header_3_font_size=&#8221;30px&#8221; header_4_font=&#8221;|600|||||||&#8221; header_4_font_size=&#8221;26px&#8221; header_5_font=&#8221;|600|||||||&#8221; header_5_font_size=&#8221;22px&#8221; header_6_font=&#8221;|600|||||||&#8221; header_6_font_size=&#8221;20px&#8221; custom_margin=&#8221;15px|0px||0px|false|true&#8221; custom_margin_tablet=&#8221;0px||0px||false|true&#8221; custom_margin_phone=&#8221;&#8221; custom_margin_last_edited=&#8221;on|phone&#8221; custom_padding=&#8221;|0px||0px|false|true&#8221; text_font_size_tablet=&#8221;&#8221; text_font_size_phone=&#8221;22px&#8221; text_font_size_last_edited=&#8221;on|desktop&#8221; header_2_font_size_tablet=&#8221;22px&#8221; header_2_font_size_phone=&#8221;16px&#8221; header_2_font_size_last_edited=&#8221;on|phone&#8221; global_colors_info=&#8221;{}&#8221;]<\/p>\n<p><em>On pourra toujours faire mieux.<\/em><br \/><em><strong>Indicateur :&#032;<\/strong> Afin d\u2019am\u00e9liorer l\u2019\u00e9ducation et les possibilit\u00e9s d\u2019avenir de tous les \u00e9l\u00e8ves, l\u2019\u00e9cole valorise et favorise des partenariats avec des parents, des organismes, des services et des membres de la communaut\u00e9 scolaire \u00e9largie qui repr\u00e9sentent un \u00e9ventail de capacit\u00e9s.<\/em><\/p>\n<h3>Notre milieu scolaire<\/h3>\n<p>Comment entretenons-nous des liens avec les membres de notre communaut\u00e9 scolaire et de la communaut\u00e9 en g\u00e9n\u00e9ral afin d\u2019appuyer les initiatives de l\u2019\u00e9cole et d\u2019inclure dans les activit\u00e9s scolaires des mod\u00e8les d\u2019identification repr\u00e9sentant un \u00e9ventail de capacit\u00e9s?<\/p>\n<p>Comment nous assurons-nous que tous nos \u00e9l\u00e8ves ont la possibilit\u00e9 de profiter du mentorat de mod\u00e8les d\u2019identification provenant de la communaut\u00e9 qui repr\u00e9sentent un \u00e9ventail de capacit\u00e9s?<\/p>\n<p>Comment nous assurons-nous de tirer parti des comp\u00e9tences, des ant\u00e9c\u00e9dents et de l\u2019expertise des membres de notre communaut\u00e9 pour rehausser l\u2019exp\u00e9rience \u00e9ducative de nos \u00e9l\u00e8ves?<\/p>\n<p>Comment favorisons-nous et entretenons-nous des relations avec les organisations communautaires et les organismes de services afin de soutenir notre \u00e9cole et nos \u00e9l\u00e8ves?<\/p>\n<h3>Nos classes<\/h3>\n<p>Comment est-ce que je montre aux parents et aux autres membres de la communaut\u00e9 qui repr\u00e9sentent un \u00e9ventail de capacit\u00e9s qu\u2019ils sont bienvenus et valoris\u00e9s en classe?<\/p>\n<p>Comment est-ce que je fais ressortir aupr\u00e8s de mes \u00e9l\u00e8ves les points forts et les contributions valables de partenaires communautaires?<\/p>\n<p>Comment est-ce que je m\u2019assure que mes \u00e9l\u00e8ves ont acc\u00e8s \u00e0 des possibilit\u00e9s de mentorat par des membres de la communaut\u00e9?<\/p>\n<p>Comment est-ce que j\u2019incorpore dans le programme de ma classe des conf\u00e9renciers invit\u00e9s et d\u2019autres b\u00e9n\u00e9voles qui repr\u00e9sentent un \u00e9ventail de capacit\u00e9s?<\/p>\n<p>Comment est-ce que je veille \u00e0 ce que mes \u00e9l\u00e8ves traitent avec respect nos partenaires communautaires?<\/p>\n<h3>Nos \u00e9l\u00e8ves<\/h3>\n<p>De quelles fa\u00e7ons les \u00e9l\u00e8ves profitent-ils de toutes les formes de soutien communautaire qui leur sont offertes?<\/p>\n<p>Comment les \u00e9l\u00e8ves travaillent-ils avec les b\u00e9n\u00e9voles, les mentors et les autres partenaires communautaires qui repr\u00e9sentent un \u00e9ventail de capacit\u00e9s?<\/p>\n<p>Comment les \u00e9l\u00e8ves montrent-ils qu\u2019ils appr\u00e9cient les riches exp\u00e9riences d\u2019apprentissage qui peuvent \u00eatre associ\u00e9es au fait de passer du temps avec des membres de la communaut\u00e9 qui sont en mesure de partager leur exp\u00e9rience de vie?<\/p>\n<p>Dans quelle mesure les \u00e9l\u00e8ves font-ils preuve de respect envers les invit\u00e9s en classe, leur souhaitent-ils la bienvenue et les remercient-ils pour leur temps et leurs contributions?<\/p>\n<p>[\/et_pb_text][\/et_pb_column_inner][\/et_pb_row_inner][\/et_pb_column][\/et_pb_section]<\/p>","protected":false},"excerpt":{"rendered":"<p>ResourcesResourceCommunity Connections\u00a0[PDF]Navigation Previous Advocacy for Change Next Assessment1 : Planning2 : Minds On3 : Action4 : ConsolidationThere will always be scope to improveIndicator: In enhancing education and opportunities for all students, the school values and promotes partnerships with parents, agencies, services and members of the broader school community who represent a range of abilities. Our [&hellip;]<\/p>","protected":false},"author":3,"featured_media":0,"parent":1147,"menu_order":13,"comment_status":"closed","ping_status":"closed","template":"","meta":{"_et_pb_use_builder":"on","_et_pb_old_content":"","_et_gb_content_width":"","footnotes":""},"wf_page_folders":[],"class_list":["post-1830","page","type-page","status-publish","hentry"],"yoast_head":"<!-- This site is optimized with the Yoast SEO plugin v22.0 - https:\/\/yoast.com\/wordpress\/plugins\/seo\/ -->\n<title>Community Connections - The Teachable Project<\/title>\n<meta name=\"robots\" content=\"index, follow, max-snippet:-1, max-image-preview:large, max-video-preview:-1\" \/>\n<link rel=\"canonical\" href=\"https:\/\/theteachableproject.org\/fr-ca\/resources\/access-to-success\/community-connections\/\" \/>\n<meta property=\"og:locale\" content=\"fr_CA\" \/>\n<meta property=\"og:type\" content=\"article\" \/>\n<meta property=\"og:title\" content=\"Community Connections - The Teachable Project\" \/>\n<meta property=\"og:description\" content=\"ResourcesResourceCommunity Connections\u00a0[PDF]Navigation Previous Advocacy for Change Next Assessment1 : Planning2 : Minds On3 : Action4 : ConsolidationThere will always be scope to improveIndicator: In enhancing education and opportunities for all students, the school values and promotes partnerships with parents, agencies, services and members of the broader school community who represent a range of abilities. Our [&hellip;]\" \/>\n<meta property=\"og:url\" content=\"https:\/\/theteachableproject.org\/fr-ca\/resources\/access-to-success\/community-connections\/\" \/>\n<meta property=\"og:site_name\" content=\"The Teachable Project\" \/>\n<meta property=\"article:modified_time\" content=\"2021-10-28T17:22:46+00:00\" \/>\n<meta property=\"og:image\" content=\"http:\/\/theteachableproject.org\/wp-content\/uploads\/2021\/09\/chalkboard1.jpg\" \/>\n<meta name=\"twitter:card\" content=\"summary_large_image\" \/>\n<meta name=\"twitter:label1\" content=\"Estimation du temps de lecture\" \/>\n\t<meta name=\"twitter:data1\" content=\"7 minutes\" \/>\n<script type=\"application\/ld+json\" class=\"yoast-schema-graph\">{\"@context\":\"https:\/\/schema.org\",\"@graph\":[{\"@type\":\"WebPage\",\"@id\":\"https:\/\/theteachableproject.org\/resources\/access-to-success\/community-connections\/\",\"url\":\"https:\/\/theteachableproject.org\/resources\/access-to-success\/community-connections\/\",\"name\":\"Community Connections - The Teachable Project\",\"isPartOf\":{\"@id\":\"https:\/\/theteachableproject.org\/fr-ca\/#website\"},\"datePublished\":\"2021-09-07T17:42:41+00:00\",\"dateModified\":\"2021-10-28T17:22:46+00:00\",\"breadcrumb\":{\"@id\":\"https:\/\/theteachableproject.org\/resources\/access-to-success\/community-connections\/#breadcrumb\"},\"inLanguage\":\"fr-CA\",\"potentialAction\":[{\"@type\":\"ReadAction\",\"target\":[\"https:\/\/theteachableproject.org\/resources\/access-to-success\/community-connections\/\"]}]},{\"@type\":\"BreadcrumbList\",\"@id\":\"https:\/\/theteachableproject.org\/resources\/access-to-success\/community-connections\/#breadcrumb\",\"itemListElement\":[{\"@type\":\"ListItem\",\"position\":1,\"name\":\"Home\",\"item\":\"https:\/\/theteachableproject.org\/fr-ca\/\"},{\"@type\":\"ListItem\",\"position\":2,\"name\":\"Resources\",\"item\":\"https:\/\/theteachableproject.org\/resources\/\"},{\"@type\":\"ListItem\",\"position\":3,\"name\":\"Access to Success\",\"item\":\"https:\/\/theteachableproject.org\/resources\/access-to-success\/\"},{\"@type\":\"ListItem\",\"position\":4,\"name\":\"Community Connections\"}]},{\"@type\":\"WebSite\",\"@id\":\"https:\/\/theteachableproject.org\/fr-ca\/#website\",\"url\":\"https:\/\/theteachableproject.org\/fr-ca\/\",\"name\":\"The Teachable Project\",\"description\":\"The Teachable Project\",\"potentialAction\":[{\"@type\":\"SearchAction\",\"target\":{\"@type\":\"EntryPoint\",\"urlTemplate\":\"https:\/\/theteachableproject.org\/fr-ca\/?s={search_term_string}\"},\"query-input\":\"required name=search_term_string\"}],\"inLanguage\":\"fr-CA\"}]}<\/script>\n<!-- \/ Yoast SEO plugin. -->","yoast_head_json":{"title":"Community Connections - The Teachable Project","robots":{"index":"index","follow":"follow","max-snippet":"max-snippet:-1","max-image-preview":"max-image-preview:large","max-video-preview":"max-video-preview:-1"},"canonical":"https:\/\/theteachableproject.org\/fr-ca\/resources\/access-to-success\/community-connections\/","og_locale":"fr_CA","og_type":"article","og_title":"Community Connections - The Teachable Project","og_description":"ResourcesResourceCommunity Connections\u00a0[PDF]Navigation Previous Advocacy for Change Next Assessment1 : Planning2 : Minds On3 : Action4 : ConsolidationThere will always be scope to improveIndicator: In enhancing education and opportunities for all students, the school values and promotes partnerships with parents, agencies, services and members of the broader school community who represent a range of abilities. Our [&hellip;]","og_url":"https:\/\/theteachableproject.org\/fr-ca\/resources\/access-to-success\/community-connections\/","og_site_name":"The Teachable Project","article_modified_time":"2021-10-28T17:22:46+00:00","og_image":[{"url":"http:\/\/theteachableproject.org\/wp-content\/uploads\/2021\/09\/chalkboard1.jpg"}],"twitter_card":"summary_large_image","twitter_misc":{"Estimation du temps de lecture":"7 minutes"},"schema":{"@context":"https:\/\/schema.org","@graph":[{"@type":"WebPage","@id":"https:\/\/theteachableproject.org\/resources\/access-to-success\/community-connections\/","url":"https:\/\/theteachableproject.org\/resources\/access-to-success\/community-connections\/","name":"Community Connections - The Teachable Project","isPartOf":{"@id":"https:\/\/theteachableproject.org\/fr-ca\/#website"},"datePublished":"2021-09-07T17:42:41+00:00","dateModified":"2021-10-28T17:22:46+00:00","breadcrumb":{"@id":"https:\/\/theteachableproject.org\/resources\/access-to-success\/community-connections\/#breadcrumb"},"inLanguage":"fr-CA","potentialAction":[{"@type":"ReadAction","target":["https:\/\/theteachableproject.org\/resources\/access-to-success\/community-connections\/"]}]},{"@type":"BreadcrumbList","@id":"https:\/\/theteachableproject.org\/resources\/access-to-success\/community-connections\/#breadcrumb","itemListElement":[{"@type":"ListItem","position":1,"name":"Home","item":"https:\/\/theteachableproject.org\/fr-ca\/"},{"@type":"ListItem","position":2,"name":"Resources","item":"https:\/\/theteachableproject.org\/resources\/"},{"@type":"ListItem","position":3,"name":"Access to Success","item":"https:\/\/theteachableproject.org\/resources\/access-to-success\/"},{"@type":"ListItem","position":4,"name":"Community Connections"}]},{"@type":"WebSite","@id":"https:\/\/theteachableproject.org\/fr-ca\/#website","url":"https:\/\/theteachableproject.org\/fr-ca\/","name":"The Teachable Project","description":"The Teachable Project","potentialAction":[{"@type":"SearchAction","target":{"@type":"EntryPoint","urlTemplate":"https:\/\/theteachableproject.org\/fr-ca\/?s={search_term_string}"},"query-input":"required name=search_term_string"}],"inLanguage":"fr-CA"}]}},"_links":{"self":[{"href":"https:\/\/theteachableproject.org\/fr-ca\/wp-json\/wp\/v2\/pages\/1830"}],"collection":[{"href":"https:\/\/theteachableproject.org\/fr-ca\/wp-json\/wp\/v2\/pages"}],"about":[{"href":"https:\/\/theteachableproject.org\/fr-ca\/wp-json\/wp\/v2\/types\/page"}],"author":[{"embeddable":true,"href":"https:\/\/theteachableproject.org\/fr-ca\/wp-json\/wp\/v2\/users\/3"}],"replies":[{"embeddable":true,"href":"https:\/\/theteachableproject.org\/fr-ca\/wp-json\/wp\/v2\/comments?post=1830"}],"version-history":[{"count":0,"href":"https:\/\/theteachableproject.org\/fr-ca\/wp-json\/wp\/v2\/pages\/1830\/revisions"}],"up":[{"embeddable":true,"href":"https:\/\/theteachableproject.org\/fr-ca\/wp-json\/wp\/v2\/pages\/1147"}],"wp:attachment":[{"href":"https:\/\/theteachableproject.org\/fr-ca\/wp-json\/wp\/v2\/media?parent=1830"}],"wp:term":[{"taxonomy":"wf_page_folders","embeddable":true,"href":"https:\/\/theteachableproject.org\/fr-ca\/wp-json\/wp\/v2\/wf_page_folders?post=1830"}],"curies":[{"name":"wp","href":"https:\/\/api.w.org\/{rel}","templated":true}]}}