{"id":1594,"date":"2021-09-03T16:25:00","date_gmt":"2021-09-03T20:25:00","guid":{"rendered":"https:\/\/teachable-wp.oesc-cseo.org\/?page_id=1594"},"modified":"2021-11-01T13:09:25","modified_gmt":"2021-11-01T17:09:25","slug":"classroom-instruction","status":"publish","type":"page","link":"https:\/\/theteachableproject.org\/fr-ca\/resources\/access-to-success\/classroom-instruction\/","title":{"rendered":"Enseignement en classe"},"content":{"rendered":"<p>[et_pb_section fb_built=&#8221;1&#8243; specialty=&#8221;on&#8221; padding_top_bottom_link_1=&#8221;false&#8221; padding_left_right_link_1=&#8221;false&#8221; module_class=&#8221;ttp-lp-sidebar&#8221; _builder_version=&#8221;4.9.11&#8243; _module_preset=&#8221;default&#8221; width=&#8221;100%&#8221; inner_width=&#8221;100%&#8221; locked=&#8221;off&#8221; global_colors_info=&#8221;{}&#8221;][et_pb_column type=&#8221;1_4&#8243; _builder_version=&#8221;3.25&#8243; custom_padding=&#8221;|||&#8221; global_colors_info=&#8221;{}&#8221; custom_padding__hover=&#8221;|||&#8221;][et_pb_text _builder_version=&#8221;4.9.11&#8243; _module_preset=&#8221;default&#8221; custom_css_before=&#8221;content: &#8216;\u261a&#8217;;||position: absolute;||margin-left: -20px;&#8221; custom_css_main_element=&#8221;margin-left: 20px;&#8221; global_colors_info=&#8221;{}&#8221;]<a href=\"https:\/\/theteachableproject.org\/fr-ca\/resources\/\" title=\"Retour aux ressources\">Ressources<\/a>[\/et_pb_text][et_pb_text module_id=&#8221;toc&#8221; _builder_version=&#8221;4.9.11&#8243; _module_preset=&#8221;default&#8221; header_font=&#8221;|700||on|||||&#8221; header_font_size=&#8221;38px&#8221; header_2_font=&#8221;|600|||||||&#8221; header_2_text_align=&#8221;left&#8221; header_2_font_size=&#8221;34px&#8221; header_3_font=&#8221;|600|||||||&#8221; header_3_font_size=&#8221;30px&#8221; header_4_font=&#8221;|600|||||||&#8221; header_4_font_size=&#8221;26px&#8221; header_5_font=&#8221;|600|||||||&#8221; header_5_font_size=&#8221;22px&#8221; header_6_font=&#8221;|600|||||||&#8221; header_6_font_size=&#8221;20px&#8221; custom_margin=&#8221;||0px||false|true&#8221; custom_margin_tablet=&#8221;0px||0px||false|true&#8221; custom_margin_last_edited=&#8221;off|desktop&#8221; custom_padding=&#8221;||||false|true&#8221; text_font_size_tablet=&#8221;&#8221; text_font_size_phone=&#8221;22px&#8221; text_font_size_last_edited=&#8221;on|desktop&#8221; header_2_font_size_tablet=&#8221;22px&#8221; header_2_font_size_phone=&#8221;16px&#8221; header_2_font_size_last_edited=&#8221;on|phone&#8221; global_colors_info=&#8221;{}&#8221;]<\/p>\n<h2>Ressource<\/h2>\n<p>[\/et_pb_text][et_pb_image src=&#8221;http:\/\/theteachableproject.org\/wp-content\/uploads\/2021\/09\/preview_1e6b8e9302184b46f243627c318c00761-232&#215;300.jpg&#8221; alt=&#8221;Image of Student Self-Advocacy cover&#8221; title_text=&#8221;preview_1e6b8e9302184b46f243627c318c0076%911%93&#8243; url=&#8221;\/wp-content\/uploads\/2021\/09\/classroom-instruction_en.pdf&#8221; url_new_window=&#8221;on&#8221; align=&#8221;center&#8221; module_class=&#8221;en-only&#8221; _builder_version=&#8221;4.9.11&#8243; _module_preset=&#8221;default&#8221; max_height=&#8221;200px&#8221; custom_margin=&#8221;||0px||false|false&#8221; global_colors_info=&#8221;{}&#8221;][\/et_pb_image][et_pb_image src=&#8221;http:\/\/theteachableproject.org\/wp-content\/uploads\/2021\/09\/preview_8e9e1f54676a908a74e5f87d3e016d2a1.jpg&#8221; alt=&#8221;Image of Enseignement en classe cover&#8221; title_text=&#8221;preview_8e9e1f54676a908a74e5f87d3e016d2a%911%93&#8243; url=&#8221;\/wp-content\/uploads\/2021\/09\/classroom-instruction_fr.pdf&#8221; url_new_window=&#8221;on&#8221; align=&#8221;center&#8221; module_class=&#8221;fr-only&#8221; _builder_version=&#8221;4.10.7&#8243; _module_preset=&#8221;default&#8221; max_height=&#8221;200px&#8221; custom_margin=&#8221;||0px||false|false&#8221; global_colors_info=&#8221;{}&#8221;][\/et_pb_image][et_pb_text _builder_version=&#8221;4.10.7&#8243; _module_preset=&#8221;default&#8221; global_colors_info=&#8221;{}&#8221;]<\/p>\n<p><a href=\"\/wp-content\/uploads\/2021\/09\/classroom-instruction_fr.pdf\" target=\"_blank\" rel=\"noopener\" title=\"T\u00e9l\u00e9charger Enseignement en classe pdf\">Enseignement en classe\u00a0<\/a><strong>&#032;[PDF]<\/strong><\/p>\n<p>[\/et_pb_text][et_pb_text _builder_version=&#8221;4.9.11&#8243; _module_preset=&#8221;default&#8221; header_font=&#8221;|700||on|||||&#8221; header_font_size=&#8221;38px&#8221; header_2_font=&#8221;|600|||||||&#8221; header_2_text_align=&#8221;left&#8221; header_2_font_size=&#8221;34px&#8221; header_3_font=&#8221;|600|||||||&#8221; header_3_font_size=&#8221;30px&#8221; header_4_font=&#8221;|600|||||||&#8221; header_4_font_size=&#8221;26px&#8221; header_5_font=&#8221;|600|||||||&#8221; header_5_font_size=&#8221;22px&#8221; header_6_font=&#8221;|600|||||||&#8221; header_6_font_size=&#8221;20px&#8221; custom_margin=&#8221;15px|0px||0px|false|true&#8221; custom_margin_tablet=&#8221;0px||0px||false|true&#8221; custom_margin_phone=&#8221;&#8221; custom_margin_last_edited=&#8221;on|phone&#8221; custom_padding=&#8221;|0px||0px|false|true&#8221; text_font_size_tablet=&#8221;&#8221; text_font_size_phone=&#8221;22px&#8221; text_font_size_last_edited=&#8221;on|desktop&#8221; header_2_font_size_tablet=&#8221;22px&#8221; header_2_font_size_phone=&#8221;16px&#8221; header_2_font_size_last_edited=&#8221;on|phone&#8221; global_colors_info=&#8221;{}&#8221;]<\/p>\n<h2 style=\"text-align: left;\">Navigation<\/h2>\n<p style=\"text-align: right;\"><strong>Pr\u00e9c\u00e9dent<\/strong><br \/>\n<a href=\"https:\/\/theteachableproject.org\/fr-ca\/resources\/access-to-success\/classroom-climate-belonging-and-relationships\/\">Milieu d\u2019apprentissage \u2013 Sentiment d\u2019appartenance et relations <\/a><\/p>\n<p style=\"text-align: right;\"><strong>Suivant<\/strong><br \/>\n<a href=\"https:\/\/theteachableproject.org\/fr-ca\/resources\/access-to-success\/classroom-resources\/\">Ressources en classe<\/a><\/p>\n<p>[\/et_pb_text][\/et_pb_column][et_pb_column type=&#8221;3_4&#8243; specialty_columns=&#8221;3&#8243; _builder_version=&#8221;3.25&#8243; custom_padding=&#8221;|||&#8221; global_colors_info=&#8221;{}&#8221; custom_padding__hover=&#8221;|||&#8221;][et_pb_row_inner _builder_version=&#8221;4.9.11&#8243; _module_preset=&#8221;default&#8221; custom_padding=&#8221;||0px||false|false&#8221; global_colors_info=&#8221;{}&#8221;][et_pb_column_inner saved_specialty_column_type=&#8221;3_4&#8243; _builder_version=&#8221;4.9.11&#8243; _module_preset=&#8221;default&#8221; global_colors_info=&#8221;{}&#8221;][et_pb_post_title meta=&#8221;off&#8221; _builder_version=&#8221;4.9.11&#8243; _module_preset=&#8221;default&#8221; title_font=&#8221;|700|||||||&#8221; title_font_size=&#8221;42px&#8221; global_colors_info=&#8221;{}&#8221;][\/et_pb_post_title][et_pb_code _builder_version=&#8221;4.9.11&#8243; _module_preset=&#8221;default&#8221; max_width=&#8221;100%&#8221; max_width_tablet=&#8221;100%&#8221; max_width_phone=&#8221;&#8221; max_width_last_edited=&#8221;on|desktop&#8221; global_colors_info=&#8221;{}&#8221;]<\/p>\n<div class=\"ppt-text-over-image\"><!-- [et_pb_line_break_holder] -->  <img decoding=\"async\" loading=\"lazy\" width=\"1000\" height=\"655\" src=\"http:\/\/theteachableproject.org\/wp-content\/uploads\/2021\/09\/chalkboard1.jpg\" alt=\"Chalkboard with numbers 1, 2, 3 and 4 along the bottom with an arrow going from 1 to 4 above the numbers\" title=\"chalkboard[1]\" srcset=\"https:\/\/theteachableproject.org\/wp-content\/uploads\/2021\/09\/chalkboard1.jpg 1000w, https:\/\/theteachableproject.org\/wp-content\/uploads\/2021\/09\/chalkboard1-980x642.jpg 980w, https:\/\/theteachableproject.org\/wp-content\/uploads\/2021\/09\/chalkboard1-480x314.jpg 480w\" sizes=\"(min-width: 0px) and (max-width: 480px) 480px, (min-width: 481px) and (max-width: 980px) 980px, (min-width: 981px) 1000px, 100vw\" class=\"wp-image-1503\"><!-- [et_pb_line_break_holder] -->  <\/p>\n<div><!-- [et_pb_line_break_holder] -->    <\/p>\n<h2 style=\"color: #f38034\">What&#8217;s Your Number?<\/h2>\n<p><!-- [et_pb_line_break_holder] -->  <\/div>\n<p><!-- [et_pb_line_break_holder] --><\/div>\n<p>[\/et_pb_code][\/et_pb_column_inner][\/et_pb_row_inner][et_pb_row_inner column_structure=&#8221;1_2,1_2&#8243; _builder_version=&#8221;4.9.11&#8243; _module_preset=&#8221;default&#8221; custom_margin=&#8221;0px|0px|0px|0px|false|false&#8221; custom_padding=&#8221;0px|0px|0px|0px|false|false&#8221; border_width_all=&#8221;2px&#8221; border_color_all=&#8221;#FFFFFF&#8221; global_colors_info=&#8221;{}&#8221;][et_pb_column_inner type=&#8221;1_2&#8243; saved_specialty_column_type=&#8221;3_4&#8243; _builder_version=&#8221;4.9.11&#8243; _module_preset=&#8221;default&#8221; custom_padding=&#8221;0px|0px|0px|0px|false|false&#8221; global_colors_info=&#8221;{}&#8221;][et_pb_text _builder_version=&#8221;4.10.7&#8243; _module_preset=&#8221;default&#8221; text_text_color=&#8221;#000000&#8243; background_color=&#8221;#f38034&#8243; custom_margin=&#8221;0px|0px|0px|0px|false|false&#8221; custom_padding=&#8221;0.5rem|0.75rem|0.5rem|0.75rem|false|false&#8221; global_colors_info=&#8221;{}&#8221;]<\/p>\n<p><strong>1 :<\/strong> <span style=\"text-transform: uppercase;\">Planification<\/span><\/p>\n<p>[\/et_pb_text][\/et_pb_column_inner][et_pb_column_inner type=&#8221;1_2&#8243; saved_specialty_column_type=&#8221;3_4&#8243; _builder_version=&#8221;4.9.11&#8243; _module_preset=&#8221;default&#8221; custom_padding=&#8221;0px|0px|0px|0px|false|false&#8221; global_colors_info=&#8221;{}&#8221;][et_pb_text _builder_version=&#8221;4.10.7&#8243; _module_preset=&#8221;default&#8221; text_text_color=&#8221;#000000&#8243; background_color=&#8221;#f38034&#8243; custom_margin=&#8221;0px|0px|0px|0px|false|false&#8221; custom_padding=&#8221;0.5rem|0.75rem|0.5rem|0.75rem|false|false&#8221; global_colors_info=&#8221;{}&#8221;]<\/p>\n<p><strong>2 :<\/strong> <span style=\"text-transform: uppercase;\">R\u00c9FLEXION<\/span><\/p>\n<p>[\/et_pb_text][\/et_pb_column_inner][\/et_pb_row_inner][et_pb_row_inner column_structure=&#8221;1_2,1_2&#8243; _builder_version=&#8221;4.9.11&#8243; _module_preset=&#8221;default&#8221; custom_margin=&#8221;0px|0px|0px|0px|false|false&#8221; custom_padding=&#8221;0px|0px|0px|0px|false|false&#8221; border_width_all=&#8221;2px&#8221; border_color_all=&#8221;#FFFFFF&#8221; global_colors_info=&#8221;{}&#8221;][et_pb_column_inner type=&#8221;1_2&#8243; saved_specialty_column_type=&#8221;3_4&#8243; _builder_version=&#8221;4.9.11&#8243; _module_preset=&#8221;default&#8221; custom_padding=&#8221;0px|0px|0px|0px|false|false&#8221; global_colors_info=&#8221;{}&#8221;][et_pb_text _builder_version=&#8221;4.10.7&#8243; _module_preset=&#8221;default&#8221; text_text_color=&#8221;#000000&#8243; background_color=&#8221;#f38034&#8243; custom_margin=&#8221;0px|0px|0px|0px|false|false&#8221; custom_padding=&#8221;0.5rem|0.75rem|0.5rem|0.75rem|false|false&#8221; global_colors_info=&#8221;{}&#8221;]<\/p>\n<p><strong>3 :<\/strong> <span style=\"text-transform: uppercase;\">Action<\/span><\/p>\n<p>[\/et_pb_text][\/et_pb_column_inner][et_pb_column_inner type=&#8221;1_2&#8243; saved_specialty_column_type=&#8221;3_4&#8243; _builder_version=&#8221;4.9.11&#8243; _module_preset=&#8221;default&#8221; custom_padding=&#8221;0px|0px|0px|0px|false|false&#8221; global_colors_info=&#8221;{}&#8221;][et_pb_text _builder_version=&#8221;4.10.7&#8243; _module_preset=&#8221;default&#8221; text_text_color=&#8221;#000000&#8243; background_color=&#8221;#f38034&#8243; custom_margin=&#8221;0px|0px|0px|0px|false|false&#8221; custom_padding=&#8221;0.5rem|0.75rem|0.5rem|0.75rem|false|false&#8221; global_colors_info=&#8221;{}&#8221;]<\/p>\n<p><strong>4 :<\/strong> <span style=\"text-transform: uppercase;\">Consolidation<\/span><\/p>\n<p>[\/et_pb_text][\/et_pb_column_inner][\/et_pb_row_inner][et_pb_row_inner _builder_version=&#8221;4.9.11&#8243; _module_preset=&#8221;default&#8221; custom_padding=&#8221;0px||||false|false&#8221; global_colors_info=&#8221;{}&#8221;][et_pb_column_inner saved_specialty_column_type=&#8221;3_4&#8243; _builder_version=&#8221;4.9.11&#8243; _module_preset=&#8221;default&#8221; global_colors_info=&#8221;{}&#8221;][et_pb_text _builder_version=&#8221;4.9.11&#8243; _module_preset=&#8221;default&#8221; header_font=&#8221;|700||on|||||&#8221; header_font_size=&#8221;38px&#8221; header_2_font=&#8221;|600||on|||||&#8221; header_2_text_align=&#8221;left&#8221; header_2_font_size=&#8221;34px&#8221; header_3_font=&#8221;|600|||||||&#8221; header_3_font_size=&#8221;30px&#8221; header_4_font=&#8221;|600|||||||&#8221; header_4_font_size=&#8221;26px&#8221; header_5_font=&#8221;|600|||||||&#8221; header_5_font_size=&#8221;22px&#8221; header_6_font=&#8221;|600|||||||&#8221; header_6_font_size=&#8221;20px&#8221; custom_margin=&#8221;15px|0px||0px|false|true&#8221; custom_margin_tablet=&#8221;0px||0px||false|true&#8221; custom_margin_phone=&#8221;&#8221; custom_margin_last_edited=&#8221;on|phone&#8221; custom_padding=&#8221;|0px||0px|false|true&#8221; hover_enabled=&#8221;0&#8243; text_font_size_tablet=&#8221;&#8221; text_font_size_phone=&#8221;22px&#8221; text_font_size_last_edited=&#8221;on|desktop&#8221; header_2_font_size_tablet=&#8221;22px&#8221; header_2_font_size_phone=&#8221;16px&#8221; header_2_font_size_last_edited=&#8221;on|phone&#8221; global_colors_info=&#8221;{}&#8221; sticky_enabled=&#8221;0&#8243;]<\/p>\n<p><em>On pourra toujours faire mieux.<\/em><br \/><em><strong>Indicateur :&#032;<\/strong> L\u2019enseignement tient compte des besoins diversifi\u00e9s des \u00e9l\u00e8ves et favorise leur apprentissage gr\u00e2ce \u00e0 une planification attentive, \u00e0 la diff\u00e9renciation p\u00e9dagogique et, au besoin, \u00e0 des interventions p\u00e9dagogiques<\/em><\/p>\n<h3>Notre milieu scolaire<\/h3>\n<p>Comment utilisons-nous la d\u00e9marche par \u00e9tapes expos\u00e9e dans <em>L\u2019apprentissage pour tous<\/em> afin de venir en aide \u00e0 des \u00e9l\u00e8ves ayant un \u00e9ventail de divers points forts en mati\u00e8re d\u2019apprentissage?<\/p>\n<p>De quelles ressources humaines et technologiques notre \u00e9cole dispose-t-elle pour am\u00e9liorer l\u2019acc\u00e8s de tous nos \u00e9l\u00e8ves \u00e0 de nouvelles connaissances, comp\u00e9tences et attitudes? Y a-t-il des moyens de mieux tirer parti de ces ressources?<\/p>\n<p>Comment des possibilit\u00e9s d\u2019apprentissage professionnel favorisant des pratiques d\u2019enseignement fond\u00e9es sur l\u2019accessibilit\u00e9 sont-elles int\u00e9gr\u00e9es \u00e0 nos jours de classe?<\/p>\n<h3>Nos classes<\/h3>\n<p>Comment utilisons-nous la d\u00e9marche par \u00e9tapes expos\u00e9e dans <em> L\u2019apprentissage pour tous <\/em> afin  d\u2019\u00e9valuer les besoins des \u00e9l\u00e8ves et d\u2019adapter notre enseignement en cons\u00e9quence?<\/p>\n<p>Comment planifions-nous notre enseignement en tenant compte des besoins et des styles d\u2019apprentissage diversifi\u00e9s de nos \u00e9l\u00e8ves, de sorte que chacun d\u2019eux puisse atteindre ses objectifs d\u2019apprentissage?<\/p>\n<p>Comment donnons-nous aux \u00e9l\u00e8ves la possibilit\u00e9 de participer \u00e0 l\u2019\u00e9tablissement des objectifs d\u2019apprentissage et des crit\u00e8res de r\u00e9ussite?<\/p>\n<p>Comment savons-nous que nos strat\u00e9gies d\u2019intervention r\u00e9pondent ad\u00e9quatement aux besoins diversifi\u00e9s de nos \u00e9l\u00e8ves?<\/p>\n<h3>Nos \u00e9l\u00e8ves<\/h3>\n<p>Comment nos \u00e9l\u00e8ves montrent-ils qu\u2019ils comprennent et appr\u00e9cient le fait qu\u2019il existe diff\u00e9rents moyens d\u2019apprendre?<\/p>\n<p>Comment nos \u00e9l\u00e8ves, quelles que soient leurs capacit\u00e9s, montrent-ils qu\u2019ils sont motiv\u00e9s \u00e0 apprendre?<\/p>\n<p>Comment nos \u00e9l\u00e8ves, quelles que soient leurs capacit\u00e9s, montrent-ils qu\u2019ils s\u2019appuient mutuellement dans leur apprentissage?<\/p>\n<p>[\/et_pb_text][\/et_pb_column_inner][\/et_pb_row_inner][\/et_pb_column][\/et_pb_section]<\/p>","protected":false},"excerpt":{"rendered":"<p>ResourcesResourceClassroom Instruction\u00a0[PDF]Navigation Previous Classroom Climate: Belonging and Relationships Next Classroom Resources1 : Planning2 : Minds On3 : Action4 : ConsolidationThere will always be scope to improveIndicator: Instruction acknowledges the diverse needs of students and supports their learning through careful planning, differentiation, and intervention as appropriate. Our School Environment How do we use the tiered approach [&hellip;]<\/p>","protected":false},"author":3,"featured_media":0,"parent":1147,"menu_order":9,"comment_status":"closed","ping_status":"closed","template":"","meta":{"_et_pb_use_builder":"on","_et_pb_old_content":"","_et_gb_content_width":"","footnotes":""},"wf_page_folders":[],"class_list":["post-1594","page","type-page","status-publish","hentry"],"yoast_head":"<!-- This site is optimized with the Yoast SEO plugin v22.0 - https:\/\/yoast.com\/wordpress\/plugins\/seo\/ -->\n<title>Classroom Instruction - The Teachable Project<\/title>\n<meta name=\"robots\" content=\"index, follow, max-snippet:-1, max-image-preview:large, max-video-preview:-1\" \/>\n<link rel=\"canonical\" href=\"https:\/\/theteachableproject.org\/fr-ca\/resources\/access-to-success\/classroom-instruction\/\" \/>\n<meta property=\"og:locale\" content=\"fr_CA\" \/>\n<meta property=\"og:type\" content=\"article\" \/>\n<meta property=\"og:title\" content=\"Classroom Instruction - The Teachable Project\" \/>\n<meta property=\"og:description\" content=\"ResourcesResourceClassroom Instruction\u00a0[PDF]Navigation Previous Classroom Climate: Belonging and Relationships Next Classroom Resources1 : Planning2 : Minds On3 : Action4 : ConsolidationThere will always be scope to improveIndicator: Instruction acknowledges the diverse needs of students and supports their learning through careful planning, differentiation, and intervention as appropriate. Our School Environment How do we use the tiered approach [&hellip;]\" \/>\n<meta property=\"og:url\" content=\"https:\/\/theteachableproject.org\/fr-ca\/resources\/access-to-success\/classroom-instruction\/\" \/>\n<meta property=\"og:site_name\" content=\"The Teachable Project\" \/>\n<meta property=\"article:modified_time\" content=\"2021-11-01T17:09:25+00:00\" \/>\n<meta property=\"og:image\" content=\"http:\/\/theteachableproject.org\/wp-content\/uploads\/2021\/09\/chalkboard1.jpg\" \/>\n<meta name=\"twitter:card\" content=\"summary_large_image\" \/>\n<meta name=\"twitter:label1\" content=\"Estimation du temps de lecture\" \/>\n\t<meta name=\"twitter:data1\" content=\"7 minutes\" \/>\n<script type=\"application\/ld+json\" class=\"yoast-schema-graph\">{\"@context\":\"https:\/\/schema.org\",\"@graph\":[{\"@type\":\"WebPage\",\"@id\":\"https:\/\/theteachableproject.org\/resources\/access-to-success\/classroom-instruction\/\",\"url\":\"https:\/\/theteachableproject.org\/resources\/access-to-success\/classroom-instruction\/\",\"name\":\"Classroom Instruction - The Teachable Project\",\"isPartOf\":{\"@id\":\"https:\/\/theteachableproject.org\/fr-ca\/#website\"},\"datePublished\":\"2021-09-03T20:25:00+00:00\",\"dateModified\":\"2021-11-01T17:09:25+00:00\",\"breadcrumb\":{\"@id\":\"https:\/\/theteachableproject.org\/resources\/access-to-success\/classroom-instruction\/#breadcrumb\"},\"inLanguage\":\"fr-CA\",\"potentialAction\":[{\"@type\":\"ReadAction\",\"target\":[\"https:\/\/theteachableproject.org\/resources\/access-to-success\/classroom-instruction\/\"]}]},{\"@type\":\"BreadcrumbList\",\"@id\":\"https:\/\/theteachableproject.org\/resources\/access-to-success\/classroom-instruction\/#breadcrumb\",\"itemListElement\":[{\"@type\":\"ListItem\",\"position\":1,\"name\":\"Home\",\"item\":\"https:\/\/theteachableproject.org\/fr-ca\/\"},{\"@type\":\"ListItem\",\"position\":2,\"name\":\"Resources\",\"item\":\"https:\/\/theteachableproject.org\/resources\/\"},{\"@type\":\"ListItem\",\"position\":3,\"name\":\"Access to Success\",\"item\":\"https:\/\/theteachableproject.org\/resources\/access-to-success\/\"},{\"@type\":\"ListItem\",\"position\":4,\"name\":\"Classroom Instruction\"}]},{\"@type\":\"WebSite\",\"@id\":\"https:\/\/theteachableproject.org\/fr-ca\/#website\",\"url\":\"https:\/\/theteachableproject.org\/fr-ca\/\",\"name\":\"The Teachable Project\",\"description\":\"The Teachable Project\",\"potentialAction\":[{\"@type\":\"SearchAction\",\"target\":{\"@type\":\"EntryPoint\",\"urlTemplate\":\"https:\/\/theteachableproject.org\/fr-ca\/?s={search_term_string}\"},\"query-input\":\"required name=search_term_string\"}],\"inLanguage\":\"fr-CA\"}]}<\/script>\n<!-- \/ Yoast SEO plugin. -->","yoast_head_json":{"title":"Classroom Instruction - The Teachable Project","robots":{"index":"index","follow":"follow","max-snippet":"max-snippet:-1","max-image-preview":"max-image-preview:large","max-video-preview":"max-video-preview:-1"},"canonical":"https:\/\/theteachableproject.org\/fr-ca\/resources\/access-to-success\/classroom-instruction\/","og_locale":"fr_CA","og_type":"article","og_title":"Classroom Instruction - The Teachable Project","og_description":"ResourcesResourceClassroom Instruction\u00a0[PDF]Navigation Previous Classroom Climate: Belonging and Relationships Next Classroom Resources1 : Planning2 : Minds On3 : Action4 : ConsolidationThere will always be scope to improveIndicator: Instruction acknowledges the diverse needs of students and supports their learning through careful planning, differentiation, and intervention as appropriate. Our School Environment How do we use the tiered approach [&hellip;]","og_url":"https:\/\/theteachableproject.org\/fr-ca\/resources\/access-to-success\/classroom-instruction\/","og_site_name":"The Teachable Project","article_modified_time":"2021-11-01T17:09:25+00:00","og_image":[{"url":"http:\/\/theteachableproject.org\/wp-content\/uploads\/2021\/09\/chalkboard1.jpg"}],"twitter_card":"summary_large_image","twitter_misc":{"Estimation du temps de lecture":"7 minutes"},"schema":{"@context":"https:\/\/schema.org","@graph":[{"@type":"WebPage","@id":"https:\/\/theteachableproject.org\/resources\/access-to-success\/classroom-instruction\/","url":"https:\/\/theteachableproject.org\/resources\/access-to-success\/classroom-instruction\/","name":"Classroom Instruction - The Teachable Project","isPartOf":{"@id":"https:\/\/theteachableproject.org\/fr-ca\/#website"},"datePublished":"2021-09-03T20:25:00+00:00","dateModified":"2021-11-01T17:09:25+00:00","breadcrumb":{"@id":"https:\/\/theteachableproject.org\/resources\/access-to-success\/classroom-instruction\/#breadcrumb"},"inLanguage":"fr-CA","potentialAction":[{"@type":"ReadAction","target":["https:\/\/theteachableproject.org\/resources\/access-to-success\/classroom-instruction\/"]}]},{"@type":"BreadcrumbList","@id":"https:\/\/theteachableproject.org\/resources\/access-to-success\/classroom-instruction\/#breadcrumb","itemListElement":[{"@type":"ListItem","position":1,"name":"Home","item":"https:\/\/theteachableproject.org\/fr-ca\/"},{"@type":"ListItem","position":2,"name":"Resources","item":"https:\/\/theteachableproject.org\/resources\/"},{"@type":"ListItem","position":3,"name":"Access to Success","item":"https:\/\/theteachableproject.org\/resources\/access-to-success\/"},{"@type":"ListItem","position":4,"name":"Classroom Instruction"}]},{"@type":"WebSite","@id":"https:\/\/theteachableproject.org\/fr-ca\/#website","url":"https:\/\/theteachableproject.org\/fr-ca\/","name":"The Teachable Project","description":"The Teachable Project","potentialAction":[{"@type":"SearchAction","target":{"@type":"EntryPoint","urlTemplate":"https:\/\/theteachableproject.org\/fr-ca\/?s={search_term_string}"},"query-input":"required name=search_term_string"}],"inLanguage":"fr-CA"}]}},"_links":{"self":[{"href":"https:\/\/theteachableproject.org\/fr-ca\/wp-json\/wp\/v2\/pages\/1594"}],"collection":[{"href":"https:\/\/theteachableproject.org\/fr-ca\/wp-json\/wp\/v2\/pages"}],"about":[{"href":"https:\/\/theteachableproject.org\/fr-ca\/wp-json\/wp\/v2\/types\/page"}],"author":[{"embeddable":true,"href":"https:\/\/theteachableproject.org\/fr-ca\/wp-json\/wp\/v2\/users\/3"}],"replies":[{"embeddable":true,"href":"https:\/\/theteachableproject.org\/fr-ca\/wp-json\/wp\/v2\/comments?post=1594"}],"version-history":[{"count":0,"href":"https:\/\/theteachableproject.org\/fr-ca\/wp-json\/wp\/v2\/pages\/1594\/revisions"}],"up":[{"embeddable":true,"href":"https:\/\/theteachableproject.org\/fr-ca\/wp-json\/wp\/v2\/pages\/1147"}],"wp:attachment":[{"href":"https:\/\/theteachableproject.org\/fr-ca\/wp-json\/wp\/v2\/media?parent=1594"}],"wp:term":[{"taxonomy":"wf_page_folders","embeddable":true,"href":"https:\/\/theteachableproject.org\/fr-ca\/wp-json\/wp\/v2\/wf_page_folders?post=1594"}],"curies":[{"name":"wp","href":"https:\/\/api.w.org\/{rel}","templated":true}]}}