{"id":1498,"date":"2021-09-03T14:22:34","date_gmt":"2021-09-03T18:22:34","guid":{"rendered":"https:\/\/teachable-wp.oesc-cseo.org\/?page_id=1498"},"modified":"2021-10-28T12:02:38","modified_gmt":"2021-10-28T16:02:38","slug":"student-self-advocacy","status":"publish","type":"page","link":"https:\/\/theteachableproject.org\/fr-ca\/resources\/access-to-success\/student-self-advocacy\/","title":{"rendered":"D\u00e9fense de leurs int\u00e9r\u00eats par les \u00e9l\u00e8ves"},"content":{"rendered":"<p>[et_pb_section fb_built=&#8221;1&#8243; specialty=&#8221;on&#8221; padding_top_bottom_link_1=&#8221;false&#8221; padding_left_right_link_1=&#8221;false&#8221; module_class=&#8221;ttp-lp-sidebar&#8221; _builder_version=&#8221;4.9.11&#8243; _module_preset=&#8221;default&#8221; width=&#8221;100%&#8221; inner_width=&#8221;100%&#8221; locked=&#8221;off&#8221; global_colors_info=&#8221;{}&#8221;][et_pb_column type=&#8221;1_4&#8243; _builder_version=&#8221;3.25&#8243; custom_padding=&#8221;|||&#8221; global_colors_info=&#8221;{}&#8221; custom_padding__hover=&#8221;|||&#8221;][et_pb_text _builder_version=&#8221;4.9.11&#8243; _module_preset=&#8221;default&#8221; custom_css_before=&#8221;content: &#8216;\u261a&#8217;;||position: absolute;||margin-left: -20px;&#8221; custom_css_main_element=&#8221;margin-left: 20px;&#8221; global_colors_info=&#8221;{}&#8221;]<a href=\"https:\/\/theteachableproject.org\/fr-ca\/resources\/\" title=\"Retour aux ressources\">Ressources<\/a>[\/et_pb_text][et_pb_text module_id=&#8221;toc&#8221; _builder_version=&#8221;4.9.11&#8243; _module_preset=&#8221;default&#8221; header_font=&#8221;|700||on|||||&#8221; header_font_size=&#8221;38px&#8221; header_2_font=&#8221;|600|||||||&#8221; header_2_text_align=&#8221;left&#8221; header_2_font_size=&#8221;34px&#8221; header_3_font=&#8221;|600|||||||&#8221; header_3_font_size=&#8221;30px&#8221; header_4_font=&#8221;|600|||||||&#8221; header_4_font_size=&#8221;26px&#8221; header_5_font=&#8221;|600|||||||&#8221; header_5_font_size=&#8221;22px&#8221; header_6_font=&#8221;|600|||||||&#8221; header_6_font_size=&#8221;20px&#8221; custom_margin=&#8221;||0px||false|true&#8221; custom_margin_tablet=&#8221;0px||0px||false|true&#8221; custom_margin_last_edited=&#8221;off|desktop&#8221; custom_padding=&#8221;||||false|true&#8221; text_font_size_tablet=&#8221;&#8221; text_font_size_phone=&#8221;22px&#8221; text_font_size_last_edited=&#8221;on|desktop&#8221; header_2_font_size_tablet=&#8221;22px&#8221; header_2_font_size_phone=&#8221;16px&#8221; header_2_font_size_last_edited=&#8221;on|phone&#8221; global_colors_info=&#8221;{}&#8221;]<\/p>\n<h2>Ressource<\/h2>\n<p>[\/et_pb_text][et_pb_image src=&#8221;http:\/\/theteachableproject.org\/wp-content\/uploads\/2021\/09\/preview_472bd6fbbdec34b04c5333d0b0cc42751-232&#215;300.jpg&#8221; alt=&#8221;Image of Student Self-Advocacy cover&#8221; title_text=&#8221;preview_472bd6fbbdec34b04c5333d0b0cc4275%911%93&#8243; url=&#8221;\/wp-content\/uploads\/2021\/09\/student-self-advocacy_en.pdf&#8221; url_new_window=&#8221;on&#8221; align=&#8221;center&#8221; module_class=&#8221;en-only&#8221; _builder_version=&#8221;4.9.11&#8243; _module_preset=&#8221;default&#8221; max_height=&#8221;200px&#8221; custom_margin=&#8221;||0px||false|false&#8221; global_colors_info=&#8221;{}&#8221;][\/et_pb_image][et_pb_image src=&#8221;http:\/\/theteachableproject.org\/wp-content\/uploads\/2021\/09\/preview_e5503d8045015bb1fe10e0a9827c55df1.jpg&#8221; alt=&#8221;Image of D\u00e9fense de leurs int\u00e9r\u00eats par les \u00e9l\u00e8ves cover&#8221; title_text=&#8221;preview_e5503d8045015bb1fe10e0a9827c55df%911%93&#8243; url=&#8221;\/wp-content\/uploads\/2021\/09\/student-self-advocacy_fr.pdf&#8221; url_new_window=&#8221;on&#8221; align=&#8221;center&#8221; module_class=&#8221;fr-only&#8221; _builder_version=&#8221;4.10.7&#8243; _module_preset=&#8221;default&#8221; max_height=&#8221;200px&#8221; custom_margin=&#8221;||0px||false|false&#8221; global_colors_info=&#8221;{}&#8221;][\/et_pb_image][et_pb_text _builder_version=&#8221;4.10.7&#8243; _module_preset=&#8221;default&#8221; global_colors_info=&#8221;{}&#8221;]<\/p>\n<p><a href=\"\/wp-content\/uploads\/2021\/09\/student-self-advocacy_fr.pdf\" target=\"_blank\" rel=\"noopener\" title=\"T\u00e9l\u00e9charger D\u00e9fense de leurs int\u00e9r\u00eats par les \u00e9l\u00e8ves pdf\">D\u00e9fense de leurs int\u00e9r\u00eats par les \u00e9l\u00e8ves<\/a>\u00a0<strong>&#032;[PDF]<\/strong><\/p>\n<p>[\/et_pb_text][et_pb_text _builder_version=&#8221;4.9.11&#8243; _module_preset=&#8221;default&#8221; header_font=&#8221;|700||on|||||&#8221; header_font_size=&#8221;38px&#8221; header_2_font=&#8221;|600|||||||&#8221; header_2_text_align=&#8221;left&#8221; header_2_font_size=&#8221;34px&#8221; header_3_font=&#8221;|600|||||||&#8221; header_3_font_size=&#8221;30px&#8221; header_4_font=&#8221;|600|||||||&#8221; header_4_font_size=&#8221;26px&#8221; header_5_font=&#8221;|600|||||||&#8221; header_5_font_size=&#8221;22px&#8221; header_6_font=&#8221;|600|||||||&#8221; header_6_font_size=&#8221;20px&#8221; custom_margin=&#8221;15px|0px||0px|false|true&#8221; custom_margin_tablet=&#8221;0px||0px||false|true&#8221; custom_margin_phone=&#8221;&#8221; custom_margin_last_edited=&#8221;on|phone&#8221; custom_padding=&#8221;|0px||0px|false|true&#8221; text_font_size_tablet=&#8221;&#8221; text_font_size_phone=&#8221;22px&#8221; text_font_size_last_edited=&#8221;on|desktop&#8221; header_2_font_size_tablet=&#8221;22px&#8221; header_2_font_size_phone=&#8221;16px&#8221; header_2_font_size_last_edited=&#8221;on|phone&#8221; global_colors_info=&#8221;{}&#8221;]<\/p>\n<h2 style=\"text-align: left;\">Navigation<\/h2>\n<p style=\"text-align: right;\"><strong>Pr\u00e9c\u00e9dent<\/strong><br \/>\n<a href=\"https:\/\/theteachableproject.org\/fr-ca\/resources\/access-to-success\/pd-module-accessibility-awareness-for-classroom-based-staff\/\">Module de perfectionnement professionnel<\/a><\/p>\n<p style=\"text-align: right;\"><strong>Suivant<\/strong><br \/>\n<a href=\"https:\/\/theteachableproject.org\/fr-ca\/resources\/access-to-success\/classroom-climate-transition-pathways\/\">Transition vers le postsecondaire<\/a><\/p>\n<p>[\/et_pb_text][\/et_pb_column][et_pb_column type=&#8221;3_4&#8243; specialty_columns=&#8221;3&#8243; _builder_version=&#8221;3.25&#8243; custom_padding=&#8221;|||&#8221; global_colors_info=&#8221;{}&#8221; custom_padding__hover=&#8221;|||&#8221;][et_pb_row_inner _builder_version=&#8221;4.9.11&#8243; _module_preset=&#8221;default&#8221; custom_padding=&#8221;||0px||false|false&#8221; global_colors_info=&#8221;{}&#8221;][et_pb_column_inner saved_specialty_column_type=&#8221;3_4&#8243; _builder_version=&#8221;4.9.11&#8243; _module_preset=&#8221;default&#8221; global_colors_info=&#8221;{}&#8221;][et_pb_post_title meta=&#8221;off&#8221; _builder_version=&#8221;4.9.11&#8243; _module_preset=&#8221;default&#8221; title_font=&#8221;|700|||||||&#8221; title_font_size=&#8221;42px&#8221; global_colors_info=&#8221;{}&#8221;][\/et_pb_post_title][et_pb_code _builder_version=&#8221;4.9.11&#8243; _module_preset=&#8221;default&#8221; max_width=&#8221;100%&#8221; max_width_tablet=&#8221;100%&#8221; max_width_phone=&#8221;&#8221; max_width_last_edited=&#8221;on|desktop&#8221; global_colors_info=&#8221;{}&#8221;]<\/p>\n<div class=\"ppt-text-over-image\"><!-- [et_pb_line_break_holder] -->  <img decoding=\"async\" loading=\"lazy\" width=\"1000\" height=\"655\" src=\"http:\/\/theteachableproject.org\/wp-content\/uploads\/2021\/09\/chalkboard1.jpg\" alt=\"Chalkboard with numbers 1, 2, 3 and 4 along the bottom with an arrow going from 1 to 4 above the numbers\" title=\"chalkboard[1]\" srcset=\"https:\/\/theteachableproject.org\/wp-content\/uploads\/2021\/09\/chalkboard1.jpg 1000w, https:\/\/theteachableproject.org\/wp-content\/uploads\/2021\/09\/chalkboard1-980x642.jpg 980w, https:\/\/theteachableproject.org\/wp-content\/uploads\/2021\/09\/chalkboard1-480x314.jpg 480w\" sizes=\"(min-width: 0px) and (max-width: 480px) 480px, (min-width: 481px) and (max-width: 980px) 980px, (min-width: 981px) 1000px, 100vw\" class=\"wp-image-1503\"><!-- [et_pb_line_break_holder] -->  <\/p>\n<div><!-- [et_pb_line_break_holder] -->    <\/p>\n<h2 style=\"color: #d5de5a\">What&#8217;s Your Number?<\/h2>\n<p><!-- [et_pb_line_break_holder] -->  <\/div>\n<p><!-- [et_pb_line_break_holder] --><\/div>\n<p>[\/et_pb_code][\/et_pb_column_inner][\/et_pb_row_inner][et_pb_row_inner column_structure=&#8221;1_2,1_2&#8243; _builder_version=&#8221;4.9.11&#8243; _module_preset=&#8221;default&#8221; custom_margin=&#8221;0px|0px|0px|0px|false|false&#8221; custom_padding=&#8221;0px|0px|0px|0px|false|false&#8221; border_width_all=&#8221;2px&#8221; border_color_all=&#8221;#FFFFFF&#8221; global_colors_info=&#8221;{}&#8221;][et_pb_column_inner type=&#8221;1_2&#8243; saved_specialty_column_type=&#8221;3_4&#8243; _builder_version=&#8221;4.9.11&#8243; _module_preset=&#8221;default&#8221; custom_padding=&#8221;0px|0px|0px|0px|false|false&#8221; global_colors_info=&#8221;{}&#8221;][et_pb_text _builder_version=&#8221;4.10.7&#8243; _module_preset=&#8221;default&#8221; text_text_color=&#8221;#000000&#8243; background_color=&#8221;#d5de5a&#8221; custom_margin=&#8221;0px|0px|0px|0px|false|false&#8221; custom_padding=&#8221;0.5rem|0.75rem|0.5rem|0.75rem|false|false&#8221; hover_enabled=&#8221;0&#8243; global_colors_info=&#8221;{}&#8221; sticky_enabled=&#8221;0&#8243;]<\/p>\n<p><strong>1 :<\/strong> <span style=\"text-transform: uppercase;\">Planification<\/span><\/p>\n<p>[\/et_pb_text][\/et_pb_column_inner][et_pb_column_inner type=&#8221;1_2&#8243; saved_specialty_column_type=&#8221;3_4&#8243; _builder_version=&#8221;4.9.11&#8243; _module_preset=&#8221;default&#8221; custom_padding=&#8221;0px|0px|0px|0px|false|false&#8221; global_colors_info=&#8221;{}&#8221;][et_pb_text _builder_version=&#8221;4.9.11&#8243; _module_preset=&#8221;default&#8221; text_text_color=&#8221;#000000&#8243; background_color=&#8221;#d5de5a&#8221; custom_margin=&#8221;0px|0px|0px|0px|false|false&#8221; custom_padding=&#8221;0.5rem|0.75rem|0.5rem|0.75rem|false|false&#8221; hover_enabled=&#8221;0&#8243; global_colors_info=&#8221;{}&#8221; sticky_enabled=&#8221;0&#8243;]<\/p>\n<p><strong>2 :<\/strong> <span style=\"text-transform: uppercase;\">R\u00c9FLEXION<\/span><\/p>\n<p>[\/et_pb_text][\/et_pb_column_inner][\/et_pb_row_inner][et_pb_row_inner column_structure=&#8221;1_2,1_2&#8243; _builder_version=&#8221;4.9.11&#8243; _module_preset=&#8221;default&#8221; custom_margin=&#8221;0px|0px|0px|0px|false|false&#8221; custom_padding=&#8221;0px|0px|0px|0px|false|false&#8221; border_width_all=&#8221;2px&#8221; border_color_all=&#8221;#FFFFFF&#8221; global_colors_info=&#8221;{}&#8221;][et_pb_column_inner type=&#8221;1_2&#8243; saved_specialty_column_type=&#8221;3_4&#8243; _builder_version=&#8221;4.9.11&#8243; _module_preset=&#8221;default&#8221; custom_padding=&#8221;0px|0px|0px|0px|false|false&#8221; global_colors_info=&#8221;{}&#8221;][et_pb_text _builder_version=&#8221;4.9.11&#8243; _module_preset=&#8221;default&#8221; text_text_color=&#8221;#000000&#8243; background_color=&#8221;#d5de5a&#8221; custom_margin=&#8221;0px|0px|0px|0px|false|false&#8221; custom_padding=&#8221;0.5rem|0.75rem|0.5rem|0.75rem|false|false&#8221; global_colors_info=&#8221;{}&#8221;]<\/p>\n<p><strong>3 :<\/strong> <span style=\"text-transform: uppercase;\">Action<\/span><\/p>\n<p>[\/et_pb_text][\/et_pb_column_inner][et_pb_column_inner type=&#8221;1_2&#8243; saved_specialty_column_type=&#8221;3_4&#8243; _builder_version=&#8221;4.9.11&#8243; _module_preset=&#8221;default&#8221; custom_padding=&#8221;0px|0px|0px|0px|false|false&#8221; global_colors_info=&#8221;{}&#8221;][et_pb_text _builder_version=&#8221;4.9.11&#8243; _module_preset=&#8221;default&#8221; text_text_color=&#8221;#000000&#8243; background_color=&#8221;#d5de5a&#8221; custom_margin=&#8221;0px|0px|0px|0px|false|false&#8221; custom_padding=&#8221;0.5rem|0.75rem|0.5rem|0.75rem|false|false&#8221; global_colors_info=&#8221;{}&#8221;]<\/p>\n<p><strong>4 :<\/strong> <span style=\"text-transform: uppercase;\">Consolidation<\/span><\/p>\n<p>[\/et_pb_text][\/et_pb_column_inner][\/et_pb_row_inner][et_pb_row_inner _builder_version=&#8221;4.9.11&#8243; _module_preset=&#8221;default&#8221; custom_padding=&#8221;0px||||false|false&#8221; global_colors_info=&#8221;{}&#8221;][et_pb_column_inner saved_specialty_column_type=&#8221;3_4&#8243; _builder_version=&#8221;4.9.11&#8243; _module_preset=&#8221;default&#8221; global_colors_info=&#8221;{}&#8221;][et_pb_text _builder_version=&#8221;4.9.11&#8243; _module_preset=&#8221;default&#8221; header_font=&#8221;|700||on|||||&#8221; header_font_size=&#8221;38px&#8221; header_2_font=&#8221;|600||on|||||&#8221; header_2_text_align=&#8221;left&#8221; header_2_font_size=&#8221;34px&#8221; header_3_font=&#8221;|600|||||||&#8221; header_3_font_size=&#8221;30px&#8221; header_4_font=&#8221;|600|||||||&#8221; header_4_font_size=&#8221;26px&#8221; header_5_font=&#8221;|600|||||||&#8221; header_5_font_size=&#8221;22px&#8221; header_6_font=&#8221;|600|||||||&#8221; header_6_font_size=&#8221;20px&#8221; custom_margin=&#8221;15px|0px||0px|false|true&#8221; custom_margin_tablet=&#8221;0px||0px||false|true&#8221; custom_margin_phone=&#8221;&#8221; custom_margin_last_edited=&#8221;on|phone&#8221; custom_padding=&#8221;|0px||0px|false|true&#8221; text_font_size_tablet=&#8221;&#8221; text_font_size_phone=&#8221;22px&#8221; text_font_size_last_edited=&#8221;on|desktop&#8221; header_2_font_size_tablet=&#8221;22px&#8221; header_2_font_size_phone=&#8221;16px&#8221; header_2_font_size_last_edited=&#8221;on|phone&#8221; global_colors_info=&#8221;{}&#8221;]<\/p>\n<p class=\" translation-block\"><em>On pourra toujours faire mieux.<\/em><br><em><strong>Indicateur :<\/strong> Les \u00e9l\u00e8ves sont conscients d\u2019eux-m\u00eames et d\u00e9fendent leurs droits et leurs besoins.<\/em><\/p>\n<h3>Notre milieu scolaire<\/h3>\n<p>Comment veillons-nous \u00e0 ce que nos activit\u00e9s scolaires favorisent la formation du caract\u00e8re en ce qui concerne les questions relatives \u00e0 l\u2019accessibilit\u00e9?<\/p>\n<p>Que faisons-nous pour encourager tous nos \u00e9l\u00e8ves \u00e0 prendre une part active \u00e0 la r\u00e9alisation de leurs objectifs d\u2019\u00e9ducation et de vie et \u00e0 examiner comment leur r\u00e9ussite est influenc\u00e9e par des questions li\u00e9es \u00e0 l\u2019accessibilit\u00e9?<\/p>\n<p>Comment donnons-nous l\u2019exemple et montrons-nous aux \u00e9l\u00e8ves \u00e0 :<\/p>\n<ul>\n<li>d\u00e9velopper des comp\u00e9tences en communications et en n\u00e9gociation;<\/li>\n<li>d\u00e9fendre comme il se doit leurs propres int\u00e9r\u00eats;<\/li>\n<li>respecter autrui;<\/li>\n<li>\u00eatre responsables d\u2019eux-m\u00eames?<\/li>\n<\/ul>\n<p>Comment les activit\u00e9s de notre \u00e9cole offrent-elles aux \u00e9l\u00e8ves l\u2019occasion de se cr\u00e9er un r\u00e9seau de soutien ou des relations de mentorat?<\/p>\n<h3>Nos classes<\/h3>\n<p>Comment offrons-nous aux \u00e9l\u00e8ves des exp\u00e9riences d\u2019apprentissage authentiques qui leur donnent l\u2019occasion de d\u00e9velopper leurs comp\u00e9tences en travail d\u2019\u00e9quipe, en jeux de r\u00f4les et en r\u00e9solution de probl\u00e8mes dans un milieu s\u00e9curitaire et favorable?<\/p>\n<p>Comment montrons-nous l\u2019exemple et encourageons-nous une formation du caract\u00e8re ad\u00e9quate qui valorise l\u2019accessibilit\u00e9?<\/p>\n<p>Comment encourageons-nous les \u00e9l\u00e8ves, quelles que soient leurs capacit\u00e9s, \u00e0 prendre des d\u00e9cisions concernant leur \u00e9ducation, \u00e0 \u00e9valuer leur propre rendement et \u00e0 assumer la responsabilit\u00e9 de leur apprentissage?<\/p>\n<h3>Nos \u00e9l\u00e8ves<\/h3>\n<p>Comment nos \u00e9l\u00e8ves montrent-ils qu\u2019ils connaissent leurs points forts et leurs besoins?<\/p>\n<p>Dans quelle mesure nos \u00e9l\u00e8ves communiquent-ils efficacement leurs besoins et leurs pr\u00e9f\u00e9rences en mati\u00e8re d\u2019apprentissage?<\/p>\n<p>Comment nos \u00e9l\u00e8ves apprennent-ils \u00e0 expliquer leurs besoins et \u00e0 d\u00e9fendre clairement leur point de vue?<\/p>\n<p>Comment nos \u00e9l\u00e8ves montrent-ils qu\u2019ils font preuve d\u2019une saine assurance?<\/p>\n<p>[\/et_pb_text][\/et_pb_column_inner][\/et_pb_row_inner][\/et_pb_column][\/et_pb_section]<\/p>","protected":false},"excerpt":{"rendered":"<p>ResourcesResourceStudent Self-Advocacy\u00a0[PDF]Navigation Previous PD Module: Accessibility Awareness for Classroom-based Staff Next Classroom Climate: Transition Pathways1 : Planning2 : Esprit sur3 : Action4 : ConsolidationThere will always be scope to improveIndicator: Students are self-aware and are advocates for their rights and needs. Our School Environment How do we ensure that our school activities promote character development [&hellip;]<\/p>","protected":false},"author":3,"featured_media":0,"parent":1147,"menu_order":4,"comment_status":"closed","ping_status":"closed","template":"","meta":{"_et_pb_use_builder":"on","_et_pb_old_content":"","_et_gb_content_width":"","footnotes":""},"wf_page_folders":[],"class_list":["post-1498","page","type-page","status-publish","hentry"],"yoast_head":"<!-- This site is optimized with the Yoast SEO plugin v22.0 - https:\/\/yoast.com\/wordpress\/plugins\/seo\/ -->\n<title>Student Self-Advocacy - The Teachable Project<\/title>\n<meta name=\"robots\" content=\"index, follow, max-snippet:-1, max-image-preview:large, max-video-preview:-1\" \/>\n<link rel=\"canonical\" href=\"https:\/\/theteachableproject.org\/fr-ca\/resources\/access-to-success\/student-self-advocacy\/\" \/>\n<meta property=\"og:locale\" content=\"fr_CA\" \/>\n<meta property=\"og:type\" content=\"article\" \/>\n<meta property=\"og:title\" content=\"Student Self-Advocacy - The Teachable Project\" \/>\n<meta property=\"og:description\" content=\"ResourcesResourceStudent Self-Advocacy\u00a0[PDF]Navigation Previous PD Module: Accessibility Awareness for Classroom-based Staff Next Classroom Climate: Transition Pathways1 : Planning2 : Esprit sur3 : Action4 : ConsolidationThere will always be scope to improveIndicator: Students are self-aware and are advocates for their rights and needs. Our School Environment How do we ensure that our school activities promote character development [&hellip;]\" \/>\n<meta property=\"og:url\" content=\"https:\/\/theteachableproject.org\/fr-ca\/resources\/access-to-success\/student-self-advocacy\/\" \/>\n<meta property=\"og:site_name\" content=\"The Teachable Project\" \/>\n<meta property=\"article:modified_time\" content=\"2021-10-28T16:02:38+00:00\" \/>\n<meta property=\"og:image\" content=\"http:\/\/theteachableproject.org\/wp-content\/uploads\/2021\/09\/chalkboard1.jpg\" \/>\n<meta name=\"twitter:card\" content=\"summary_large_image\" \/>\n<meta name=\"twitter:label1\" content=\"Estimation du temps de lecture\" \/>\n\t<meta name=\"twitter:data1\" content=\"7 minutes\" \/>\n<script type=\"application\/ld+json\" class=\"yoast-schema-graph\">{\"@context\":\"https:\/\/schema.org\",\"@graph\":[{\"@type\":\"WebPage\",\"@id\":\"https:\/\/theteachableproject.org\/resources\/access-to-success\/student-self-advocacy\/\",\"url\":\"https:\/\/theteachableproject.org\/resources\/access-to-success\/student-self-advocacy\/\",\"name\":\"Student Self-Advocacy - The Teachable Project\",\"isPartOf\":{\"@id\":\"https:\/\/theteachableproject.org\/fr-ca\/#website\"},\"datePublished\":\"2021-09-03T18:22:34+00:00\",\"dateModified\":\"2021-10-28T16:02:38+00:00\",\"breadcrumb\":{\"@id\":\"https:\/\/theteachableproject.org\/resources\/access-to-success\/student-self-advocacy\/#breadcrumb\"},\"inLanguage\":\"fr-CA\",\"potentialAction\":[{\"@type\":\"ReadAction\",\"target\":[\"https:\/\/theteachableproject.org\/resources\/access-to-success\/student-self-advocacy\/\"]}]},{\"@type\":\"BreadcrumbList\",\"@id\":\"https:\/\/theteachableproject.org\/resources\/access-to-success\/student-self-advocacy\/#breadcrumb\",\"itemListElement\":[{\"@type\":\"ListItem\",\"position\":1,\"name\":\"Home\",\"item\":\"https:\/\/theteachableproject.org\/fr-ca\/\"},{\"@type\":\"ListItem\",\"position\":2,\"name\":\"Resources\",\"item\":\"https:\/\/theteachableproject.org\/resources\/\"},{\"@type\":\"ListItem\",\"position\":3,\"name\":\"Access to Success\",\"item\":\"https:\/\/theteachableproject.org\/resources\/access-to-success\/\"},{\"@type\":\"ListItem\",\"position\":4,\"name\":\"Student Self-Advocacy\"}]},{\"@type\":\"WebSite\",\"@id\":\"https:\/\/theteachableproject.org\/fr-ca\/#website\",\"url\":\"https:\/\/theteachableproject.org\/fr-ca\/\",\"name\":\"The Teachable Project\",\"description\":\"The Teachable Project\",\"potentialAction\":[{\"@type\":\"SearchAction\",\"target\":{\"@type\":\"EntryPoint\",\"urlTemplate\":\"https:\/\/theteachableproject.org\/fr-ca\/?s={search_term_string}\"},\"query-input\":\"required name=search_term_string\"}],\"inLanguage\":\"fr-CA\"}]}<\/script>\n<!-- \/ Yoast SEO plugin. -->","yoast_head_json":{"title":"Student Self-Advocacy - The Teachable Project","robots":{"index":"index","follow":"follow","max-snippet":"max-snippet:-1","max-image-preview":"max-image-preview:large","max-video-preview":"max-video-preview:-1"},"canonical":"https:\/\/theteachableproject.org\/fr-ca\/resources\/access-to-success\/student-self-advocacy\/","og_locale":"fr_CA","og_type":"article","og_title":"Student Self-Advocacy - The Teachable Project","og_description":"ResourcesResourceStudent Self-Advocacy\u00a0[PDF]Navigation Previous PD Module: Accessibility Awareness for Classroom-based Staff Next Classroom Climate: Transition Pathways1 : Planning2 : Esprit sur3 : Action4 : ConsolidationThere will always be scope to improveIndicator: Students are self-aware and are advocates for their rights and needs. Our School Environment How do we ensure that our school activities promote character development [&hellip;]","og_url":"https:\/\/theteachableproject.org\/fr-ca\/resources\/access-to-success\/student-self-advocacy\/","og_site_name":"The Teachable Project","article_modified_time":"2021-10-28T16:02:38+00:00","og_image":[{"url":"http:\/\/theteachableproject.org\/wp-content\/uploads\/2021\/09\/chalkboard1.jpg"}],"twitter_card":"summary_large_image","twitter_misc":{"Estimation du temps de lecture":"7 minutes"},"schema":{"@context":"https:\/\/schema.org","@graph":[{"@type":"WebPage","@id":"https:\/\/theteachableproject.org\/resources\/access-to-success\/student-self-advocacy\/","url":"https:\/\/theteachableproject.org\/resources\/access-to-success\/student-self-advocacy\/","name":"Student Self-Advocacy - The Teachable Project","isPartOf":{"@id":"https:\/\/theteachableproject.org\/fr-ca\/#website"},"datePublished":"2021-09-03T18:22:34+00:00","dateModified":"2021-10-28T16:02:38+00:00","breadcrumb":{"@id":"https:\/\/theteachableproject.org\/resources\/access-to-success\/student-self-advocacy\/#breadcrumb"},"inLanguage":"fr-CA","potentialAction":[{"@type":"ReadAction","target":["https:\/\/theteachableproject.org\/resources\/access-to-success\/student-self-advocacy\/"]}]},{"@type":"BreadcrumbList","@id":"https:\/\/theteachableproject.org\/resources\/access-to-success\/student-self-advocacy\/#breadcrumb","itemListElement":[{"@type":"ListItem","position":1,"name":"Home","item":"https:\/\/theteachableproject.org\/fr-ca\/"},{"@type":"ListItem","position":2,"name":"Resources","item":"https:\/\/theteachableproject.org\/resources\/"},{"@type":"ListItem","position":3,"name":"Access to Success","item":"https:\/\/theteachableproject.org\/resources\/access-to-success\/"},{"@type":"ListItem","position":4,"name":"Student Self-Advocacy"}]},{"@type":"WebSite","@id":"https:\/\/theteachableproject.org\/fr-ca\/#website","url":"https:\/\/theteachableproject.org\/fr-ca\/","name":"The Teachable Project","description":"The Teachable Project","potentialAction":[{"@type":"SearchAction","target":{"@type":"EntryPoint","urlTemplate":"https:\/\/theteachableproject.org\/fr-ca\/?s={search_term_string}"},"query-input":"required name=search_term_string"}],"inLanguage":"fr-CA"}]}},"_links":{"self":[{"href":"https:\/\/theteachableproject.org\/fr-ca\/wp-json\/wp\/v2\/pages\/1498"}],"collection":[{"href":"https:\/\/theteachableproject.org\/fr-ca\/wp-json\/wp\/v2\/pages"}],"about":[{"href":"https:\/\/theteachableproject.org\/fr-ca\/wp-json\/wp\/v2\/types\/page"}],"author":[{"embeddable":true,"href":"https:\/\/theteachableproject.org\/fr-ca\/wp-json\/wp\/v2\/users\/3"}],"replies":[{"embeddable":true,"href":"https:\/\/theteachableproject.org\/fr-ca\/wp-json\/wp\/v2\/comments?post=1498"}],"version-history":[{"count":0,"href":"https:\/\/theteachableproject.org\/fr-ca\/wp-json\/wp\/v2\/pages\/1498\/revisions"}],"up":[{"embeddable":true,"href":"https:\/\/theteachableproject.org\/fr-ca\/wp-json\/wp\/v2\/pages\/1147"}],"wp:attachment":[{"href":"https:\/\/theteachableproject.org\/fr-ca\/wp-json\/wp\/v2\/media?parent=1498"}],"wp:term":[{"taxonomy":"wf_page_folders","embeddable":true,"href":"https:\/\/theteachableproject.org\/fr-ca\/wp-json\/wp\/v2\/wf_page_folders?post=1498"}],"curies":[{"name":"wp","href":"https:\/\/api.w.org\/{rel}","templated":true}]}}