{"id":1430,"date":"2021-09-03T11:59:23","date_gmt":"2021-09-03T15:59:23","guid":{"rendered":"https:\/\/teachable-wp.oesc-cseo.org\/?page_id=1430"},"modified":"2021-11-01T12:35:03","modified_gmt":"2021-11-01T16:35:03","slug":"introduction-to-accessibility","status":"publish","type":"page","link":"https:\/\/theteachableproject.org\/fr-ca\/resources\/access-to-success\/introduction-to-accessibility\/","title":{"rendered":"Introduction \u00e0 l\u2019accessibilit\u00e9"},"content":{"rendered":"<p>[et_pb_section fb_built=&#8221;1&#8243; specialty=&#8221;on&#8221; padding_top_bottom_link_1=&#8221;false&#8221; padding_left_right_link_1=&#8221;false&#8221; module_class=&#8221;ttp-lp-sidebar&#8221; _builder_version=&#8221;4.9.11&#8243; _module_preset=&#8221;default&#8221; width=&#8221;100%&#8221; inner_width=&#8221;100%&#8221; locked=&#8221;off&#8221; global_colors_info=&#8221;{}&#8221;][et_pb_column type=&#8221;1_4&#8243; _builder_version=&#8221;3.25&#8243; custom_padding=&#8221;|||&#8221; global_colors_info=&#8221;{}&#8221; custom_padding__hover=&#8221;|||&#8221;][et_pb_text _builder_version=&#8221;4.9.11&#8243; _module_preset=&#8221;default&#8221; custom_css_before=&#8221;content: &#8216;\u261a&#8217;;||position: absolute;||margin-left: -20px;&#8221; custom_css_main_element=&#8221;margin-left: 20px;&#8221; global_colors_info=&#8221;{}&#8221;]<a href=\"https:\/\/theteachableproject.org\/fr-ca\/resources\/\" title=\"Retour aux ressources\">Ressources<\/a>[\/et_pb_text][et_pb_text module_id=&#8221;toc&#8221; _builder_version=&#8221;4.9.11&#8243; _module_preset=&#8221;default&#8221; header_font=&#8221;|700||on|||||&#8221; header_font_size=&#8221;38px&#8221; header_2_font=&#8221;|600|||||||&#8221; header_2_text_align=&#8221;left&#8221; header_2_font_size=&#8221;34px&#8221; header_3_font=&#8221;|600|||||||&#8221; header_3_font_size=&#8221;30px&#8221; header_4_font=&#8221;|600|||||||&#8221; header_4_font_size=&#8221;26px&#8221; header_5_font=&#8221;|600|||||||&#8221; header_5_font_size=&#8221;22px&#8221; header_6_font=&#8221;|600|||||||&#8221; header_6_font_size=&#8221;20px&#8221; custom_margin=&#8221;||0px||false|true&#8221; custom_margin_tablet=&#8221;0px||0px||false|true&#8221; custom_margin_last_edited=&#8221;off|desktop&#8221; custom_padding=&#8221;||||false|true&#8221; text_font_size_tablet=&#8221;&#8221; text_font_size_phone=&#8221;22px&#8221; text_font_size_last_edited=&#8221;on|desktop&#8221; header_2_font_size_tablet=&#8221;22px&#8221; header_2_font_size_phone=&#8221;16px&#8221; header_2_font_size_last_edited=&#8221;on|phone&#8221; global_colors_info=&#8221;{}&#8221;]<\/p>\n<h2>Ressource<\/h2>\n<p>[\/et_pb_text][et_pb_image src=&#8221;http:\/\/theteachableproject.org\/wp-content\/uploads\/2021\/09\/preview_e2c5df19026ac30344a044cf6d1fd0a91-232&#215;300.jpg&#8221; alt=&#8221;Image of Introduction to Accessibility cover&#8221; title_text=&#8221;preview_e2c5df19026ac30344a044cf6d1fd0a9%911%93&#8243; url=&#8221;\/wp-content\/uploads\/2021\/09\/mainpdffile_intro_accessibility_en.pdf&#8221; url_new_window=&#8221;on&#8221; align=&#8221;center&#8221; admin_label=&#8221;Image (EN)&#8221; module_class=&#8221;en-only&#8221; _builder_version=&#8221;4.9.11&#8243; _module_preset=&#8221;default&#8221; max_height=&#8221;200px&#8221; custom_margin=&#8221;||0px||false|false&#8221; custom_css_main_element=&#8221;display:none;&#8221; global_colors_info=&#8221;{}&#8221;][\/et_pb_image][et_pb_image src=&#8221;http:\/\/theteachableproject.org\/wp-content\/uploads\/2021\/09\/preview_a42b9b397ff64b817942538fa3a787821-232&#215;300.jpg&#8221; alt=&#8221;Image of Introduction \u00e0 l\u2019accessibilit\u00e9 cover&#8221; title_text=&#8221;preview_a42b9b397ff64b817942538fa3a78782%911%93&#8243; url=&#8221;\/wp-content\/uploads\/2021\/09\/mainpdffile_intro_accessibility_fr.pdf&#8221; url_new_window=&#8221;on&#8221; align=&#8221;center&#8221; admin_label=&#8221;Image (FR)&#8221; module_class=&#8221;fr-only&#8221; _builder_version=&#8221;4.9.11&#8243; _module_preset=&#8221;default&#8221; max_height=&#8221;200px&#8221; custom_margin=&#8221;||0px||false|false&#8221; custom_css_main_element=&#8221;display:none;&#8221; global_colors_info=&#8221;{}&#8221;][\/et_pb_image][et_pb_text _builder_version=&#8221;4.10.7&#8243; _module_preset=&#8221;default&#8221; global_colors_info=&#8221;{}&#8221;]<a href=\"\/wp-content\/uploads\/2021\/09\/mainpdffile_intro_accessibility_fr.pdf\" title=\"T\u00e9l\u00e9charger Introduction \u00e0 l\u2019accessibilit\u00e9\" target=\"_blank\" rel=\"noopener\">Introduction \u00e0 l\u2019accessibilit\u00e9<\/a>\u00a0<strong>&#032;[PDF]<\/strong>[\/et_pb_text][et_pb_text _builder_version=&#8221;4.10.7&#8243; _module_preset=&#8221;default&#8221; header_font=&#8221;|700||on|||||&#8221; header_font_size=&#8221;38px&#8221; header_2_font=&#8221;|600|||||||&#8221; header_2_text_align=&#8221;left&#8221; header_2_font_size=&#8221;34px&#8221; header_3_font=&#8221;|600|||||||&#8221; header_3_font_size=&#8221;30px&#8221; header_4_font=&#8221;|600|||||||&#8221; header_4_font_size=&#8221;26px&#8221; header_5_font=&#8221;|600|||||||&#8221; header_5_font_size=&#8221;22px&#8221; header_6_font=&#8221;|600|||||||&#8221; header_6_font_size=&#8221;20px&#8221; custom_margin=&#8221;15px|0px||0px|false|true&#8221; custom_margin_tablet=&#8221;0px||0px||false|true&#8221; custom_margin_phone=&#8221;&#8221; custom_margin_last_edited=&#8221;on|phone&#8221; custom_padding=&#8221;|0px||0px|false|true&#8221; text_font_size_tablet=&#8221;&#8221; text_font_size_phone=&#8221;22px&#8221; text_font_size_last_edited=&#8221;on|desktop&#8221; header_2_font_size_tablet=&#8221;22px&#8221; header_2_font_size_phone=&#8221;16px&#8221; header_2_font_size_last_edited=&#8221;on|phone&#8221; global_colors_info=&#8221;{}&#8221;]<\/p>\n<h2 style=\"text-align: left;\">Navigation<\/h2>\n<p style=\"text-align: right;\"><strong>Suivant<\/strong><br \/>\n<a  href=\"https:\/\/theteachableproject.org\/fr-ca\/resources\/access-to-success\/integrated-accessibility-standards-orientation\/\">Normes d\u2019accessibilit\u00e9 int\u00e9gr\u00e9es<\/a><\/p>\n<p>[\/et_pb_text][\/et_pb_column][et_pb_column type=&#8221;3_4&#8243; specialty_columns=&#8221;3&#8243; _builder_version=&#8221;3.25&#8243; custom_padding=&#8221;|||&#8221; global_colors_info=&#8221;{}&#8221; custom_padding__hover=&#8221;|||&#8221;][et_pb_row_inner _builder_version=&#8221;4.9.11&#8243; _module_preset=&#8221;default&#8221; global_colors_info=&#8221;{}&#8221;][et_pb_column_inner saved_specialty_column_type=&#8221;3_4&#8243; _builder_version=&#8221;4.9.11&#8243; _module_preset=&#8221;default&#8221; global_colors_info=&#8221;{}&#8221;][et_pb_post_title meta=&#8221;off&#8221; _builder_version=&#8221;4.9.11&#8243; _module_preset=&#8221;default&#8221; title_font=&#8221;|700|||||||&#8221; title_font_size=&#8221;42px&#8221; global_colors_info=&#8221;{}&#8221;][\/et_pb_post_title][et_pb_text _builder_version=&#8221;4.10.7&#8243; _module_preset=&#8221;default&#8221; header_font=&#8221;|700||on|||||&#8221; header_font_size=&#8221;38px&#8221; header_2_font=&#8221;|600||on|||||&#8221; header_2_text_align=&#8221;left&#8221; header_2_font_size=&#8221;34px&#8221; header_3_font=&#8221;|600|||||||&#8221; header_3_font_size=&#8221;30px&#8221; header_4_font=&#8221;|600|||||||&#8221; header_4_font_size=&#8221;26px&#8221; header_5_font=&#8221;|600|||||||&#8221; header_5_font_size=&#8221;22px&#8221; header_6_font=&#8221;|600|||||||&#8221; header_6_font_size=&#8221;20px&#8221; custom_margin=&#8221;15px|0px||0px|false|true&#8221; custom_margin_tablet=&#8221;0px||0px||false|true&#8221; custom_margin_phone=&#8221;&#8221; custom_margin_last_edited=&#8221;on|phone&#8221; custom_padding=&#8221;|0px||0px|false|true&#8221; text_font_size_tablet=&#8221;&#8221; text_font_size_phone=&#8221;22px&#8221; text_font_size_last_edited=&#8221;on|desktop&#8221; header_2_font_size_tablet=&#8221;22px&#8221; header_2_font_size_phone=&#8221;16px&#8221; header_2_font_size_last_edited=&#8221;on|phone&#8221; global_colors_info=&#8221;{}&#8221;]<\/p>\n<figure>\n<blockquote>\n<p>\u00ab Afin d\u2019\u00e9difier un monde dans lequel tout le monde est trait\u00e9 \u00e9quitablement et la contribution de chaque individu est appr\u00e9ci\u00e9e comme il se doit, nous d\u00e9fendons des valeurs qui nous font dire \u00e0 chaque \u00e9l\u00e8ve : \u00ab Ce que tu fais est important, et ce que tu ressens est important. Tu as ta place ici. \u00bb En tant qu\u2019\u00e9ducateurs, vous avez une occasion extraordinaire de contribuer \u00e0 b\u00e2tir ce genre de monde; vous pouvez amener tous vos \u00e9l\u00e8ves \u00e0 comprendre ce que signifie l\u2019accessibilit\u00e9, et comment elle permet d\u2019offrir des chances justes et \u00e9quitables \u00e0 tous et \u00e0 toutes, quelles que soient leurs capacit\u00e9s. \u00bb<\/p>\n<\/blockquote><figcaption>L\u2019honorable David C. Onley, 28<sup>e<\/sup> lieutenant-gouverneur de l\u2019Ontario<\/figcaption><\/figure>\n<p>Ces mots r\u00e9sument l\u2019esprit de la l\u00e9gislation sur l\u2019accessibilit\u00e9 et inspirent \u00e0 quiconque travaille aupr\u00e8s des enfants et des adolescents le d\u00e9sir de contribuer \u00e0 \u00e9difier une soci\u00e9t\u00e9 dans laquelle chaque personne a la possibilit\u00e9 de r\u00e9ussir.<\/p>\n<h2>Le continuum de sensibilisation \u00e0 l\u2019accessibilit\u00e9 : un outil de r\u00e9flexion<\/h2>\n<p>Le projet FormAcc\u00e8s repose sur le dynamisme des \u00e9quipes d\u2019\u00e9ducateurs. La sensibilisation \u00e0 l\u2019accessibilit\u00e9, en tant que partie int\u00e9grante de l\u2019apprentissage des \u00e9l\u00e8ves et du perfectionnement du personnel, est une \u00e9tape importante en vue de b\u00e2tir un monde enti\u00e8rement accessible.<\/p>\n<p class=\" translation-block\">En tant qu\u2019\u00e9l\u00e9ment principal d\u2019un module introductif de perfectionnement professionnel, nous avons \u00e9labor\u00e9 le <strong>Continuum de  sensibilisation \u00e0 l\u2019accessibilit\u00e9. <\/strong> Il s\u2019agit d\u2019un outil con\u00e7u pour vous amener \u00e0 r\u00e9fl\u00e9chir et \u00e0 discuter afin de d\u00e9terminer dans quelle mesure votre \u00e9cole est accessible, votre classe est accessible, et vos \u00e9l\u00e8ves sont conscients de ce qu\u2019il faut pour que le monde devienne enti\u00e8rement accessible. Cet outil peut vous aider \u00e0 tirer au clair :<\/p>\n<ul>\n<li>quelles sont vos croyances, vos attitudes et vos pratiques quant aux enjeux de l\u2019accessibilit\u00e9 dans votre programme-cadre et votre enseignement;<\/li>\n<li>comment la notion d\u2019accessibilit\u00e9 est int\u00e9gr\u00e9e dans le contexte de votre classe et dans les valeurs et opinions de vos \u00e9l\u00e8ves.<\/li>\n<\/ul>\n<p>La conception du Continuum de sensibilisation \u00e0 l\u2019accessibilit\u00e9 suit de tr\u00e8s pr\u00e8s celle du <em>Cadre d\u2019efficacit\u00e9 pour la r\u00e9ussite de chaque \u00e9l\u00e8ve \u00e0 l\u2019\u00e9cole de langue fran\u00e7aise (M-12)<\/em> et s\u2019inspire du cadre d\u00e9fini dans le document <span lang=\"en\"><em>Equity Continuum: Action for Critical Transformation in Schools and Classrooms<\/em><\/span>, produit par le <span lang=\"fr\">Centre for Urban Schooling<\/span> de l\u2019Institut d\u2019\u00e9tudes p\u00e9dagogiques de l\u2019Ontario. Les sujets abord\u00e9s dans le continuum sont conformes aux objectifs de sensibilisation \u00e0 l\u2019accessibilit\u00e9 et aux buts prioritaires en mati\u00e8re d\u2019\u00e9ducation d\u00e9finis par le gouvernement de l\u2019Ontario.<\/p>\n<p><strong>Avant tout, le Continuum de sensibilisation \u00e0 l\u2019accessibilit\u00e9 est un outil d\u2019apprentissage professionnel qui vise \u00e0 \u00e9tudier la question de l\u2019accessibilit\u00e9 et \u00e0 accro\u00eetre la sensibilisation. Il offre un moyen de d\u00e9crire les capacit\u00e9s actuelles et souhaitables. Il n\u2019est pas con\u00e7u \u00e0 des fins d\u2019\u00e9valuation.<\/strong><\/p>\n<h2>L\u2019apprentissage professionnel avec le Continuum de sensibilisation \u00e0 l\u2019accessibilit\u00e9<\/h2>\n<p>Le Continuum de sensibilisation \u00e0 l\u2019accessibilit\u00e9 est con\u00e7u pour \u00eatre utilis\u00e9 par des individus, des groupes d\u2019enseignantes et d\u2019enseignants constitu\u00e9s selon le niveau des \u00e9l\u00e8ves ou les mati\u00e8res enseign\u00e9es, des d\u00e9partements d\u2019\u00e9coles secondaires, l\u2019ensemble du personnel d\u2019une \u00e9cole ou le personnel d\u2019un groupe d\u2019\u00e9coles, dans le cadre d\u2019une journ\u00e9e p\u00e9dagogique. L\u2019apprentissage en groupe offre l\u2019occasion de participer \u00e0 des discussions int\u00e9ressantes, de travailler en collaboration et d\u2019\u00e9tablir des objectifs en mati\u00e8re d\u2019accessibilit\u00e9 pour vous-m\u00eame, votre classe ou votre \u00e9cole.<\/p>\n<p><strong>L\u2019exp\u00e9rience d\u2019apprentissage professionnel peut porter sur un ou plusieurs \u00e9l\u00e9ments du Continuum de sensibilisation \u00e0 l\u2019accessibilit\u00e9. Les domaines de r\u00e9flexion sont les suivants :<\/strong><\/p>\n<ul>\n<li>Promotion du changement<\/li>\n<li>\u00c9valuation<\/li>\n<li>Communications<\/li>\n<li>Enseignement en classe<\/li>\n<li>Ressources en classe<\/li>\n<li>Liens avec la communaut\u00e9<\/li>\n<li>Sorties \u00e9ducatives, activit\u00e9s scolaires et \u00e9v\u00e9nements sp\u00e9ciaux<\/li>\n<li>Milieu d\u2019apprentissage \u2013 Sentiment d\u2019appartenance et relations<\/li>\n<li>Transition vers le postsecondaire<\/li>\n<li>D\u00e9fense de leurs int\u00e9r\u00eats par les \u00e9l\u00e8ves<\/li>\n<li>Technologie<\/li>\n<\/ul>\n<p class=\" translation-block\">Chaque continuum contient des questions de r\u00e9flexion personnelle con\u00e7ues pour aider les membres du personnel \u00e0 d\u00e9terminer \u00e0 quel point du continuum leur milieu d\u2019apprentissage se situe et \u00e0 r\u00e9fl\u00e9chir aux changements qui s\u2019imposent et qu\u2019ils voudraient voir mis en \u0153uvre. Pour apporter certains de ces changements, ils pourront en sugg\u00e9rer l\u2019inclusion dans le plan d\u2019am\u00e9lioration de leur \u00e9cole, se pr\u00e9valoir des possibilit\u00e9s qu\u2019offrent les mod\u00e8les de plans de le\u00e7on du projet FormAcc\u00e8s, ou tirer parti de la longue liste de sources d\u2019information figurant dans la section <a href=\"http:\/\/teachable.opsba.org\/fr\/resources\/#accessibility\" target=\"_self\" role=\"link\">Accessibilit\u00e9+<\/a> du site Web du projet FormAcc\u00e8s.<\/p>\n<p class=\" translation-block\">Un objectif essentiel de la <strong>Loi de 2005 sur l\u2019accessibilit\u00e9 pour les personnes handicap\u00e9es de l\u2019Ontario<\/strong> consiste \u00e0 rendre l\u2019Ontario enti\u00e8rement accessible d\u2019ici 2025. Cela n\u00e9cessitera des changements positifs dans tous les aspects de nos vies et aura des effets importants sur l\u2019information et les communications, l\u2019emploi, le transport et notre environnement b\u00e2ti. Certains de ces changements s\u2019effectueront graduellement, les uns prenant appui sur les autres. C\u2019est pourquoi la conception du Continuum de sensibilisation \u00e0 l\u2019accessibilit\u00e9 laisse entrevoir que l\u2019am\u00e9lioration est un processus en \u00e9volution constante.<\/p>\n<p>Cet outil d\u2019apprentissage professionnel peut vous aider \u00e0 reconna\u00eetre les \u00e9carts entre ce que vous faites et ce que vous aimeriez faire. Il est pr\u00e9vu que les conclusions que vous tirerez de cette r\u00e9flexion vous motiveront \u00e0 apporter des changements et \u00e0 \u00e9laborer votre plan personnel afin d\u2019incarner plus efficacement les principes de l\u2019accessibilit\u00e9, de l\u2019\u00e9quit\u00e9 et de l\u2019\u00e9ducation inclusive. Un certain temps apr\u00e8s que vous aurez pris des mesures et mis en \u0153uvre votre plan, vous pourrez vous auto\u00e9valuer \u00e0 nouveau au moyen du Continuum de sensibilisation \u00e0 l\u2019accessibilit\u00e9, mesurer les changements que vous aurez apport\u00e9s et planifier les prochaines \u00e9tapes \u00e0 franchir.<\/p>\n<p>[\/et_pb_text][\/et_pb_column_inner][\/et_pb_row_inner][\/et_pb_column][\/et_pb_section]<\/p>","protected":false},"excerpt":{"rendered":"<p>ResourcesResourceIntroduction to Accessibility\u00a0[PDF]Navigation Next Integrated Accessibility Standards Orientation \u201cIn shaping a world where we plan for fairness for everyone, where we appreciate the contributions each individual makes, we are champions of the value that says to all students: \u2018What you do is important, how you feel is important. You belong.\u2019 As an educator you have [&hellip;]<\/p>","protected":false},"author":3,"featured_media":0,"parent":1147,"menu_order":1,"comment_status":"closed","ping_status":"closed","template":"","meta":{"_et_pb_use_builder":"on","_et_pb_old_content":"","_et_gb_content_width":"","footnotes":""},"wf_page_folders":[],"class_list":["post-1430","page","type-page","status-publish","hentry"],"yoast_head":"<!-- This site is optimized with the Yoast SEO plugin v22.0 - https:\/\/yoast.com\/wordpress\/plugins\/seo\/ -->\n<title>Introduction to Accessibility - The Teachable Project<\/title>\n<meta name=\"robots\" content=\"index, follow, max-snippet:-1, max-image-preview:large, max-video-preview:-1\" \/>\n<link rel=\"canonical\" href=\"https:\/\/theteachableproject.org\/fr-ca\/resources\/access-to-success\/introduction-to-accessibility\/\" \/>\n<meta property=\"og:locale\" content=\"fr_CA\" \/>\n<meta property=\"og:type\" content=\"article\" \/>\n<meta property=\"og:title\" content=\"Introduction to Accessibility - The Teachable Project\" \/>\n<meta property=\"og:description\" content=\"ResourcesResourceIntroduction to Accessibility\u00a0[PDF]Navigation Next Integrated Accessibility Standards Orientation \u201cIn shaping a world where we plan for fairness for everyone, where we appreciate the contributions each individual makes, we are champions of the value that says to all students: \u2018What you do is important, how you feel is important. You belong.\u2019 As an educator you have [&hellip;]\" \/>\n<meta property=\"og:url\" content=\"https:\/\/theteachableproject.org\/fr-ca\/resources\/access-to-success\/introduction-to-accessibility\/\" \/>\n<meta property=\"og:site_name\" content=\"The Teachable Project\" \/>\n<meta property=\"article:modified_time\" content=\"2021-11-01T16:35:03+00:00\" \/>\n<meta name=\"twitter:card\" content=\"summary_large_image\" \/>\n<meta name=\"twitter:label1\" content=\"Estimation du temps de lecture\" \/>\n\t<meta name=\"twitter:data1\" content=\"7 minutes\" \/>\n<script type=\"application\/ld+json\" class=\"yoast-schema-graph\">{\"@context\":\"https:\/\/schema.org\",\"@graph\":[{\"@type\":\"WebPage\",\"@id\":\"https:\/\/theteachableproject.org\/resources\/access-to-success\/introduction-to-accessibility\/\",\"url\":\"https:\/\/theteachableproject.org\/resources\/access-to-success\/introduction-to-accessibility\/\",\"name\":\"Introduction to Accessibility - The Teachable Project\",\"isPartOf\":{\"@id\":\"https:\/\/theteachableproject.org\/fr-ca\/#website\"},\"datePublished\":\"2021-09-03T15:59:23+00:00\",\"dateModified\":\"2021-11-01T16:35:03+00:00\",\"breadcrumb\":{\"@id\":\"https:\/\/theteachableproject.org\/resources\/access-to-success\/introduction-to-accessibility\/#breadcrumb\"},\"inLanguage\":\"fr-CA\",\"potentialAction\":[{\"@type\":\"ReadAction\",\"target\":[\"https:\/\/theteachableproject.org\/resources\/access-to-success\/introduction-to-accessibility\/\"]}]},{\"@type\":\"BreadcrumbList\",\"@id\":\"https:\/\/theteachableproject.org\/resources\/access-to-success\/introduction-to-accessibility\/#breadcrumb\",\"itemListElement\":[{\"@type\":\"ListItem\",\"position\":1,\"name\":\"Home\",\"item\":\"https:\/\/theteachableproject.org\/fr-ca\/\"},{\"@type\":\"ListItem\",\"position\":2,\"name\":\"Resources\",\"item\":\"https:\/\/theteachableproject.org\/resources\/\"},{\"@type\":\"ListItem\",\"position\":3,\"name\":\"Access to Success\",\"item\":\"https:\/\/theteachableproject.org\/resources\/access-to-success\/\"},{\"@type\":\"ListItem\",\"position\":4,\"name\":\"Introduction to Accessibility\"}]},{\"@type\":\"WebSite\",\"@id\":\"https:\/\/theteachableproject.org\/fr-ca\/#website\",\"url\":\"https:\/\/theteachableproject.org\/fr-ca\/\",\"name\":\"The Teachable Project\",\"description\":\"The Teachable Project\",\"potentialAction\":[{\"@type\":\"SearchAction\",\"target\":{\"@type\":\"EntryPoint\",\"urlTemplate\":\"https:\/\/theteachableproject.org\/fr-ca\/?s={search_term_string}\"},\"query-input\":\"required name=search_term_string\"}],\"inLanguage\":\"fr-CA\"}]}<\/script>\n<!-- \/ Yoast SEO plugin. -->","yoast_head_json":{"title":"Introduction to Accessibility - The Teachable Project","robots":{"index":"index","follow":"follow","max-snippet":"max-snippet:-1","max-image-preview":"max-image-preview:large","max-video-preview":"max-video-preview:-1"},"canonical":"https:\/\/theteachableproject.org\/fr-ca\/resources\/access-to-success\/introduction-to-accessibility\/","og_locale":"fr_CA","og_type":"article","og_title":"Introduction to Accessibility - The Teachable Project","og_description":"ResourcesResourceIntroduction to Accessibility\u00a0[PDF]Navigation Next Integrated Accessibility Standards Orientation \u201cIn shaping a world where we plan for fairness for everyone, where we appreciate the contributions each individual makes, we are champions of the value that says to all students: \u2018What you do is important, how you feel is important. You belong.\u2019 As an educator you have [&hellip;]","og_url":"https:\/\/theteachableproject.org\/fr-ca\/resources\/access-to-success\/introduction-to-accessibility\/","og_site_name":"The Teachable Project","article_modified_time":"2021-11-01T16:35:03+00:00","twitter_card":"summary_large_image","twitter_misc":{"Estimation du temps de lecture":"7 minutes"},"schema":{"@context":"https:\/\/schema.org","@graph":[{"@type":"WebPage","@id":"https:\/\/theteachableproject.org\/resources\/access-to-success\/introduction-to-accessibility\/","url":"https:\/\/theteachableproject.org\/resources\/access-to-success\/introduction-to-accessibility\/","name":"Introduction to Accessibility - The Teachable Project","isPartOf":{"@id":"https:\/\/theteachableproject.org\/fr-ca\/#website"},"datePublished":"2021-09-03T15:59:23+00:00","dateModified":"2021-11-01T16:35:03+00:00","breadcrumb":{"@id":"https:\/\/theteachableproject.org\/resources\/access-to-success\/introduction-to-accessibility\/#breadcrumb"},"inLanguage":"fr-CA","potentialAction":[{"@type":"ReadAction","target":["https:\/\/theteachableproject.org\/resources\/access-to-success\/introduction-to-accessibility\/"]}]},{"@type":"BreadcrumbList","@id":"https:\/\/theteachableproject.org\/resources\/access-to-success\/introduction-to-accessibility\/#breadcrumb","itemListElement":[{"@type":"ListItem","position":1,"name":"Home","item":"https:\/\/theteachableproject.org\/fr-ca\/"},{"@type":"ListItem","position":2,"name":"Resources","item":"https:\/\/theteachableproject.org\/resources\/"},{"@type":"ListItem","position":3,"name":"Access to Success","item":"https:\/\/theteachableproject.org\/resources\/access-to-success\/"},{"@type":"ListItem","position":4,"name":"Introduction to Accessibility"}]},{"@type":"WebSite","@id":"https:\/\/theteachableproject.org\/fr-ca\/#website","url":"https:\/\/theteachableproject.org\/fr-ca\/","name":"The Teachable Project","description":"The Teachable Project","potentialAction":[{"@type":"SearchAction","target":{"@type":"EntryPoint","urlTemplate":"https:\/\/theteachableproject.org\/fr-ca\/?s={search_term_string}"},"query-input":"required name=search_term_string"}],"inLanguage":"fr-CA"}]}},"_links":{"self":[{"href":"https:\/\/theteachableproject.org\/fr-ca\/wp-json\/wp\/v2\/pages\/1430"}],"collection":[{"href":"https:\/\/theteachableproject.org\/fr-ca\/wp-json\/wp\/v2\/pages"}],"about":[{"href":"https:\/\/theteachableproject.org\/fr-ca\/wp-json\/wp\/v2\/types\/page"}],"author":[{"embeddable":true,"href":"https:\/\/theteachableproject.org\/fr-ca\/wp-json\/wp\/v2\/users\/3"}],"replies":[{"embeddable":true,"href":"https:\/\/theteachableproject.org\/fr-ca\/wp-json\/wp\/v2\/comments?post=1430"}],"version-history":[{"count":0,"href":"https:\/\/theteachableproject.org\/fr-ca\/wp-json\/wp\/v2\/pages\/1430\/revisions"}],"up":[{"embeddable":true,"href":"https:\/\/theteachableproject.org\/fr-ca\/wp-json\/wp\/v2\/pages\/1147"}],"wp:attachment":[{"href":"https:\/\/theteachableproject.org\/fr-ca\/wp-json\/wp\/v2\/media?parent=1430"}],"wp:term":[{"taxonomy":"wf_page_folders","embeddable":true,"href":"https:\/\/theteachableproject.org\/fr-ca\/wp-json\/wp\/v2\/wf_page_folders?post=1430"}],"curies":[{"name":"wp","href":"https:\/\/api.w.org\/{rel}","templated":true}]}}