{"id":2594,"date":"2021-09-09T11:55:05","date_gmt":"2021-09-09T15:55:05","guid":{"rendered":"https:\/\/teachable-wp.oesc-cseo.org\/?page_id=2594"},"modified":"2021-11-04T13:04:03","modified_gmt":"2021-11-04T17:04:03","slug":"videos-sur-laccessibilite","status":"publish","type":"page","link":"http:\/\/theteachableproject.org\/fr-ca\/resources\/accessibility\/videos-sur-laccessibilite\/","title":{"rendered":"Vid\u00e9os sur l\u2019accessibilit\u00e9"},"content":{"rendered":"<p>[et_pb_section fb_built=&#8221;1&#8243; specialty=&#8221;on&#8221; padding_top_bottom_link_1=&#8221;false&#8221; padding_left_right_link_1=&#8221;false&#8221; module_class=&#8221;ttp-lp-sidebar&#8221; _builder_version=&#8221;4.9.11&#8243; _module_preset=&#8221;default&#8221; width=&#8221;100%&#8221; inner_width=&#8221;100%&#8221; locked=&#8221;off&#8221; global_colors_info=&#8221;{}&#8221;][et_pb_column type=&#8221;1_4&#8243; _builder_version=&#8221;3.25&#8243; custom_padding=&#8221;|||&#8221; global_colors_info=&#8221;{}&#8221; custom_padding__hover=&#8221;|||&#8221;][et_pb_text _builder_version=&#8221;4.9.11&#8243; _module_preset=&#8221;default&#8221; custom_css_before=&#8221;content: &#8216;\u261a&#8217;;||position: absolute;||margin-left: -20px;&#8221; custom_css_main_element=&#8221;margin-left: 20px;&#8221; global_colors_info=&#8221;{}&#8221;]<\/p>\n<p><a href=\"http:\/\/theteachableproject.org\/fr-ca\/resources\/accessibility\/\" title=\"Back to Accessibility+\">Accessibilit\u00e9+<\/a><\/p>\n<p>[\/et_pb_text][et_pb_text module_id=&#8221;toc&#8221; _builder_version=&#8221;4.10.7&#8243; _module_preset=&#8221;default&#8221; header_font=&#8221;|700||on|||||&#8221; header_font_size=&#8221;38px&#8221; header_2_font=&#8221;|600|||||||&#8221; header_2_text_align=&#8221;left&#8221; header_2_font_size=&#8221;34px&#8221; header_3_font=&#8221;|600|||||||&#8221; header_3_font_size=&#8221;30px&#8221; header_4_font=&#8221;|600|||||||&#8221; header_4_font_size=&#8221;26px&#8221; header_5_font=&#8221;|600|||||||&#8221; header_5_font_size=&#8221;22px&#8221; header_6_font=&#8221;|600|||||||&#8221; header_6_font_size=&#8221;20px&#8221; custom_margin=&#8221;15px|0px||0px|false|true&#8221; custom_margin_tablet=&#8221;0px||0px||false|true&#8221; custom_margin_phone=&#8221;&#8221; custom_margin_last_edited=&#8221;on|phone&#8221; custom_padding=&#8221;|0px||0px|false|true&#8221; text_font_size_tablet=&#8221;&#8221; text_font_size_phone=&#8221;22px&#8221; text_font_size_last_edited=&#8221;on|desktop&#8221; header_2_font_size_tablet=&#8221;22px&#8221; header_2_font_size_phone=&#8221;16px&#8221; header_2_font_size_last_edited=&#8221;on|phone&#8221; global_colors_info=&#8221;{}&#8221;]<\/p>\n<h2 style=\"text-align: left;\">Navigation<\/h2>\n<p style=\"text-align: right;\"><strong>Pr\u00e9c\u00e9dent<\/strong><br \/>\n<a href=\"\/fr-ca\/resources\/accessibility\/livres-sur-laccessibilite-pour-les-enfants-et-les-adolescents\/\">Livres sur l&#8217;accessibilit\u00e9 pour les enfants et les adolescents<\/a><\/p>\n<p style=\"text-align: right;\"><strong>Suivant<\/strong><br \/>\n<a href=\"\/fr-ca\/resources\/accessibility\/ressources-disponibles-sur-le-site-web-du-ministere-de-leducation-de-lontario\/\">Ressources disponibles sur le site Web du minist\u00e8re de l\u2019\u00e9ducation de l\u2019Ontario<\/a><\/p>\n<p>[\/et_pb_text][\/et_pb_column][et_pb_column type=&#8221;3_4&#8243; specialty_columns=&#8221;3&#8243; _builder_version=&#8221;3.25&#8243; custom_padding=&#8221;|||&#8221; global_colors_info=&#8221;{}&#8221; custom_padding__hover=&#8221;|||&#8221;][et_pb_row_inner _builder_version=&#8221;4.9.11&#8243; _module_preset=&#8221;default&#8221; global_colors_info=&#8221;{}&#8221;][et_pb_column_inner saved_specialty_column_type=&#8221;3_4&#8243; _builder_version=&#8221;4.9.11&#8243; _module_preset=&#8221;default&#8221; global_colors_info=&#8221;{}&#8221;][et_pb_post_title meta=&#8221;off&#8221; _builder_version=&#8221;4.9.11&#8243; _module_preset=&#8221;default&#8221; title_font=&#8221;|700|||||||&#8221; title_font_size=&#8221;42px&#8221; global_colors_info=&#8221;{}&#8221;][\/et_pb_post_title][et_pb_text _builder_version=&#8221;4.10.7&#8243; _module_preset=&#8221;default&#8221; header_font=&#8221;|700||on|||||&#8221; header_font_size=&#8221;38px&#8221; header_2_font=&#8221;|600||on|||||&#8221; header_2_text_align=&#8221;left&#8221; header_2_font_size=&#8221;34px&#8221; header_3_font=&#8221;|600|||||||&#8221; header_3_font_size=&#8221;30px&#8221; header_4_font=&#8221;|600|||||||&#8221; header_4_font_size=&#8221;26px&#8221; header_5_font=&#8221;|600|||||||&#8221; header_5_font_size=&#8221;22px&#8221; header_6_font=&#8221;|600|||||||&#8221; header_6_font_size=&#8221;20px&#8221; custom_margin=&#8221;15px|0px||0px|false|true&#8221; custom_margin_tablet=&#8221;0px||0px||false|true&#8221; custom_margin_phone=&#8221;&#8221; custom_margin_last_edited=&#8221;on|phone&#8221; custom_padding=&#8221;|0px||0px|false|true&#8221; text_font_size_tablet=&#8221;&#8221; text_font_size_phone=&#8221;22px&#8221; text_font_size_last_edited=&#8221;on|desktop&#8221; header_2_font_size_tablet=&#8221;22px&#8221; header_2_font_size_phone=&#8221;16px&#8221; header_2_font_size_last_edited=&#8221;on|phone&#8221; global_colors_info=&#8221;{}&#8221;]<\/p>\n<h2><strong>COMIT\u00c9 PARALYMPIQUE CANADIEN<\/strong><\/h2>\n<p>Ce site Web offre un survol des Jeux paralympiques et de l\u2019e\u0301quipe paralympique canadienne.<\/p>\n<ul class=\"ttp-col-list\">\n<li><strong>Format :<\/strong> Ressource en ligne<\/li>\n<li><strong>Public :<\/strong> Enseignants, parents, enfants<\/li>\n<li><strong>Sujet :<\/strong> Les Jeux paralympiques<\/li>\n<li><strong>Source : <\/strong><a href=\"https:\/\/paralympique.ca\/\" target=\"_blank\" rel=\"noopener\">https:\/\/paralympique.ca<\/a><\/li>\n<\/ul>\n<h2>J\u2019ai Des Amis<\/h2>\n<p>A\u0300 l\u2019heure actuelle, tre\u0300s peu de ressources existent pour aider les personnes pre\u0301sentant une de\u0301ficience intellectuelle a\u0300 non seulement apprendre a\u0300 propos de l\u2019amitie\u0301, mais aussi a\u0300 tisser des liens d\u2019amitie\u0301 durables. Le programme J\u2019ai des amis cherche a\u0300 re\u0301unir de jeunes adultes ayant une de\u0301ficience intellectuelle avec les membres de leurs communaute\u0301s afin de cre\u0301er des liens d\u2019amitie\u0301 durables. Le site Web pour le programme J\u2019ai des amis comprend des ressources pour les jeunes adultes, leurs familles ainsi que pour les enseignants et les enseignantes.<\/p>\n<ul class=\"ttp-col-list\">\n<li><strong>Date :<\/strong> 2009<\/li>\n<li><strong>Format :<\/strong> Ressource en ligne<\/li>\n<li><strong>Public :<\/strong> Enseignants, parents, enfants<\/li>\n<li><strong>Sujet :<\/strong> L\u2019inclusion pour les adolescents ayant une de\u0301ficience intellectuelle<\/li>\n<li><strong>Source :<\/strong> <a title=\"L\u2019Arche\/J\u2019ai des amis La source\" href=\"http:\/\/www.jai-des-amis.ca\/\" target=\"_blank\" rel=\"noopener noreferrer\">http:\/\/www.jai-des-amis.ca\/<\/a><\/li>\n<\/ul>\n<p>[\/et_pb_text][et_pb_video src=&#8221;https:\/\/www.youtube.com\/watch?v=vB_40CYzfrc&#8221; _builder_version=&#8221;4.9.11&#8243; _module_preset=&#8221;default&#8221; global_colors_info=&#8221;{}&#8221;][\/et_pb_video][et_pb_text _builder_version=&#8221;4.10.7&#8243; _module_preset=&#8221;default&#8221; header_font=&#8221;|700||on|||||&#8221; header_font_size=&#8221;38px&#8221; header_2_font=&#8221;|600||on|||||&#8221; header_2_text_align=&#8221;left&#8221; header_2_font_size=&#8221;34px&#8221; header_3_font=&#8221;|600|||||||&#8221; header_3_font_size=&#8221;30px&#8221; header_4_font=&#8221;|600|||||||&#8221; header_4_font_size=&#8221;26px&#8221; header_5_font=&#8221;|600|||||||&#8221; header_5_font_size=&#8221;22px&#8221; header_6_font=&#8221;|600|||||||&#8221; header_6_font_size=&#8221;20px&#8221; custom_margin=&#8221;15px|0px||0px|false|true&#8221; custom_margin_tablet=&#8221;0px||0px||false|true&#8221; custom_margin_phone=&#8221;&#8221; custom_margin_last_edited=&#8221;on|phone&#8221; custom_padding=&#8221;|0px||0px|false|true&#8221; text_font_size_tablet=&#8221;&#8221; text_font_size_phone=&#8221;22px&#8221; text_font_size_last_edited=&#8221;on|desktop&#8221; header_2_font_size_tablet=&#8221;22px&#8221; header_2_font_size_phone=&#8221;16px&#8221; header_2_font_size_last_edited=&#8221;on|phone&#8221; global_colors_info=&#8221;{}&#8221;]<\/p>\n<h2><strong>LA <em>CHARTE CANADIENNE DES DROITS ET LIBERT\u00c9S<\/em> EN R\u00c9SUM\u00c9 <\/strong><\/h2>\n<p>Ce site explique la Charte de mani\u00e8re simple et concise. Les enseignants et enseignantes y trouveront e\u0301galement des guides d\u2019enseignement pour les e\u0301le\u0300ves de la 7<sup>e<\/sup> a\u0300 la 12<sup>e<\/sup> anne\u0301e.<\/p>\n<ul class=\"ttp-col-list\">\n<li><strong>Format :<\/strong> Ressource en ligne<\/li>\n<li><strong>Public :<\/strong> Enseignants, parents, enfants<\/li>\n<li><strong>Sujet :<\/strong> Les droits de la personne au Canada<\/li>\n<li><strong>Source : <\/strong><a href=\"https:\/\/ojen.ca\/fr\/resource\/en-resume-charte-canadienne-des-droits-et-libertes\" target=\"_blank\" rel=\"noopener\">https:\/\/ojen.ca\/fr\/resource\/en-resume-charte-canadienne-des-droits-et-libertes<\/a><\/li>\n<\/ul>\n<h2>La D\u00e9claration Des Droits De L\u2019Homme Illustr\u00e9e<\/h2>\n<p>La De\u0301claration universelle des droits de l\u2019homme a e\u0301te\u0301 re\u0301dige\u0301e par l\u2019Organisation des Nations Unies a\u0300 l\u2019issue de la deuxie\u0300me guerre mondiale, le 10 de\u0301cembre 1948. TV5MONDE, en partenariat avec Cartooning For Peace, vous propose de de\u0301couvrir les droits de l\u2019homme e\u0301nonce\u0301s dans cette De\u0301claration sous un autre jour. Les 30 articles sont illustre\u0301s par un dessinateur de presse.<\/p>\n<p>C\u2019est l\u2019occasion de d\u00e9couvrir les droits de l\u2019homme et leurs the\u0300mes varie\u0301s &#8211; liberte\u0301, e\u0301galite\u0301, dignite\u0301, e\u0301ducation &#8211; a\u0300 travers la vision pleine d\u2019humour et d\u2019irre\u0301ve\u0301rence des dessinateurs de presse, tels Plantu, Chappatte, Glez, Wiaz Boligan et bien d\u2019autres.<\/p>\n<ul class=\"ttp-col-list\">\n<li><strong>Format :<\/strong> Ressource en ligne<\/li>\n<li><strong>Public :<\/strong> Enseignants, parents, enfants<\/li>\n<li><strong>Sujet :<\/strong> La D\u00e9claration des droits de l\u2019homme<\/li>\n<li><strong>Source : <\/strong><a href=\"http:\/\/www.tv5monde.com\/cms\/chaine-francophone\/Tous-les-dossiers\/cultures\/La-Declaration-des-Droits-de-l-Homme-illustree\/Articles\/p-19134-Article-1.htm\" target=\"_blank\" rel=\"noopener\">http:\/\/www.tv5monde.com\/cms\/chaine-francophone\/Tous-les-dossiers\/cultures\/La-Declaration-des-Droits-de-l-Homme-illustree\/Articles\/p-19134-Article-1.htm<\/a><\/li>\n<\/ul>\n<h2>Le Tournoi<\/h2>\n<p>[\/et_pb_text][et_pb_code _builder_version=&#8221;4.9.11&#8243; _module_preset=&#8221;default&#8221; max_width=&#8221;680px&#8221; global_colors_info=&#8221;{}&#8221;]<\/p>\n<div class=\"iframe-container\"><!-- [et_pb_line_break_holder] -->  <iframe loading=\"lazy\" src=\"https:\/\/www.onf.ca\/film\/tournoi\/embed\/player\/\" width=\"680\" height=\"383\" frameborder=\"0\" allowfullscreen=\"true\" webkitallowfullscreen=\"true\" mozallowfullscreen=\"true\"><\/iframe><!-- [et_pb_line_break_holder] --><\/div>\n<p><!-- [et_pb_line_break_holder] --><pee><a href=\"https:\/\/www.onf.ca\/film\/tournoi\/\" target=\"_blank\" rel=\"noopener\"><em>Le tournoi<\/em><\/a><span>, <\/span><a href=\"https:\/\/www.onf.ca\/cineastes\/francine-desbiens\/\" title=\"plus de films par  Francine Desbiens\" target=\"_blank\" rel=\"noopener\"><span>Francine Desbiens<\/span><\/a><span>, <\/span><a href=\"https:\/\/www.onf.ca\" target=\"_blank\" rel=\"noopener\">offert par l&#8217;Office national du film du Canada<\/a><\/pee>[\/et_pb_code][et_pb_text _builder_version=&#8221;4.10.7&#8243; _module_preset=&#8221;default&#8221; header_font=&#8221;|700||on|||||&#8221; header_font_size=&#8221;38px&#8221; header_2_font=&#8221;|600||on|||||&#8221; header_2_text_align=&#8221;left&#8221; header_2_font_size=&#8221;34px&#8221; header_3_font=&#8221;|600|||||||&#8221; header_3_font_size=&#8221;30px&#8221; header_4_font=&#8221;|600|||||||&#8221; header_4_font_size=&#8221;26px&#8221; header_5_font=&#8221;|600|||||||&#8221; header_5_font_size=&#8221;22px&#8221; header_6_font=&#8221;|600|||||||&#8221; header_6_font_size=&#8221;20px&#8221; custom_margin=&#8221;15px|0px||0px|false|true&#8221; custom_margin_tablet=&#8221;0px||0px||false|true&#8221; custom_margin_phone=&#8221;&#8221; custom_margin_last_edited=&#8221;on|phone&#8221; custom_padding=&#8221;|0px||0px|false|true&#8221; hover_enabled=&#8221;0&#8243; text_font_size_tablet=&#8221;&#8221; text_font_size_phone=&#8221;22px&#8221; text_font_size_last_edited=&#8221;on|desktop&#8221; header_2_font_size_tablet=&#8221;22px&#8221; header_2_font_size_phone=&#8221;16px&#8221; header_2_font_size_last_edited=&#8221;on|phone&#8221; global_colors_info=&#8221;{}&#8221; sticky_enabled=&#8221;0&#8243;]<\/p>\n<p>Amen\u00e9e \u00e0 se mesurer \u00e0 un gar\u00e7on de son \u00e2ge lors d\u2019un tournoi d\u2019\u00e9checs, une jeune fille sourde reste insensible aux fanfaronnades de son adversaire tandis qu\u2019elle r\u00e9pond avec gentillesse aux attentions d\u2019un po\u00e8te. Inspir\u00e9 par l\u2019article 23 de la Convention des Nations Unies relative aux droits de l\u2019enfant, ce film illustre le droit de l\u2019enfant handicap\u00e9 \u00e0 une vie pleine et d\u00e9cente.<\/p>\n<ul class=\"ttp-col-list\">\n<li><strong>Date :<\/strong> 1995<\/li>\n<li><strong>\u00c9diteur :<\/strong> Office national du film du Canada<\/li>\n<li><strong>Format :<\/strong> Vid\u00e9o<\/li>\n<li><strong>Public :<\/strong> Enseignants, parents, enfants<\/li>\n<li><strong>Sujet :<\/strong> La surdit\u00e9<\/li>\n<li><strong>Source :<\/strong> <a title=\"Le tournoi La source\" href=\"https:\/\/www.onf.ca\/film\/tournoi\/\" target=\"_blank\" rel=\"noopener noreferrer\">https:\/\/www.onf.ca\/film\/tournoi\/<\/a><\/li>\n<\/ul>\n<ul class=\"ttp-col-list\"><\/ul>\n<ul class=\"ttp-col-list\"><\/ul>\n<ul class=\"ttp-col-list\"><\/ul>\n<h2>Martin Deschamps<\/h2>\n<p>Martin Deschamps est un musicien que\u0301be\u0301cois qui a perdu sa jambe droite. Il conna\u00eet pre\u0301sentement beaucoup de succe\u0300s dans le Canada franc\u0327ais. Il a e\u0301te\u0301 invite\u0301 a\u0300 participer au spectacle d\u2019ouverture des Jeux paralympiques de Vancouver en 2010.<\/p>\n<ul class=\"ttp-col-list\">\n<li><strong>Format :<\/strong> Ressource en ligne<\/li>\n<li><strong>Public :<\/strong> Enseignants, parents, enfants<\/li>\n<li><strong>Sujet :<\/strong> Le handicap physique dans le milieu musical<\/li>\n<li><strong>Source :<\/strong> <a title=\"Martin Deschamps La source\" href=\"http:\/\/www.martindeschamps.com\/\" target=\"_blank\" rel=\"noopener noreferrer\">http:\/\/www.martindeschamps.com\/<\/a><\/li>\n<\/ul>\n<h2><strong>MICHEL COURTEMANCHE : L\u2019HOMME QUI FAISAIT DES GRIMACES <\/strong><\/h2>\n<p>Ce documentaire raconte descente aux enfers, mais aussi la re\u0301habilitation de l\u2019humoriste qui a conquis le Que\u0301bec et la France a\u0300 la vitesse de l\u2019e\u0301clair au de\u0301but des anne\u0301es 90.<\/p>\n<ul class=\"ttp-col-list\">\n<li><strong>Format :<\/strong> Ressource en ligne<\/li>\n<li><strong>Public :<\/strong> Enseignants, parents, enfants<\/li>\n<li><strong>Sujet :<\/strong> La maladie mentale<\/li>\n<li><strong>Source : <\/strong><a href=\"https:\/\/vimeo.com\/42005291\" target=\"_blank\" rel=\"noopener\">https:\/\/vimeo.com\/42005291<\/a><\/li>\n<\/ul>\n<ul class=\"ttp-col-list\"><\/ul>\n<h2><strong>OFFICE NATIONAL DU FILM : VID\u00c9OS SUR LES PERSONNES HANDICAP\u00c9ES <\/strong><\/h2>\n<p>Le site Web de l\u2019ONF offre des vide\u0301os portant sur les diffe\u0301rents types de handicaps. Les vide\u0301os sont divise\u0301es sous les sujets suivants : artistes handicap\u00e9s, d\u00e9ficience auditive, d\u00e9ficience esth\u00e9tique, de\u0301ficience mentale ou intellectuelle, de\u0301ficience physique, de\u0301ficience visuelle, enfants handicape\u0301s, femmes handicape\u0301es, int\u00e9gration, jeunes handicap\u00e9s, lieux et transports adapt\u00e9s, loisirs, m\u00e9tiers et travail, mode de vie, personnes ampute\u0301es, portraits, relations interpersonnelles, services sociaux, soins et r\u00e9adaptation, vie familiale. Ces vide\u0301os sont offertes gratuitement sur le site de l\u2019ONF et les enseignants et enseignantes peuvent aussi les te\u0301le\u0301charger lorsqu&#8217;ils ou elles cre\u0301ent un compte payant (24,95 $ par anne\u0301e). Les enseignants et enseignantes ont aussi acce\u0300s a\u0300 plusieurs outils pe\u0301dagogiques lorsqu&#8217;ils ou elles cre\u0301ent leur compte.<\/p>\n<ul class=\"ttp-col-list\">\n<li><strong>Format :<\/strong> Ressource en ligne, vid\u00e9os<\/li>\n<li><strong>Public :<\/strong> Enseignants, parents, enfants<\/li>\n<li><strong>Sujet :<\/strong> Diff\u00e9rents handicaps, soins et r\u00e9adaptation<\/li>\n<li><strong>Source :<\/strong> <a title=\"L\u2019Office national du film, films portant sur les personnes handicap\u00e9es La source\" href=\"https:\/\/www.onf.ca\/sujets\/personnes-handicapees\/\" target=\"_blank\" rel=\"noopener noreferrer\"> https:\/\/www.onf.ca\/sujets\/personnes-handicapees\/<\/a><\/li>\n<\/ul>\n<h2>Une Question De Capacit\u00e9s : Explication De La Convention Relative Aux Droits Des Personnes Handicap\u00e9s<\/h2>\n<p>Cette vid\u00e9o de l\u2019ONU explique la Convention relative aux droits des personnes handicap\u00e9es en termes simples.<\/p>\n<ul class=\"ttp-col-list\">\n<li><strong>Format :<\/strong> PDF<\/li>\n<li><strong>Public :<\/strong> Enseignants, parents, enfants<\/li>\n<li><strong>Sujet :<\/strong> Les droits des personnes handicape\u0301es<\/li>\n<li><strong>Source : <\/strong><a href=\"https:\/\/www.unicef.org\/morocco\/recits\/une-question-de-capacit%C3%A9s\" target=\"_blank\" rel=\"noopener\">https:\/\/www.unicef.org\/morocco\/recits\/une-question-de-capacit%C3%A9s<\/a><\/li>\n<\/ul>\n<ul class=\"ttp-col-list\"><\/ul>\n<p>[\/et_pb_text][et_pb_video _builder_version=&#8221;4.9.11&#8243; _module_preset=&#8221;default&#8221; global_colors_info=&#8221;{}&#8221;][\/et_pb_video][\/et_pb_column_inner][\/et_pb_row_inner][\/et_pb_column][\/et_pb_section]<\/p>","protected":false},"excerpt":{"rendered":"<p>Accessibility+Navigation Pr\u00e9c\u00e9dent Livres sur l&#8217;accessibilit\u00e9 pour les enfants et les adolescents Suivant Ressources disponibles sur le site Web du minist\u00e8re de l\u2019\u00e9ducation de l\u2019OntarioCOMIT\u00c9 PARALYMPIQUE CANADIEN Ce site Web offre un survol des Jeux paralympiques et de l\u2019e\u0301quipe paralympique canadienne. Format : Ressource en ligne Public : Enseignants, parents, enfants Sujet : Les Jeux paralympiques [&hellip;]<\/p>","protected":false},"author":3,"featured_media":0,"parent":1132,"menu_order":102,"comment_status":"closed","ping_status":"closed","template":"","meta":{"_et_pb_use_builder":"on","_et_pb_old_content":"","_et_gb_content_width":"","footnotes":""},"wf_page_folders":[],"class_list":["post-2594","page","type-page","status-publish","hentry"],"yoast_head":"<!-- This site is optimized with the Yoast SEO plugin v22.0 - https:\/\/yoast.com\/wordpress\/plugins\/seo\/ -->\n<title>Vid\u00e9os sur l\u2019accessibilit\u00e9 - The Teachable Project<\/title>\n<meta name=\"robots\" content=\"index, follow, max-snippet:-1, max-image-preview:large, max-video-preview:-1\" \/>\n<link rel=\"canonical\" href=\"http:\/\/theteachableproject.org\/fr-ca\/resources\/accessibility\/videos-sur-laccessibilite\/\" \/>\n<meta property=\"og:locale\" content=\"fr_CA\" \/>\n<meta property=\"og:type\" content=\"article\" \/>\n<meta property=\"og:title\" content=\"Vid\u00e9os sur l\u2019accessibilit\u00e9 - The Teachable Project\" \/>\n<meta property=\"og:description\" content=\"Accessibility+Navigation Pr\u00e9c\u00e9dent Livres sur l&#039;accessibilit\u00e9 pour les enfants et les adolescents Suivant Ressources disponibles sur le site Web du minist\u00e8re de l\u2019\u00e9ducation de l\u2019OntarioCOMIT\u00c9 PARALYMPIQUE CANADIEN Ce site Web offre un survol des Jeux paralympiques et de l\u2019e\u0301quipe paralympique canadienne. Format : Ressource en ligne Public : Enseignants, parents, enfants Sujet : Les Jeux paralympiques [&hellip;]\" \/>\n<meta property=\"og:url\" content=\"http:\/\/theteachableproject.org\/fr-ca\/resources\/accessibility\/videos-sur-laccessibilite\/\" \/>\n<meta property=\"og:site_name\" content=\"The Teachable Project\" \/>\n<meta property=\"article:modified_time\" content=\"2021-11-04T17:04:03+00:00\" \/>\n<meta name=\"twitter:card\" content=\"summary_large_image\" \/>\n<meta name=\"twitter:label1\" content=\"Estimation du temps de lecture\" \/>\n\t<meta name=\"twitter:data1\" content=\"8 minutes\" \/>\n<script type=\"application\/ld+json\" class=\"yoast-schema-graph\">{\"@context\":\"https:\/\/schema.org\",\"@graph\":[{\"@type\":\"WebPage\",\"@id\":\"https:\/\/theteachableproject.org\/resources\/accessibility\/videos-sur-laccessibilite\/\",\"url\":\"https:\/\/theteachableproject.org\/resources\/accessibility\/videos-sur-laccessibilite\/\",\"name\":\"Vid\u00e9os sur l\u2019accessibilit\u00e9 - The Teachable Project\",\"isPartOf\":{\"@id\":\"https:\/\/theteachableproject.org\/fr-ca\/#website\"},\"datePublished\":\"2021-09-09T15:55:05+00:00\",\"dateModified\":\"2021-11-04T17:04:03+00:00\",\"breadcrumb\":{\"@id\":\"https:\/\/theteachableproject.org\/resources\/accessibility\/videos-sur-laccessibilite\/#breadcrumb\"},\"inLanguage\":\"fr-CA\",\"potentialAction\":[{\"@type\":\"ReadAction\",\"target\":[\"https:\/\/theteachableproject.org\/resources\/accessibility\/videos-sur-laccessibilite\/\"]}]},{\"@type\":\"BreadcrumbList\",\"@id\":\"https:\/\/theteachableproject.org\/resources\/accessibility\/videos-sur-laccessibilite\/#breadcrumb\",\"itemListElement\":[{\"@type\":\"ListItem\",\"position\":1,\"name\":\"Home\",\"item\":\"https:\/\/theteachableproject.org\/fr-ca\/\"},{\"@type\":\"ListItem\",\"position\":2,\"name\":\"Resources\",\"item\":\"https:\/\/theteachableproject.org\/resources\/\"},{\"@type\":\"ListItem\",\"position\":3,\"name\":\"Accessibility+\",\"item\":\"https:\/\/theteachableproject.org\/resources\/accessibility\/\"},{\"@type\":\"ListItem\",\"position\":4,\"name\":\"Vid\u00e9os sur l\u2019accessibilit\u00e9\"}]},{\"@type\":\"WebSite\",\"@id\":\"https:\/\/theteachableproject.org\/fr-ca\/#website\",\"url\":\"https:\/\/theteachableproject.org\/fr-ca\/\",\"name\":\"The Teachable Project\",\"description\":\"The Teachable Project\",\"potentialAction\":[{\"@type\":\"SearchAction\",\"target\":{\"@type\":\"EntryPoint\",\"urlTemplate\":\"https:\/\/theteachableproject.org\/fr-ca\/?s={search_term_string}\"},\"query-input\":\"required name=search_term_string\"}],\"inLanguage\":\"fr-CA\"}]}<\/script>\n<!-- \/ Yoast SEO plugin. -->","yoast_head_json":{"title":"Vid\u00e9os sur l\u2019accessibilit\u00e9 - The Teachable Project","robots":{"index":"index","follow":"follow","max-snippet":"max-snippet:-1","max-image-preview":"max-image-preview:large","max-video-preview":"max-video-preview:-1"},"canonical":"http:\/\/theteachableproject.org\/fr-ca\/resources\/accessibility\/videos-sur-laccessibilite\/","og_locale":"fr_CA","og_type":"article","og_title":"Vid\u00e9os sur l\u2019accessibilit\u00e9 - The Teachable Project","og_description":"Accessibility+Navigation Pr\u00e9c\u00e9dent Livres sur l'accessibilit\u00e9 pour les enfants et les adolescents Suivant Ressources disponibles sur le site Web du minist\u00e8re de l\u2019\u00e9ducation de l\u2019OntarioCOMIT\u00c9 PARALYMPIQUE CANADIEN Ce site Web offre un survol des Jeux paralympiques et de l\u2019e\u0301quipe paralympique canadienne. Format : Ressource en ligne Public : Enseignants, parents, enfants Sujet : Les Jeux paralympiques [&hellip;]","og_url":"http:\/\/theteachableproject.org\/fr-ca\/resources\/accessibility\/videos-sur-laccessibilite\/","og_site_name":"The Teachable Project","article_modified_time":"2021-11-04T17:04:03+00:00","twitter_card":"summary_large_image","twitter_misc":{"Estimation du temps de lecture":"8 minutes"},"schema":{"@context":"https:\/\/schema.org","@graph":[{"@type":"WebPage","@id":"https:\/\/theteachableproject.org\/resources\/accessibility\/videos-sur-laccessibilite\/","url":"https:\/\/theteachableproject.org\/resources\/accessibility\/videos-sur-laccessibilite\/","name":"Vid\u00e9os sur l\u2019accessibilit\u00e9 - The Teachable Project","isPartOf":{"@id":"https:\/\/theteachableproject.org\/fr-ca\/#website"},"datePublished":"2021-09-09T15:55:05+00:00","dateModified":"2021-11-04T17:04:03+00:00","breadcrumb":{"@id":"https:\/\/theteachableproject.org\/resources\/accessibility\/videos-sur-laccessibilite\/#breadcrumb"},"inLanguage":"fr-CA","potentialAction":[{"@type":"ReadAction","target":["https:\/\/theteachableproject.org\/resources\/accessibility\/videos-sur-laccessibilite\/"]}]},{"@type":"BreadcrumbList","@id":"https:\/\/theteachableproject.org\/resources\/accessibility\/videos-sur-laccessibilite\/#breadcrumb","itemListElement":[{"@type":"ListItem","position":1,"name":"Home","item":"https:\/\/theteachableproject.org\/fr-ca\/"},{"@type":"ListItem","position":2,"name":"Resources","item":"https:\/\/theteachableproject.org\/resources\/"},{"@type":"ListItem","position":3,"name":"Accessibility+","item":"https:\/\/theteachableproject.org\/resources\/accessibility\/"},{"@type":"ListItem","position":4,"name":"Vid\u00e9os sur l\u2019accessibilit\u00e9"}]},{"@type":"WebSite","@id":"https:\/\/theteachableproject.org\/fr-ca\/#website","url":"https:\/\/theteachableproject.org\/fr-ca\/","name":"The Teachable Project","description":"The Teachable Project","potentialAction":[{"@type":"SearchAction","target":{"@type":"EntryPoint","urlTemplate":"https:\/\/theteachableproject.org\/fr-ca\/?s={search_term_string}"},"query-input":"required name=search_term_string"}],"inLanguage":"fr-CA"}]}},"_links":{"self":[{"href":"http:\/\/theteachableproject.org\/fr-ca\/wp-json\/wp\/v2\/pages\/2594"}],"collection":[{"href":"http:\/\/theteachableproject.org\/fr-ca\/wp-json\/wp\/v2\/pages"}],"about":[{"href":"http:\/\/theteachableproject.org\/fr-ca\/wp-json\/wp\/v2\/types\/page"}],"author":[{"embeddable":true,"href":"http:\/\/theteachableproject.org\/fr-ca\/wp-json\/wp\/v2\/users\/3"}],"replies":[{"embeddable":true,"href":"http:\/\/theteachableproject.org\/fr-ca\/wp-json\/wp\/v2\/comments?post=2594"}],"version-history":[{"count":0,"href":"http:\/\/theteachableproject.org\/fr-ca\/wp-json\/wp\/v2\/pages\/2594\/revisions"}],"up":[{"embeddable":true,"href":"http:\/\/theteachableproject.org\/fr-ca\/wp-json\/wp\/v2\/pages\/1132"}],"wp:attachment":[{"href":"http:\/\/theteachableproject.org\/fr-ca\/wp-json\/wp\/v2\/media?parent=2594"}],"wp:term":[{"taxonomy":"wf_page_folders","embeddable":true,"href":"http:\/\/theteachableproject.org\/fr-ca\/wp-json\/wp\/v2\/wf_page_folders?post=2594"}],"curies":[{"name":"wp","href":"https:\/\/api.w.org\/{rel}","templated":true}]}}