{"id":1841,"date":"2021-09-07T14:03:20","date_gmt":"2021-09-07T18:03:20","guid":{"rendered":"https:\/\/teachable-wp.oesc-cseo.org\/?page_id=1841"},"modified":"2021-09-14T15:02:33","modified_gmt":"2021-09-14T19:02:33","slug":"contributors","status":"publish","type":"page","link":"http:\/\/theteachableproject.org\/fr-ca\/community\/contributors\/","title":{"rendered":"Cr\u00e9ateurs et conseillers"},"content":{"rendered":"<p>[et_pb_section fb_built=&#8221;1&#8243; _builder_version=&#8221;4.9.11&#8243; _module_preset=&#8221;default&#8221; global_colors_info=&#8221;{}&#8221; custom_padding=&#8221;||0px|||&#8221;][et_pb_row _builder_version=&#8221;4.9.11&#8243; _module_preset=&#8221;default&#8221; width=&#8221;100%&#8221; global_colors_info=&#8221;{}&#8221;][et_pb_column type=&#8221;4_4&#8243; _builder_version=&#8221;4.9.11&#8243; _module_preset=&#8221;default&#8221; global_colors_info=&#8221;{}&#8221;][et_pb_text _builder_version=&#8221;4.9.11&#8243; _module_preset=&#8221;default&#8221; global_colors_info=&#8221;{}&#8221;]<\/p>\n<p><span>Rencontrez l\u2019\u00e9quipe d\u2019\u00e9ducateurs ontariens responsables du projet TeachAble. Nous venons de tous les coins de l\u2019Ontario et de tous les r\u00e9seaux scolaires. Cr\u00e9er ce projet a \u00e9t\u00e9 une source d\u2019inspiration pour nous et nous savons qu\u2019il vous inspirera \u00e9galement.<\/span><\/p>\n<p>[\/et_pb_text][\/et_pb_column][\/et_pb_row][\/et_pb_section]<\/p>","protected":false},"excerpt":{"rendered":"<p>Rencontrez l\u2019\u00e9quipe d\u2019\u00e9ducateurs ontariens responsables du projet TeachAble. Nous venons de tous les coins de l\u2019Ontario et de tous les r\u00e9seaux scolaires. Cr\u00e9er ce projet a \u00e9t\u00e9 une source d\u2019inspiration pour nous et nous savons qu\u2019il vous inspirera \u00e9galement.<\/p>","protected":false},"author":3,"featured_media":0,"parent":611,"menu_order":0,"comment_status":"closed","ping_status":"closed","template":"","meta":{"_et_pb_use_builder":"on","_et_pb_old_content":"","_et_gb_content_width":"","footnotes":""},"wf_page_folders":[],"class_list":["post-1841","page","type-page","status-publish","hentry"],"yoast_head":"<!-- This site is optimized with the Yoast SEO plugin v22.0 - https:\/\/yoast.com\/wordpress\/plugins\/seo\/ -->\n<title>Creators &amp; Advisors - The Teachable Project<\/title>\n<meta name=\"robots\" content=\"index, follow, max-snippet:-1, max-image-preview:large, max-video-preview:-1\" \/>\n<link rel=\"canonical\" href=\"http:\/\/theteachableproject.org\/fr-ca\/community\/contributors\/\" \/>\n<meta property=\"og:locale\" content=\"fr_CA\" \/>\n<meta property=\"og:type\" content=\"article\" \/>\n<meta property=\"og:title\" content=\"Creators &amp; Advisors - The Teachable Project\" \/>\n<meta property=\"og:description\" content=\"Meet the team of Ontario educators responsible for the TeachAble Project. We are from every corner of Ontario and from every school system. Creating this project has been a source of inspiration for us and we know it will also inspire you.\" \/>\n<meta property=\"og:url\" content=\"http:\/\/theteachableproject.org\/fr-ca\/community\/contributors\/\" \/>\n<meta property=\"og:site_name\" content=\"The Teachable Project\" \/>\n<meta property=\"article:modified_time\" content=\"2021-09-14T19:02:33+00:00\" \/>\n<meta name=\"twitter:card\" content=\"summary_large_image\" \/>\n<meta name=\"twitter:label1\" content=\"Estimation du temps de lecture\" \/>\n\t<meta name=\"twitter:data1\" content=\"1 minute\" \/>\n<script type=\"application\/ld+json\" class=\"yoast-schema-graph\">{\"@context\":\"https:\/\/schema.org\",\"@graph\":[{\"@type\":\"WebPage\",\"@id\":\"https:\/\/theteachableproject.org\/community\/contributors\/\",\"url\":\"https:\/\/theteachableproject.org\/community\/contributors\/\",\"name\":\"Creators & Advisors - The Teachable Project\",\"isPartOf\":{\"@id\":\"https:\/\/theteachableproject.org\/fr-ca\/#website\"},\"datePublished\":\"2021-09-07T18:03:20+00:00\",\"dateModified\":\"2021-09-14T19:02:33+00:00\",\"breadcrumb\":{\"@id\":\"https:\/\/theteachableproject.org\/community\/contributors\/#breadcrumb\"},\"inLanguage\":\"fr-CA\",\"potentialAction\":[{\"@type\":\"ReadAction\",\"target\":[\"https:\/\/theteachableproject.org\/community\/contributors\/\"]}]},{\"@type\":\"BreadcrumbList\",\"@id\":\"https:\/\/theteachableproject.org\/community\/contributors\/#breadcrumb\",\"itemListElement\":[{\"@type\":\"ListItem\",\"position\":1,\"name\":\"Home\",\"item\":\"https:\/\/theteachableproject.org\/fr-ca\/\"},{\"@type\":\"ListItem\",\"position\":2,\"name\":\"Community\",\"item\":\"https:\/\/theteachableproject.org\/community\/\"},{\"@type\":\"ListItem\",\"position\":3,\"name\":\"Creators &#038; Advisors\"}]},{\"@type\":\"WebSite\",\"@id\":\"https:\/\/theteachableproject.org\/fr-ca\/#website\",\"url\":\"https:\/\/theteachableproject.org\/fr-ca\/\",\"name\":\"The Teachable Project\",\"description\":\"The Teachable Project\",\"potentialAction\":[{\"@type\":\"SearchAction\",\"target\":{\"@type\":\"EntryPoint\",\"urlTemplate\":\"https:\/\/theteachableproject.org\/fr-ca\/?s={search_term_string}\"},\"query-input\":\"required name=search_term_string\"}],\"inLanguage\":\"fr-CA\"}]}<\/script>\n<!-- \/ Yoast SEO plugin. -->","yoast_head_json":{"title":"Creators & Advisors - The Teachable Project","robots":{"index":"index","follow":"follow","max-snippet":"max-snippet:-1","max-image-preview":"max-image-preview:large","max-video-preview":"max-video-preview:-1"},"canonical":"http:\/\/theteachableproject.org\/fr-ca\/community\/contributors\/","og_locale":"fr_CA","og_type":"article","og_title":"Creators & Advisors - The Teachable Project","og_description":"Meet the team of Ontario educators responsible for the TeachAble Project. We are from every corner of Ontario and from every school system. Creating this project has been a source of inspiration for us and we know it will also inspire you.","og_url":"http:\/\/theteachableproject.org\/fr-ca\/community\/contributors\/","og_site_name":"The Teachable Project","article_modified_time":"2021-09-14T19:02:33+00:00","twitter_card":"summary_large_image","twitter_misc":{"Estimation du temps de lecture":"1 minute"},"schema":{"@context":"https:\/\/schema.org","@graph":[{"@type":"WebPage","@id":"https:\/\/theteachableproject.org\/community\/contributors\/","url":"https:\/\/theteachableproject.org\/community\/contributors\/","name":"Creators & Advisors - The Teachable Project","isPartOf":{"@id":"https:\/\/theteachableproject.org\/fr-ca\/#website"},"datePublished":"2021-09-07T18:03:20+00:00","dateModified":"2021-09-14T19:02:33+00:00","breadcrumb":{"@id":"https:\/\/theteachableproject.org\/community\/contributors\/#breadcrumb"},"inLanguage":"fr-CA","potentialAction":[{"@type":"ReadAction","target":["https:\/\/theteachableproject.org\/community\/contributors\/"]}]},{"@type":"BreadcrumbList","@id":"https:\/\/theteachableproject.org\/community\/contributors\/#breadcrumb","itemListElement":[{"@type":"ListItem","position":1,"name":"Home","item":"https:\/\/theteachableproject.org\/fr-ca\/"},{"@type":"ListItem","position":2,"name":"Community","item":"https:\/\/theteachableproject.org\/community\/"},{"@type":"ListItem","position":3,"name":"Creators &#038; Advisors"}]},{"@type":"WebSite","@id":"https:\/\/theteachableproject.org\/fr-ca\/#website","url":"https:\/\/theteachableproject.org\/fr-ca\/","name":"The Teachable Project","description":"The Teachable Project","potentialAction":[{"@type":"SearchAction","target":{"@type":"EntryPoint","urlTemplate":"https:\/\/theteachableproject.org\/fr-ca\/?s={search_term_string}"},"query-input":"required name=search_term_string"}],"inLanguage":"fr-CA"}]}},"_links":{"self":[{"href":"http:\/\/theteachableproject.org\/fr-ca\/wp-json\/wp\/v2\/pages\/1841"}],"collection":[{"href":"http:\/\/theteachableproject.org\/fr-ca\/wp-json\/wp\/v2\/pages"}],"about":[{"href":"http:\/\/theteachableproject.org\/fr-ca\/wp-json\/wp\/v2\/types\/page"}],"author":[{"embeddable":true,"href":"http:\/\/theteachableproject.org\/fr-ca\/wp-json\/wp\/v2\/users\/3"}],"replies":[{"embeddable":true,"href":"http:\/\/theteachableproject.org\/fr-ca\/wp-json\/wp\/v2\/comments?post=1841"}],"version-history":[{"count":0,"href":"http:\/\/theteachableproject.org\/fr-ca\/wp-json\/wp\/v2\/pages\/1841\/revisions"}],"up":[{"embeddable":true,"href":"http:\/\/theteachableproject.org\/fr-ca\/wp-json\/wp\/v2\/pages\/611"}],"wp:attachment":[{"href":"http:\/\/theteachableproject.org\/fr-ca\/wp-json\/wp\/v2\/media?parent=1841"}],"wp:term":[{"taxonomy":"wf_page_folders","embeddable":true,"href":"http:\/\/theteachableproject.org\/fr-ca\/wp-json\/wp\/v2\/wf_page_folders?post=1841"}],"curies":[{"name":"wp","href":"https:\/\/api.w.org\/{rel}","templated":true}]}}